{"id":428,"date":"2023-06-16T14:38:47","date_gmt":"2023-06-16T12:38:47","guid":{"rendered":"http:\/\/aw.acronia.de\/?page_id=428"},"modified":"2026-04-10T17:42:58","modified_gmt":"2026-04-10T15:42:58","slug":"hoerspielwiese","status":"publish","type":"page","link":"https:\/\/auerworld-festival.de\/en\/hoerspielwiese\/","title":{"rendered":"H\u00f6rspielwiese"},"content":{"rendered":"\n[et_pb_section fb_built=&#8220;1&#8243; admin_label=&#8220;Sektion&#8220; module_class=&#8220;awf-header&#8220; _builder_version=&#8220;4.27.4&#8243; _module_preset=&#8220;default&#8220; background_image=&#8220;https:\/\/auerworld-festival.de\/wp-content\/uploads\/Hoerspielwiese-2.webp&#8220; locked=&#8220;off&#8220; global_colors_info=&#8220;{}&#8220;][et_pb_row _builder_version=&#8220;4.27.4&#8243; _module_preset=&#8220;default&#8220; global_colors_info=&#8220;{}&#8220;][et_pb_column type=&#8220;4_4&#8243; _builder_version=&#8220;4.27.4&#8243; _module_preset=&#8220;default&#8220; global_colors_info=&#8220;{}&#8220;][et_pb_heading title=&#8220;H\u00f6rspielwiese&#8220; admin_label=&#8220;\u00dcberschrift H1&#8243; _builder_version=&#8220;4.27.4&#8243; _module_preset=&#8220;default&#8220; global_colors_info=&#8220;{}&#8220;][\/et_pb_heading][et_pb_heading title=&#8220;F\u00fcr alle Ohren&#8220; _builder_version=&#8220;4.27.4&#8243; _module_preset=&#8220;default&#8220; title_level=&#8220;h2&#8243; global_colors_info=&#8220;{}&#8220;][\/et_pb_heading][\/et_pb_column][\/et_pb_row][\/et_pb_section][et_pb_section fb_built=&#8220;1&#8243; custom_padding_last_edited=&#8220;on|phone&#8220; _builder_version=&#8220;4.21.0&#8243; _module_preset=&#8220;default&#8220; custom_padding=&#8220;14px||||false|false&#8220; custom_padding_tablet=&#8220;14px||||false|false&#8220; custom_padding_phone=&#8220;7px||||false|false&#8220; global_colors_info=&#8220;{}&#8220;][et_pb_row _builder_version=&#8220;4.27.4&#8243; _module_preset=&#8220;default&#8220; global_colors_info=&#8220;{}&#8220;][et_pb_column type=&#8220;4_4&#8243; _builder_version=&#8220;4.27.4&#8243; _module_preset=&#8220;default&#8220; global_colors_info=&#8220;{}&#8220;][et_pb_text _builder_version=&#8220;4.27.4&#8243; _module_preset=&#8220;default&#8220; global_colors_info=&#8220;{}&#8220;]<p dir=\"auto\">Wir laden euch herzlich ein, die magische Atmosph\u00e4re unserer H\u00f6rspielwiese zu genie\u00dfen. Hier erwarten euch nicht nur eine Vielzahl von fesselnden H\u00f6rspielen, sondern auch eine Auswahl an unterhaltsamen H\u00f6rb\u00fcchern, die f\u00fcr jeden Geschmack etwas bereithalten. Ob spannende Geschichten, die euch in ferne Welten entf\u00fchren, oder zeitlose M\u00e4rchen, die Jung und Alt begeistern \u2013 bei uns ist f\u00fcr jeden etwas dabei.<\/p>\n<p dir=\"auto\">Zus\u00e4tzlich bieten wir euch feinste Ambiente Musik, die euch hilft, zur Ruhe zu kommen und neue Energie zu tanken. Lasst den Alltag hinter euch und taucht ein in eine Welt voller Kl\u00e4nge und Geschichten.<\/p>[\/et_pb_text][et_pb_text _builder_version=&#8220;4.27.4&#8243; _module_preset=&#8220;default&#8220; hover_enabled=&#8220;0&#8243; global_colors_info=&#8220;{}&#8220; sticky_enabled=&#8220;0&#8243;]<p>Wir freuen uns darauf, euch in dieser magischen Welt begr\u00fc\u00dfen zu d\u00fcrfen!<\/p>[\/et_pb_text][\/et_pb_column][\/et_pb_row][et_pb_row _builder_version=&#8220;4.27.4&#8243; _module_preset=&#8220;default&#8220; global_colors_info=&#8220;{}&#8220;][et_pb_column type=&#8220;4_4&#8243; _builder_version=&#8220;4.27.4&#8243; _module_preset=&#8220;default&#8220; global_colors_info=&#8220;{}&#8220;][et_pb_heading title=&#8220;Programm der H\u00f6rspielwiese&#8220; _builder_version=&#8220;4.27.4&#8243; _module_preset=&#8220;default&#8220; title_level=&#8220;h2&#8243; global_colors_info=&#8220;{}&#8220;][\/et_pb_heading][et_pb_code _builder_version=&#8220;4.27.4&#8243; _module_preset=&#8220;default&#8220; global_colors_info=&#8220;{}&#8220;]<iframe loading=\"lazy\" src=\"https:\/\/hoerspielwiese.de\/\" width=\"100%\" height=\"950px\" frameborder=\"0\"><!-- [et_pb_line_break_holder] -->  <pee>Dein Browser unterst\u00fctzt keine Iframes. Du kannst die Seite stattdessen \u00fcber den folgenden Link besuchen: <a href=\"https:\/\/hoerspielwiese.de\/\">H\u00f6rspielwiese<\/a>.<\/pee><!-- [et_pb_line_break_holder] --><\/iframe>[\/et_pb_code][et_pb_text _builder_version=&#8220;4.27.4&#8243; _module_preset=&#8220;default&#8220; hover_enabled=&#8220;0&#8243; global_colors_info=&#8220;{}&#8220; sticky_enabled=&#8220;0&#8243;]<p dir=\"auto\">Besucht die Website, um den detaillierten Spielplan einzusehen und mehr \u00fcber die verschiedenen Angebote zu erfahren.<\/p>[\/et_pb_text][et_pb_button button_url=&#8220;https:\/\/hoerspielwiese.de\/&#8220; url_new_window=&#8220;on&#8220; button_text=&#8220;Zum Spielplan&#8220; button_alignment=&#8220;center&#8220; _builder_version=&#8220;4.27.4&#8243; _module_preset=&#8220;default&#8220; custom_button=&#8220;on&#8220; button_icon=&#8220;&#xf35d;||fa||900&#8243; button_on_hover=&#8220;off&#8220; hover_enabled=&#8220;0&#8243; global_colors_info=&#8220;{}&#8220; sticky_enabled=&#8220;0&#8243;][\/et_pb_button][\/et_pb_column][\/et_pb_row][\/et_pb_section]\n","protected":false},"excerpt":{"rendered":"<p>Wir laden euch herzlich ein, die magische Atmosph\u00e4re unserer H\u00f6rspielwiese zu genie\u00dfen. Hier erwarten euch nicht nur eine Vielzahl von fesselnden H\u00f6rspielen, sondern auch eine Auswahl an unterhaltsamen H\u00f6rb\u00fcchern, die f\u00fcr jeden Geschmack etwas bereithalten. Ob spannende Geschichten, die euch in ferne Welten entf\u00fchren, oder zeitlose M\u00e4rchen, die Jung und Alt begeistern \u2013 bei uns [&hellip;]<\/p>\n","protected":false},"author":2,"featured_media":2562,"parent":0,"menu_order":0,"comment_status":"closed","ping_status":"closed","template":"","meta":{"_et_pb_use_builder":"on","_et_pb_old_content":"","_et_gb_content_width":"","footnotes":""},"folder":[29],"class_list":["post-428","page","type-page","status-publish","has-post-thumbnail","hentry"],"yoast_head":"<!-- This site is optimized with the Yoast SEO plugin v27.3 - https:\/\/yoast.com\/product\/yoast-seo-wordpress\/ -->\n<title>H\u00f6rspielwiese - Auerworld Festival<\/title>\n<meta name=\"description\" content=\"In magischer Atmosph\u00e4re auf unserer H\u00f6rspielwiese eine Vielzahl von fesselnden H\u00f6rspielen und unterhaltsamen H\u00f6rb\u00fcchern genie\u00dfen.\" \/>\n<meta name=\"robots\" content=\"index, follow, max-snippet:-1, max-image-preview:large, max-video-preview:-1\" \/>\n<link rel=\"canonical\" href=\"https:\/\/auerworld-festival.de\/en\/hoerspielwiese\/\" \/>\n<meta property=\"og:locale\" content=\"en_GB\" \/>\n<meta property=\"og:type\" content=\"article\" \/>\n<meta property=\"og:title\" content=\"H\u00f6rspielwiese\" \/>\n<meta property=\"og:description\" content=\"In magischer Atmosph\u00e4re auf unserer H\u00f6rspielwiese eine Vielzahl von fesselnden H\u00f6rspielen und unterhaltsamen H\u00f6rb\u00fcchern genie\u00dfen.\" \/>\n<meta property=\"og:url\" content=\"https:\/\/auerworld-festival.de\/en\/hoerspielwiese\/\" \/>\n<meta property=\"og:site_name\" content=\"Auerworld Festival\" \/>\n<meta property=\"article:publisher\" content=\"https:\/\/www.facebook.com\/auerworld.festival\/\" \/>\n<meta property=\"article:modified_time\" content=\"2026-04-10T15:42:58+00:00\" \/>\n<meta property=\"og:image\" content=\"https:\/\/auerworld-festival.de\/wp-content\/uploads\/Hoerspielwiese.webp\" \/>\n\t<meta property=\"og:image:width\" content=\"2560\" \/>\n\t<meta property=\"og:image:height\" content=\"1707\" \/>\n\t<meta property=\"og:image:type\" content=\"image\/webp\" \/>\n<meta name=\"twitter:card\" content=\"summary_large_image\" \/>\n<meta name=\"twitter:title\" content=\"H\u00f6rspielwiese\" \/>\n<meta name=\"twitter:description\" content=\"In magischer Atmosph\u00e4re auf unserer H\u00f6rspielwiese eine Vielzahl von fesselnden H\u00f6rspielen und unterhaltsamen H\u00f6rb\u00fcchern genie\u00dfen.\" \/>\n<meta name=\"twitter:image\" content=\"https:\/\/auerworld-festival.de\/wp-content\/uploads\/Hoerspielwiese.webp\" \/>\n<meta name=\"twitter:label1\" content=\"Estimated reading time\" \/>\n\t<meta name=\"twitter:data1\" content=\"2 minutes\" \/>\n<script type=\"application\/ld+json\" class=\"yoast-schema-graph\">{\"@context\":\"https:\\\/\\\/schema.org\",\"@graph\":[{\"@type\":\"WebPage\",\"@id\":\"https:\\\/\\\/auerworld-festival.de\\\/hoerspielwiese\\\/\",\"url\":\"https:\\\/\\\/auerworld-festival.de\\\/hoerspielwiese\\\/\",\"name\":\"H\u00f6rspielwiese - Auerworld Festival\",\"isPartOf\":{\"@id\":\"https:\\\/\\\/auerworld-festival.de\\\/#website\"},\"primaryImageOfPage\":{\"@id\":\"https:\\\/\\\/auerworld-festival.de\\\/hoerspielwiese\\\/#primaryimage\"},\"image\":{\"@id\":\"https:\\\/\\\/auerworld-festival.de\\\/hoerspielwiese\\\/#primaryimage\"},\"thumbnailUrl\":\"https:\\\/\\\/auerworld-festival.de\\\/wp-content\\\/uploads\\\/Hoerspielwiese.webp\",\"datePublished\":\"2023-06-16T12:38:47+00:00\",\"dateModified\":\"2026-04-10T15:42:58+00:00\",\"description\":\"In magischer Atmosph\u00e4re auf unserer H\u00f6rspielwiese eine Vielzahl von fesselnden H\u00f6rspielen und unterhaltsamen H\u00f6rb\u00fcchern genie\u00dfen.\",\"breadcrumb\":{\"@id\":\"https:\\\/\\\/auerworld-festival.de\\\/hoerspielwiese\\\/#breadcrumb\"},\"inLanguage\":\"en-GB\",\"potentialAction\":[{\"@type\":\"ReadAction\",\"target\":[\"https:\\\/\\\/auerworld-festival.de\\\/hoerspielwiese\\\/\"]}]},{\"@type\":\"ImageObject\",\"inLanguage\":\"en-GB\",\"@id\":\"https:\\\/\\\/auerworld-festival.de\\\/hoerspielwiese\\\/#primaryimage\",\"url\":\"https:\\\/\\\/auerworld-festival.de\\\/wp-content\\\/uploads\\\/Hoerspielwiese.webp\",\"contentUrl\":\"https:\\\/\\\/auerworld-festival.de\\\/wp-content\\\/uploads\\\/Hoerspielwiese.webp\",\"width\":2560,\"height\":1707,\"caption\":\"H\u00f6rspielwiese\"},{\"@type\":\"BreadcrumbList\",\"@id\":\"https:\\\/\\\/auerworld-festival.de\\\/hoerspielwiese\\\/#breadcrumb\",\"itemListElement\":[{\"@type\":\"ListItem\",\"position\":1,\"name\":\"Start\",\"item\":\"https:\\\/\\\/auerworld-festival.de\\\/\"},{\"@type\":\"ListItem\",\"position\":2,\"name\":\"H\u00f6rspielwiese\"}]},{\"@type\":\"WebSite\",\"@id\":\"https:\\\/\\\/auerworld-festival.de\\\/#website\",\"url\":\"https:\\\/\\\/auerworld-festival.de\\\/\",\"name\":\"Auerworld Festival\",\"description\":\"Tanzen unter Weiden\",\"publisher\":{\"@id\":\"https:\\\/\\\/auerworld-festival.de\\\/#organization\"},\"potentialAction\":[{\"@type\":\"SearchAction\",\"target\":{\"@type\":\"EntryPoint\",\"urlTemplate\":\"https:\\\/\\\/auerworld-festival.de\\\/?s={search_term_string}\"},\"query-input\":{\"@type\":\"PropertyValueSpecification\",\"valueRequired\":true,\"valueName\":\"search_term_string\"}}],\"inLanguage\":\"en-GB\"},{\"@type\":\"Organization\",\"@id\":\"https:\\\/\\\/auerworld-festival.de\\\/#organization\",\"name\":\"Auerworld Festival\",\"url\":\"https:\\\/\\\/auerworld-festival.de\\\/\",\"logo\":{\"@type\":\"ImageObject\",\"inLanguage\":\"en-GB\",\"@id\":\"https:\\\/\\\/auerworld-festival.de\\\/#\\\/schema\\\/logo\\\/image\\\/\",\"url\":\"https:\\\/\\\/auerworld-festival.de\\\/wp-content\\\/uploads\\\/AWF-Logo.svg\",\"contentUrl\":\"https:\\\/\\\/auerworld-festival.de\\\/wp-content\\\/uploads\\\/AWF-Logo.svg\",\"width\":1,\"height\":1,\"caption\":\"Auerworld Festival\"},\"image\":{\"@id\":\"https:\\\/\\\/auerworld-festival.de\\\/#\\\/schema\\\/logo\\\/image\\\/\"},\"sameAs\":[\"https:\\\/\\\/www.facebook.com\\\/auerworld.festival\\\/\",\"https:\\\/\\\/www.instagram.com\\\/auerworld\\\/\"]}]}<\/script>\n<!-- \/ Yoast SEO plugin. -->","yoast_head_json":{"title":"H\u00f6rspielwiese - Auerworld Festival","description":"In magischer Atmosph\u00e4re auf unserer H\u00f6rspielwiese eine Vielzahl von fesselnden H\u00f6rspielen und unterhaltsamen H\u00f6rb\u00fcchern genie\u00dfen.","robots":{"index":"index","follow":"follow","max-snippet":"max-snippet:-1","max-image-preview":"max-image-preview:large","max-video-preview":"max-video-preview:-1"},"canonical":"https:\/\/auerworld-festival.de\/en\/hoerspielwiese\/","og_locale":"en_GB","og_type":"article","og_title":"H\u00f6rspielwiese","og_description":"In magischer Atmosph\u00e4re auf unserer H\u00f6rspielwiese eine Vielzahl von fesselnden H\u00f6rspielen und unterhaltsamen H\u00f6rb\u00fcchern genie\u00dfen.","og_url":"https:\/\/auerworld-festival.de\/en\/hoerspielwiese\/","og_site_name":"Auerworld Festival","article_publisher":"https:\/\/www.facebook.com\/auerworld.festival\/","article_modified_time":"2026-04-10T15:42:58+00:00","og_image":[{"width":2560,"height":1707,"url":"https:\/\/auerworld-festival.de\/wp-content\/uploads\/Hoerspielwiese.webp","type":"image\/webp"}],"twitter_card":"summary_large_image","twitter_title":"H\u00f6rspielwiese","twitter_description":"In magischer Atmosph\u00e4re auf unserer H\u00f6rspielwiese eine Vielzahl von fesselnden H\u00f6rspielen und unterhaltsamen H\u00f6rb\u00fcchern genie\u00dfen.","twitter_image":"https:\/\/auerworld-festival.de\/wp-content\/uploads\/Hoerspielwiese.webp","twitter_misc":{"Estimated reading time":"2 minutes"},"schema":{"@context":"https:\/\/schema.org","@graph":[{"@type":"WebPage","@id":"https:\/\/auerworld-festival.de\/hoerspielwiese\/","url":"https:\/\/auerworld-festival.de\/hoerspielwiese\/","name":"H\u00f6rspielwiese - Auerworld Festival","isPartOf":{"@id":"https:\/\/auerworld-festival.de\/#website"},"primaryImageOfPage":{"@id":"https:\/\/auerworld-festival.de\/hoerspielwiese\/#primaryimage"},"image":{"@id":"https:\/\/auerworld-festival.de\/hoerspielwiese\/#primaryimage"},"thumbnailUrl":"https:\/\/auerworld-festival.de\/wp-content\/uploads\/Hoerspielwiese.webp","datePublished":"2023-06-16T12:38:47+00:00","dateModified":"2026-04-10T15:42:58+00:00","description":"In magischer Atmosph\u00e4re auf unserer H\u00f6rspielwiese eine Vielzahl von fesselnden H\u00f6rspielen und unterhaltsamen H\u00f6rb\u00fcchern genie\u00dfen.","breadcrumb":{"@id":"https:\/\/auerworld-festival.de\/hoerspielwiese\/#breadcrumb"},"inLanguage":"en-GB","potentialAction":[{"@type":"ReadAction","target":["https:\/\/auerworld-festival.de\/hoerspielwiese\/"]}]},{"@type":"ImageObject","inLanguage":"en-GB","@id":"https:\/\/auerworld-festival.de\/hoerspielwiese\/#primaryimage","url":"https:\/\/auerworld-festival.de\/wp-content\/uploads\/Hoerspielwiese.webp","contentUrl":"https:\/\/auerworld-festival.de\/wp-content\/uploads\/Hoerspielwiese.webp","width":2560,"height":1707,"caption":"H\u00f6rspielwiese"},{"@type":"BreadcrumbList","@id":"https:\/\/auerworld-festival.de\/hoerspielwiese\/#breadcrumb","itemListElement":[{"@type":"ListItem","position":1,"name":"Start","item":"https:\/\/auerworld-festival.de\/"},{"@type":"ListItem","position":2,"name":"H\u00f6rspielwiese"}]},{"@type":"WebSite","@id":"https:\/\/auerworld-festival.de\/#website","url":"https:\/\/auerworld-festival.de\/","name":"Auerworld Festival","description":"Tanzen unter Weiden","publisher":{"@id":"https:\/\/auerworld-festival.de\/#organization"},"potentialAction":[{"@type":"SearchAction","target":{"@type":"EntryPoint","urlTemplate":"https:\/\/auerworld-festival.de\/?s={search_term_string}"},"query-input":{"@type":"PropertyValueSpecification","valueRequired":true,"valueName":"search_term_string"}}],"inLanguage":"en-GB"},{"@type":"Organization","@id":"https:\/\/auerworld-festival.de\/#organization","name":"Auerworld Festival","url":"https:\/\/auerworld-festival.de\/","logo":{"@type":"ImageObject","inLanguage":"en-GB","@id":"https:\/\/auerworld-festival.de\/#\/schema\/logo\/image\/","url":"https:\/\/auerworld-festival.de\/wp-content\/uploads\/AWF-Logo.svg","contentUrl":"https:\/\/auerworld-festival.de\/wp-content\/uploads\/AWF-Logo.svg","width":1,"height":1,"caption":"Auerworld Festival"},"image":{"@id":"https:\/\/auerworld-festival.de\/#\/schema\/logo\/image\/"},"sameAs":["https:\/\/www.facebook.com\/auerworld.festival\/","https:\/\/www.instagram.com\/auerworld\/"]}]}},"_links":{"self":[{"href":"https:\/\/auerworld-festival.de\/en\/wp-json\/wp\/v2\/pages\/428","targetHints":{"allow":["GET"]}}],"collection":[{"href":"https:\/\/auerworld-festival.de\/en\/wp-json\/wp\/v2\/pages"}],"about":[{"href":"https:\/\/auerworld-festival.de\/en\/wp-json\/wp\/v2\/types\/page"}],"author":[{"embeddable":true,"href":"https:\/\/auerworld-festival.de\/en\/wp-json\/wp\/v2\/users\/2"}],"replies":[{"embeddable":true,"href":"https:\/\/auerworld-festival.de\/en\/wp-json\/wp\/v2\/comments?post=428"}],"version-history":[{"count":16,"href":"https:\/\/auerworld-festival.de\/en\/wp-json\/wp\/v2\/pages\/428\/revisions"}],"predecessor-version":[{"id":4234,"href":"https:\/\/auerworld-festival.de\/en\/wp-json\/wp\/v2\/pages\/428\/revisions\/4234"}],"wp:featuredmedia":[{"embeddable":true,"href":"https:\/\/auerworld-festival.de\/en\/wp-json\/wp\/v2\/media\/2562"}],"wp:attachment":[{"href":"https:\/\/auerworld-festival.de\/en\/wp-json\/wp\/v2\/media?parent=428"}],"wp:term":[{"taxonomy":"folder","embeddable":true,"href":"https:\/\/auerworld-festival.de\/en\/wp-json\/wp\/v2\/folder?post=428"}],"curies":[{"name":"wp","href":"https:\/\/api.w.org\/{rel}","templated":true}]}}