{"id":417,"date":"2023-06-16T14:35:02","date_gmt":"2023-06-16T12:35:02","guid":{"rendered":"http:\/\/aw.acronia.de\/?page_id=417"},"modified":"2026-04-12T15:01:43","modified_gmt":"2026-04-12T13:01:43","slug":"kids-space","status":"publish","type":"page","link":"https:\/\/auerworld-festival.de\/en\/kids-space\/","title":{"rendered":"Kids-Space"},"content":{"rendered":"\n[et_pb_section fb_built=&#8220;1&#8243; module_class=&#8220;awf-header&#8220; _builder_version=&#8220;4.27.4&#8243; _module_preset=&#8220;default&#8220; background_image=&#8220;https:\/\/auerworld-festival.de\/wp-content\/uploads\/Kids-Space-2019.webp&#8220; global_colors_info=&#8220;{}&#8220;][et_pb_row _builder_version=&#8220;4.27.4&#8243; _module_preset=&#8220;default&#8220; global_colors_info=&#8220;{}&#8220;][et_pb_column type=&#8220;4_4&#8243; _builder_version=&#8220;4.27.4&#8243; _module_preset=&#8220;default&#8220; global_colors_info=&#8220;{}&#8220;][et_pb_heading title=&#8220;Kids-Space&#8220; _builder_version=&#8220;4.27.4&#8243; _module_preset=&#8220;default&#8220; global_colors_info=&#8220;{}&#8220;][\/et_pb_heading][et_pb_heading title=&#8220;Kinder sind unsere Zukunft&#8220; admin_label=&#8220;\u00dcberschrift H1&#8243; _builder_version=&#8220;4.27.4&#8243; _module_preset=&#8220;default&#8220; title_level=&#8220;h2&#8243; global_colors_info=&#8220;{}&#8220;][\/et_pb_heading][\/et_pb_column][\/et_pb_row][\/et_pb_section][et_pb_section fb_built=&#8220;1&#8243; custom_padding_last_edited=&#8220;on|phone&#8220; _builder_version=&#8220;4.21.0&#8243; _module_preset=&#8220;default&#8220; custom_padding=&#8220;14px||||false|false&#8220; custom_padding_tablet=&#8220;14px||||false|false&#8220; custom_padding_phone=&#8220;7px||||false|false&#8220; global_colors_info=&#8220;{}&#8220;][et_pb_row _builder_version=&#8220;4.21.0&#8243; _module_preset=&#8220;default&#8220; global_colors_info=&#8220;{}&#8220;][et_pb_column type=&#8220;4_4&#8243; _builder_version=&#8220;4.21.0&#8243; _module_preset=&#8220;default&#8220; global_colors_info=&#8220;{}&#8220;][et_pb_text _builder_version=&#8220;4.27.4&#8243; _module_preset=&#8220;default&#8220; hover_enabled=&#8220;0&#8243; global_colors_info=&#8220;{}&#8220; sticky_enabled=&#8220;0&#8243;]<p>Der Umgang mit unseren Kindern offenbart uns unsere Zukunft. Im Kids-Space schaffen wir einen magischen Ort, an dem unsere j\u00fcngsten Festivalbesucher:innen spielen, lernen, klettern, malen, r\u00e4tseln und sich nach Herzenslust austoben k\u00f6nnen. Hier wird jedes Kind zum kleinen Abenteurer \u2013 und Eltern k\u00f6nnen entspannt wissen: Hier ist alles sicher, kreativ und voller Freude!<\/p>[\/et_pb_text][et_pb_heading title=&#8220;Was erwartet euch im Kids-Space?&#8220; _builder_version=&#8220;4.27.4&#8243; _module_preset=&#8220;default&#8220; title_level=&#8220;h2&#8243; hover_enabled=&#8220;0&#8243; sticky_enabled=&#8220;0&#8243;][\/et_pb_heading][et_pb_text _builder_version=&#8220;4.27.4&#8243; _module_preset=&#8220;default&#8220; hover_enabled=&#8220;0&#8243; sticky_enabled=&#8220;0&#8243;]<ul>\n<li><strong>Kreativit\u00e4t ohne Grenzen:<\/strong> Malstationen, Bastelworkshops und Geschichten zum Zuh\u00f6ren \u2013 hier wird jedes Kind zum K\u00fcnstler oder zur kleinen Autor:in.<\/li>\n<li><strong>Bewegung &amp; Spa\u00df:<\/strong> Kletterparcours, Spielecken und viel Platz zum Toben \u2013 f\u00fcr Energie, die einfach raus muss!<\/li>\n<li><strong>Ruheoasen:<\/strong> Gem\u00fctliche Ecken zum Ausruhen, Vorlesen oder einfach nur Tr\u00e4umen.<\/li>\n<li><strong>Gemeinschaft erleben:<\/strong> Ein Ort, an dem Kinder neue Freunde finden und Eltern sich austauschen k\u00f6nnen.<\/li>\n<\/ul>[\/et_pb_text][et_pb_heading title=&#8220;Praktische Infos f\u00fcr Eltern&#8220; _builder_version=&#8220;4.27.4&#8243; _module_preset=&#8220;default&#8220; title_level=&#8220;h2&#8243; hover_enabled=&#8220;0&#8243; sticky_enabled=&#8220;0&#8243;][\/et_pb_heading][et_pb_text _builder_version=&#8220;4.27.4&#8243; _module_preset=&#8220;default&#8220; hover_enabled=&#8220;0&#8243; sticky_enabled=&#8220;0&#8243;]<ul>\n<li><strong>Eintritt:<\/strong> Kinder bis <strong>14 Jahre<\/strong> zahlen nur <strong>1 \u20ac<\/strong> (symbolisch f\u00fcr die Organisation). Wer mehr geben m\u00f6chte, kann das gerne tun \u2013 jeder Beitrag hilft, den Kids-Space noch besser zu machen!<\/li>\n<li><strong>Zelten mit Kindern:<\/strong> Dieses Jahr gibt es zwar <strong>keinen separaten Familien-Zeltplatz<\/strong>, aber in Richtung Bach findet ihr ruhige Pl\u00e4tze zum Zelten \u2013 perfekt f\u00fcr Familien, die etwas mehr Privatsph\u00e4re m\u00f6gen.<\/li>\n<li><strong>Ohrenschutz:<\/strong> Festivals k\u00f6nnen laut sein! Bitte bringt <strong>geeignete Ohrensch\u00fctzer<\/strong> f\u00fcr eure Kleinen mit. Vergessen? Kein Problem \u2013 am <strong>Infowagen<\/strong> gibt es ein kleines Kontingent zum Ausleihen.<\/li>\n<\/ul>[\/et_pb_text][et_pb_heading title=&#8220;Warum der Kids-Space so besonders ist&#8220; _builder_version=&#8220;4.27.4&#8243; _module_preset=&#8220;default&#8220; title_level=&#8220;h2&#8243; hover_enabled=&#8220;0&#8243; sticky_enabled=&#8220;0&#8243;][\/et_pb_heading][et_pb_text _builder_version=&#8220;4.27.4&#8243; _module_preset=&#8220;default&#8220; hover_enabled=&#8220;0&#8243; global_colors_info=&#8220;{}&#8220; sticky_enabled=&#8220;0&#8243;]<p>Wir glauben: Ein Festival ist erst dann wirklich <strong>familienfreundlich<\/strong>, wenn auch die Kleinsten sich wohlf\u00fchlen. Deshalb stecken wir viel Liebe in diesen Bereich \u2013 mit p\u00e4dagogisch wertvollen Angeboten, sicheren Spielm\u00f6glichkeiten und einer Atmosph\u00e4re, die Kinder zum Strahlen bringt.<\/p>[\/et_pb_text][\/et_pb_column][\/et_pb_row][et_pb_row _builder_version=&#8220;4.21.0&#8243; _module_preset=&#8220;default&#8220; width=&#8220;95%&#8220; max_width=&#8220;1552px&#8220; locked=&#8220;off&#8220; global_colors_info=&#8220;{}&#8220;][et_pb_column type=&#8220;4_4&#8243; _builder_version=&#8220;4.21.0&#8243; _module_preset=&#8220;default&#8220; global_colors_info=&#8220;{}&#8220;][el_masonry_gallery image_ids=&#8220;682,668,665,667,662,664,643,619,615,611,540,542,549,507,505,477,466,464,510&#8243; number_of_columns=&#8220;3&#8243; column_spacing=&#8220;24px&#8220; enable_filterable_gallery=&#8220;on&#8220; enable_lightbox=&#8220;on&#8220; lightbox_effect=&#8220;zoom&#8220; enable_overlay=&#8220;on&#8220; overlay_icon=&#8220;&#x54;||divi||400&#8243; show_pagination=&#8220;on&#8220; images_per_page=&#8220;10&#8243; number_of_columns_tablet=&#8220;3&#8243; number_of_columns_phone=&#8220;2&#8243; number_of_columns_last_edited=&#8220;on|phone&#8220; column_spacing_tablet=&#8220;24px&#8220; column_spacing_phone=&#8220;6px&#8220; column_spacing_last_edited=&#8220;on|phone&#8220; _builder_version=&#8220;4.21.0&#8243; _module_preset=&#8220;default&#8220; border_width_all_image=&#8220;6px&#8220; border_color_all_image=&#8220;#e2e2e2&#8243; box_shadow_style_image=&#8220;preset3&#8243; global_colors_info=&#8220;{}&#8220;][\/el_masonry_gallery][\/et_pb_column][\/et_pb_row][\/et_pb_section]\n","protected":false},"excerpt":{"rendered":"<p>Der Umgang mit unseren Kindern offenbart uns unsere Zukunft. Im Kids-Space schaffen wir einen magischen Ort, an dem unsere j\u00fcngsten Festivalbesucher:innen spielen, lernen, klettern, malen, r\u00e4tseln und sich nach Herzenslust austoben k\u00f6nnen. Hier wird jedes Kind zum kleinen Abenteurer \u2013 und Eltern k\u00f6nnen entspannt wissen: Hier ist alles sicher, kreativ und voller Freude! Kreativit\u00e4t ohne [&hellip;]<\/p>\n","protected":false},"author":2,"featured_media":2910,"parent":0,"menu_order":0,"comment_status":"closed","ping_status":"closed","template":"","meta":{"_et_pb_use_builder":"on","_et_pb_old_content":"","_et_gb_content_width":"","footnotes":""},"folder":[29],"class_list":["post-417","page","type-page","status-publish","has-post-thumbnail","hentry"],"yoast_head":"<!-- This site is optimized with the Yoast SEO plugin v27.3 - https:\/\/yoast.com\/product\/yoast-seo-wordpress\/ -->\n<title>Kids-Space - Auerworld Festival<\/title>\n<meta name=\"description\" content=\"Der Kids-Space ist ein eigener Bereich f\u00fcr unsere J\u00fcngsten mit vielf\u00e4ltigen Angeboten wie Malen, R\u00e4tseln, Zuh\u00f6ren, Klettern und Spielen.\" \/>\n<meta name=\"robots\" content=\"index, follow, max-snippet:-1, max-image-preview:large, max-video-preview:-1\" \/>\n<link rel=\"canonical\" href=\"https:\/\/auerworld-festival.de\/en\/kids-space\/\" \/>\n<meta property=\"og:locale\" content=\"en_GB\" \/>\n<meta property=\"og:type\" content=\"article\" \/>\n<meta property=\"og:title\" content=\"Kids-Space\" \/>\n<meta property=\"og:description\" content=\"Der Kids-Space ist ein eigener Bereich f\u00fcr unsere J\u00fcngsten mit vielf\u00e4ltigen Angeboten wie Malen, R\u00e4tseln, Zuh\u00f6ren, Klettern und Spielen.\" \/>\n<meta property=\"og:url\" content=\"https:\/\/auerworld-festival.de\/en\/kids-space\/\" \/>\n<meta property=\"og:site_name\" content=\"Auerworld Festival\" \/>\n<meta property=\"article:publisher\" content=\"https:\/\/www.facebook.com\/auerworld.festival\/\" \/>\n<meta property=\"article:modified_time\" content=\"2026-04-12T13:01:43+00:00\" \/>\n<meta property=\"og:image\" content=\"https:\/\/auerworld-festival.de\/wp-content\/uploads\/Kids-Space-2019.webp\" \/>\n\t<meta property=\"og:image:width\" content=\"1920\" \/>\n\t<meta property=\"og:image:height\" content=\"1280\" \/>\n\t<meta property=\"og:image:type\" content=\"image\/webp\" \/>\n<meta name=\"twitter:card\" content=\"summary_large_image\" \/>\n<meta name=\"twitter:title\" content=\"Kids-Space\" \/>\n<meta name=\"twitter:description\" content=\"Der Kids-Space ist ein eigener Bereich f\u00fcr unsere J\u00fcngsten mit vielf\u00e4ltigen Angeboten wie Malen, R\u00e4tseln, Zuh\u00f6ren, Klettern und Spielen.\" \/>\n<meta name=\"twitter:image\" content=\"https:\/\/auerworld-festival.de\/wp-content\/uploads\/Kids-Space-2019.webp\" \/>\n<meta name=\"twitter:label1\" content=\"Estimated reading time\" \/>\n\t<meta name=\"twitter:data1\" content=\"6 minutes\" \/>\n<script type=\"application\/ld+json\" class=\"yoast-schema-graph\">{\"@context\":\"https:\\\/\\\/schema.org\",\"@graph\":[{\"@type\":\"WebPage\",\"@id\":\"https:\\\/\\\/auerworld-festival.de\\\/kids-space\\\/\",\"url\":\"https:\\\/\\\/auerworld-festival.de\\\/kids-space\\\/\",\"name\":\"Kids-Space - Auerworld Festival\",\"isPartOf\":{\"@id\":\"https:\\\/\\\/auerworld-festival.de\\\/#website\"},\"primaryImageOfPage\":{\"@id\":\"https:\\\/\\\/auerworld-festival.de\\\/kids-space\\\/#primaryimage\"},\"image\":{\"@id\":\"https:\\\/\\\/auerworld-festival.de\\\/kids-space\\\/#primaryimage\"},\"thumbnailUrl\":\"https:\\\/\\\/auerworld-festival.de\\\/wp-content\\\/uploads\\\/Kids-Space-2019.webp\",\"datePublished\":\"2023-06-16T12:35:02+00:00\",\"dateModified\":\"2026-04-12T13:01:43+00:00\",\"description\":\"Der Kids-Space ist ein eigener Bereich f\u00fcr unsere J\u00fcngsten mit vielf\u00e4ltigen Angeboten wie Malen, R\u00e4tseln, Zuh\u00f6ren, Klettern und Spielen.\",\"breadcrumb\":{\"@id\":\"https:\\\/\\\/auerworld-festival.de\\\/kids-space\\\/#breadcrumb\"},\"inLanguage\":\"en-GB\",\"potentialAction\":[{\"@type\":\"ReadAction\",\"target\":[\"https:\\\/\\\/auerworld-festival.de\\\/kids-space\\\/\"]}]},{\"@type\":\"ImageObject\",\"inLanguage\":\"en-GB\",\"@id\":\"https:\\\/\\\/auerworld-festival.de\\\/kids-space\\\/#primaryimage\",\"url\":\"https:\\\/\\\/auerworld-festival.de\\\/wp-content\\\/uploads\\\/Kids-Space-2019.webp\",\"contentUrl\":\"https:\\\/\\\/auerworld-festival.de\\\/wp-content\\\/uploads\\\/Kids-Space-2019.webp\",\"width\":1920,\"height\":1280,\"caption\":\"Kids Space\"},{\"@type\":\"BreadcrumbList\",\"@id\":\"https:\\\/\\\/auerworld-festival.de\\\/kids-space\\\/#breadcrumb\",\"itemListElement\":[{\"@type\":\"ListItem\",\"position\":1,\"name\":\"Start\",\"item\":\"https:\\\/\\\/auerworld-festival.de\\\/\"},{\"@type\":\"ListItem\",\"position\":2,\"name\":\"Kids-Space\"}]},{\"@type\":\"WebSite\",\"@id\":\"https:\\\/\\\/auerworld-festival.de\\\/#website\",\"url\":\"https:\\\/\\\/auerworld-festival.de\\\/\",\"name\":\"Auerworld Festival\",\"description\":\"Tanzen unter Weiden\",\"publisher\":{\"@id\":\"https:\\\/\\\/auerworld-festival.de\\\/#organization\"},\"potentialAction\":[{\"@type\":\"SearchAction\",\"target\":{\"@type\":\"EntryPoint\",\"urlTemplate\":\"https:\\\/\\\/auerworld-festival.de\\\/?s={search_term_string}\"},\"query-input\":{\"@type\":\"PropertyValueSpecification\",\"valueRequired\":true,\"valueName\":\"search_term_string\"}}],\"inLanguage\":\"en-GB\"},{\"@type\":\"Organization\",\"@id\":\"https:\\\/\\\/auerworld-festival.de\\\/#organization\",\"name\":\"Auerworld Festival\",\"url\":\"https:\\\/\\\/auerworld-festival.de\\\/\",\"logo\":{\"@type\":\"ImageObject\",\"inLanguage\":\"en-GB\",\"@id\":\"https:\\\/\\\/auerworld-festival.de\\\/#\\\/schema\\\/logo\\\/image\\\/\",\"url\":\"https:\\\/\\\/auerworld-festival.de\\\/wp-content\\\/uploads\\\/AWF-Logo.svg\",\"contentUrl\":\"https:\\\/\\\/auerworld-festival.de\\\/wp-content\\\/uploads\\\/AWF-Logo.svg\",\"width\":1,\"height\":1,\"caption\":\"Auerworld Festival\"},\"image\":{\"@id\":\"https:\\\/\\\/auerworld-festival.de\\\/#\\\/schema\\\/logo\\\/image\\\/\"},\"sameAs\":[\"https:\\\/\\\/www.facebook.com\\\/auerworld.festival\\\/\",\"https:\\\/\\\/www.instagram.com\\\/auerworld\\\/\"]}]}<\/script>\n<!-- \/ Yoast SEO plugin. -->","yoast_head_json":{"title":"Kids-Space - Auerworld Festival","description":"Der Kids-Space ist ein eigener Bereich f\u00fcr unsere J\u00fcngsten mit vielf\u00e4ltigen Angeboten wie Malen, R\u00e4tseln, Zuh\u00f6ren, Klettern und Spielen.","robots":{"index":"index","follow":"follow","max-snippet":"max-snippet:-1","max-image-preview":"max-image-preview:large","max-video-preview":"max-video-preview:-1"},"canonical":"https:\/\/auerworld-festival.de\/en\/kids-space\/","og_locale":"en_GB","og_type":"article","og_title":"Kids-Space","og_description":"Der Kids-Space ist ein eigener Bereich f\u00fcr unsere J\u00fcngsten mit vielf\u00e4ltigen Angeboten wie Malen, R\u00e4tseln, Zuh\u00f6ren, Klettern und Spielen.","og_url":"https:\/\/auerworld-festival.de\/en\/kids-space\/","og_site_name":"Auerworld Festival","article_publisher":"https:\/\/www.facebook.com\/auerworld.festival\/","article_modified_time":"2026-04-12T13:01:43+00:00","og_image":[{"width":1920,"height":1280,"url":"https:\/\/auerworld-festival.de\/wp-content\/uploads\/Kids-Space-2019.webp","type":"image\/webp"}],"twitter_card":"summary_large_image","twitter_title":"Kids-Space","twitter_description":"Der Kids-Space ist ein eigener Bereich f\u00fcr unsere J\u00fcngsten mit vielf\u00e4ltigen Angeboten wie Malen, R\u00e4tseln, Zuh\u00f6ren, Klettern und Spielen.","twitter_image":"https:\/\/auerworld-festival.de\/wp-content\/uploads\/Kids-Space-2019.webp","twitter_misc":{"Estimated reading time":"6 minutes"},"schema":{"@context":"https:\/\/schema.org","@graph":[{"@type":"WebPage","@id":"https:\/\/auerworld-festival.de\/kids-space\/","url":"https:\/\/auerworld-festival.de\/kids-space\/","name":"Kids-Space - Auerworld Festival","isPartOf":{"@id":"https:\/\/auerworld-festival.de\/#website"},"primaryImageOfPage":{"@id":"https:\/\/auerworld-festival.de\/kids-space\/#primaryimage"},"image":{"@id":"https:\/\/auerworld-festival.de\/kids-space\/#primaryimage"},"thumbnailUrl":"https:\/\/auerworld-festival.de\/wp-content\/uploads\/Kids-Space-2019.webp","datePublished":"2023-06-16T12:35:02+00:00","dateModified":"2026-04-12T13:01:43+00:00","description":"Der Kids-Space ist ein eigener Bereich f\u00fcr unsere J\u00fcngsten mit vielf\u00e4ltigen Angeboten wie Malen, R\u00e4tseln, Zuh\u00f6ren, Klettern und Spielen.","breadcrumb":{"@id":"https:\/\/auerworld-festival.de\/kids-space\/#breadcrumb"},"inLanguage":"en-GB","potentialAction":[{"@type":"ReadAction","target":["https:\/\/auerworld-festival.de\/kids-space\/"]}]},{"@type":"ImageObject","inLanguage":"en-GB","@id":"https:\/\/auerworld-festival.de\/kids-space\/#primaryimage","url":"https:\/\/auerworld-festival.de\/wp-content\/uploads\/Kids-Space-2019.webp","contentUrl":"https:\/\/auerworld-festival.de\/wp-content\/uploads\/Kids-Space-2019.webp","width":1920,"height":1280,"caption":"Kids Space"},{"@type":"BreadcrumbList","@id":"https:\/\/auerworld-festival.de\/kids-space\/#breadcrumb","itemListElement":[{"@type":"ListItem","position":1,"name":"Start","item":"https:\/\/auerworld-festival.de\/"},{"@type":"ListItem","position":2,"name":"Kids-Space"}]},{"@type":"WebSite","@id":"https:\/\/auerworld-festival.de\/#website","url":"https:\/\/auerworld-festival.de\/","name":"Auerworld Festival","description":"Tanzen unter Weiden","publisher":{"@id":"https:\/\/auerworld-festival.de\/#organization"},"potentialAction":[{"@type":"SearchAction","target":{"@type":"EntryPoint","urlTemplate":"https:\/\/auerworld-festival.de\/?s={search_term_string}"},"query-input":{"@type":"PropertyValueSpecification","valueRequired":true,"valueName":"search_term_string"}}],"inLanguage":"en-GB"},{"@type":"Organization","@id":"https:\/\/auerworld-festival.de\/#organization","name":"Auerworld Festival","url":"https:\/\/auerworld-festival.de\/","logo":{"@type":"ImageObject","inLanguage":"en-GB","@id":"https:\/\/auerworld-festival.de\/#\/schema\/logo\/image\/","url":"https:\/\/auerworld-festival.de\/wp-content\/uploads\/AWF-Logo.svg","contentUrl":"https:\/\/auerworld-festival.de\/wp-content\/uploads\/AWF-Logo.svg","width":1,"height":1,"caption":"Auerworld Festival"},"image":{"@id":"https:\/\/auerworld-festival.de\/#\/schema\/logo\/image\/"},"sameAs":["https:\/\/www.facebook.com\/auerworld.festival\/","https:\/\/www.instagram.com\/auerworld\/"]}]}},"_links":{"self":[{"href":"https:\/\/auerworld-festival.de\/en\/wp-json\/wp\/v2\/pages\/417","targetHints":{"allow":["GET"]}}],"collection":[{"href":"https:\/\/auerworld-festival.de\/en\/wp-json\/wp\/v2\/pages"}],"about":[{"href":"https:\/\/auerworld-festival.de\/en\/wp-json\/wp\/v2\/types\/page"}],"author":[{"embeddable":true,"href":"https:\/\/auerworld-festival.de\/en\/wp-json\/wp\/v2\/users\/2"}],"replies":[{"embeddable":true,"href":"https:\/\/auerworld-festival.de\/en\/wp-json\/wp\/v2\/comments?post=417"}],"version-history":[{"count":25,"href":"https:\/\/auerworld-festival.de\/en\/wp-json\/wp\/v2\/pages\/417\/revisions"}],"predecessor-version":[{"id":4375,"href":"https:\/\/auerworld-festival.de\/en\/wp-json\/wp\/v2\/pages\/417\/revisions\/4375"}],"wp:featuredmedia":[{"embeddable":true,"href":"https:\/\/auerworld-festival.de\/en\/wp-json\/wp\/v2\/media\/2910"}],"wp:attachment":[{"href":"https:\/\/auerworld-festival.de\/en\/wp-json\/wp\/v2\/media?parent=417"}],"wp:term":[{"taxonomy":"folder","embeddable":true,"href":"https:\/\/auerworld-festival.de\/en\/wp-json\/wp\/v2\/folder?post=417"}],"curies":[{"name":"wp","href":"https:\/\/api.w.org\/{rel}","templated":true}]}}