{"id":397,"date":"2023-06-16T13:35:30","date_gmt":"2023-06-16T11:35:30","guid":{"rendered":"http:\/\/aw.acronia.de\/?page_id=397"},"modified":"2026-04-10T17:34:09","modified_gmt":"2026-04-10T15:34:09","slug":"happa-happa","status":"publish","type":"page","link":"https:\/\/auerworld-festival.de\/en\/happa-happa\/","title":{"rendered":"Happa-Happa"},"content":{"rendered":"\n[et_pb_section fb_built=&#8220;1&#8243; custom_padding_last_edited=&#8220;on|phone&#8220; module_class=&#8220;awf-header&#8220; _builder_version=&#8220;4.27.4&#8243; _module_preset=&#8220;default&#8220; background_image=&#8220;https:\/\/auerworld-festival.de\/wp-content\/uploads\/Flammkuchen.webp&#8220; custom_padding=&#8220;||||true|false&#8220; custom_padding_tablet=&#8220;14px||||false|false&#8220; custom_padding_phone=&#8220;7px||||false|false&#8220; scroll_vertical_motion=&#8220;0|82|82|100|0|0|-4&#8243; box_shadow_style=&#8220;preset1&#8243; global_colors_info=&#8220;{}&#8220;][et_pb_row _builder_version=&#8220;4.27.4&#8243; _module_preset=&#8220;default&#8220; width=&#8220;100%&#8220; custom_padding=&#8220;3px|||||&#8220; global_colors_info=&#8220;{}&#8220;][et_pb_column type=&#8220;4_4&#8243; _builder_version=&#8220;4.27.4&#8243; _module_preset=&#8220;default&#8220; global_colors_info=&#8220;{}&#8220;][et_pb_heading title=&#8220;Happa Happa&#8220; _builder_version=&#8220;4.27.4&#8243; _module_preset=&#8220;default&#8220; hover_enabled=&#8220;0&#8243; global_colors_info=&#8220;{}&#8220; sticky_enabled=&#8220;0&#8243;][\/et_pb_heading][et_pb_heading title=&#8220;Nicht nur f\u00fcr den K\u00f6rper, auch f\u00fcr die Seele.&#8220; _builder_version=&#8220;4.27.4&#8243; _module_preset=&#8220;default&#8220; title_level=&#8220;h2&#8243; global_colors_info=&#8220;{}&#8220;][\/et_pb_heading][\/et_pb_column][\/et_pb_row][\/et_pb_section][et_pb_section fb_built=&#8220;1&#8243; custom_padding_last_edited=&#8220;on|phone&#8220; _builder_version=&#8220;4.27.4&#8243; _module_preset=&#8220;default&#8220; custom_padding=&#8220;14px||||false|false&#8220; custom_padding_tablet=&#8220;14px||||false|false&#8220; custom_padding_phone=&#8220;7px||||false|false&#8220; motion_trigger_start=&#8220;top&#8220; global_colors_info=&#8220;{}&#8220;][et_pb_row column_structure=&#8220;2_3,1_3&#8243; _builder_version=&#8220;4.21.0&#8243; _module_preset=&#8220;default&#8220; global_colors_info=&#8220;{}&#8220;][et_pb_column type=&#8220;2_3&#8243; _builder_version=&#8220;4.21.0&#8243; _module_preset=&#8220;default&#8220; global_colors_info=&#8220;{}&#8220;][et_pb_heading title=&#8220;Soulfood f\u00fcr Euch&#8220; _builder_version=&#8220;4.27.4&#8243; _module_preset=&#8220;default&#8220; title_level=&#8220;h2&#8243; global_colors_info=&#8220;{}&#8220;][\/et_pb_heading][et_pb_text _builder_version=&#8220;4.27.4&#8243; _module_preset=&#8220;default&#8220; global_colors_info=&#8220;{}&#8220;]<p data-pm-slice=\"1 1 []\"><span>Wie in jedem Jahr sollt Ihr nat\u00fcrlich nicht nur vor der B\u00fchne auf die Ohren oder in unseren Workshops und Angeboten etwas in den Kopf kriegen, nein, auch f\u00fcr das leibliche Wohl ist mehr als gesorgt. Jedes Auerworld-Festival ist anders und so auch die Essensst\u00e4nde. Neben dem Klassiker &#8222;Pizza-Zirkus&#8220; wird es auch dieses Jahr wieder Abwechslung in Reinstkultur geben. Von Last-Minute-\u00dcberraschungen \u00fcber S\u00fc\u00dfspeisen wie Waffeln &amp; Cr\u00eapes oder Softeis bis hin zu deftigen veganen Chili sin Carne war auf dem Auerworld-Festival bislang vieles vertreten. Lasst Euch &#8211; wie wir &#8211; auch dieses Jahr \u00fcberraschen, welche kulinarischen Delikatessen Euch erwarten werden. Egal, ob nachhaltig, regional, vegetarisch, vegan, herzhaft oder s\u00fc\u00df, aber in jedem Fall bio! Jeder kleine und gro\u00dfe Bauch wird bei uns satt.<\/span><\/p>[\/et_pb_text][\/et_pb_column][et_pb_column type=&#8220;1_3&#8243; _builder_version=&#8220;4.21.0&#8243; _module_preset=&#8220;default&#8220; global_colors_info=&#8220;{}&#8220;][et_pb_image src=&#8220;https:\/\/auerworld-festival.de\/wp-content\/uploads\/Biebereis.webp&#8220; alt=&#8220;Biebereis&#8220; title_text=&#8220;Biebereis&#8220; show_in_lightbox=&#8220;on&#8220; _builder_version=&#8220;4.27.4&#8243; _module_preset=&#8220;default&#8220; width=&#8220;100%&#8220; global_colors_info=&#8220;{}&#8220;][\/et_pb_image][\/et_pb_column][\/et_pb_row][et_pb_row column_structure=&#8220;2_5,3_5&#8243; _builder_version=&#8220;4.21.0&#8243; _module_preset=&#8220;default&#8220; global_colors_info=&#8220;{}&#8220;][et_pb_column type=&#8220;2_5&#8243; _builder_version=&#8220;4.21.0&#8243; _module_preset=&#8220;default&#8220; global_colors_info=&#8220;{}&#8220;][et_pb_image src=&#8220;https:\/\/auerworld-festival.de\/wp-content\/uploads\/Backstage-Essen.webp&#8220; alt=&#8220;Backstage-Essen&#8220; title_text=&#8220;Backstage-Essen&#8220; show_in_lightbox=&#8220;on&#8220; _builder_version=&#8220;4.27.4&#8243; _module_preset=&#8220;default&#8220; global_colors_info=&#8220;{}&#8220;][\/et_pb_image][\/et_pb_column][et_pb_column type=&#8220;3_5&#8243; _builder_version=&#8220;4.21.0&#8243; _module_preset=&#8220;default&#8220; global_colors_info=&#8220;{}&#8220;][et_pb_heading title=&#8220;Haute Cuisine im Backstage&#8220; _builder_version=&#8220;4.27.4&#8243; _module_preset=&#8220;default&#8220; title_level=&#8220;h2&#8243; global_colors_info=&#8220;{}&#8220;][\/et_pb_heading][et_pb_text _builder_version=&#8220;4.27.4&#8243; _module_preset=&#8220;default&#8220; global_colors_info=&#8220;{}&#8220;]<p data-pm-slice=\"1 1 []\"><span>Nicht nur die Festivalbesucher d\u00fcrfen sich auf eine geschmackliche Vielfalt freuen, auch f\u00fcr unsere K\u00fcnstlerinnen und K\u00fcnstler im Backstage Bereich gibt es beste Verpflegung. Denn kreative Energie braucht n\u00e4hrstoffreiche Kost! Unsere Backstage-K\u00fcche setzt auf bio und qualitativ hochwertige Zutaten, damit unsere Bands, Workshop-Leitungen und Helfer gest\u00e4rkt auf die B\u00fchne oder in den n\u00e4chsten Programmpunkt starten k\u00f6nnen. Dabei legen wir besonderen Wert auf eine abwechslungsreiche K\u00fcche, die auf die Bed\u00fcrfnisse aller eingeht: Von vollwertiger Hausmannskost \u00fcber vegane Leckerbissen bis hin zu kleinen Snacks f\u00fcr den schnellen Energieschub zwischendurch. Genie\u00dft das Festival &#8211; wir sorgen f\u00fcr das leibliche Wohl!<\/span><\/p>[\/et_pb_text][\/et_pb_column][\/et_pb_row][et_pb_row column_structure=&#8220;1_2,1_2&#8243; _builder_version=&#8220;4.27.4&#8243; _module_preset=&#8220;default&#8220; global_colors_info=&#8220;{}&#8220;][et_pb_column type=&#8220;1_2&#8243; _builder_version=&#8220;4.27.4&#8243; _module_preset=&#8220;default&#8220; global_colors_info=&#8220;{}&#8220;][et_pb_heading title=&#8220;Kein Einweggeschirr&#8220; _builder_version=&#8220;4.27.4&#8243; _module_preset=&#8220;default&#8220; title_level=&#8220;h2&#8243; global_colors_info=&#8220;{}&#8220;][\/et_pb_heading][et_pb_text _builder_version=&#8220;4.27.4&#8243; _module_preset=&#8220;default&#8220; global_colors_info=&#8220;{}&#8220;]<p data-pm-slice=\"1 1 []\"><span>Nachhaltigkeit wird beim Auerworld-Festival gro\u00dfgeschrieben, und das bedeutet auch: Kein Einweggeschirr! Wir m\u00f6chten aktiv einen Beitrag zum Umweltschutz leisten und setzen auf Mehrweg. Also packt Eure Teller, Messer, Gabeln, L\u00f6ffel und Tassen in die Rucks\u00e4cke und lasst das Einweggeschirr Einweggeschirr sein \u2013 denn dieses dulden wir der Umwelt zuliebe nicht beim Auerworld. Durch mitgebrachtes Geschirr vermeidet ihr nicht nur unn\u00f6tigen M\u00fcll, sondern genie\u00dft Euer Essen auch aus hochwertigen, stabilen Beh\u00e4ltern statt aus wackeligen Papp- oder Plastikschalen. Damit alle ihre mitgebrachten Utensilien sauber halten k\u00f6nnen, gibt es wieder die M\u00f6glichkeit, an unserer Waschstra\u00dfe in bester Gesellschaft zu sp\u00fclen. So wird Nachhaltigkeit zum gemeinsamen Erlebnis!<\/span><\/p>[\/et_pb_text][\/et_pb_column][et_pb_column type=&#8220;1_2&#8243; _builder_version=&#8220;4.27.4&#8243; _module_preset=&#8220;default&#8220; global_colors_info=&#8220;{}&#8220;][et_pb_image src=&#8220;https:\/\/auerworld-festival.de\/wp-content\/uploads\/Kaffee-und-Crepes.webp&#8220; title_text=&#8220;Kaffee-und-Crepes&#8220; show_in_lightbox=&#8220;on&#8220; _builder_version=&#8220;4.27.4&#8243; _module_preset=&#8220;default&#8220; global_colors_info=&#8220;{}&#8220;][\/et_pb_image][\/et_pb_column][\/et_pb_row][et_pb_row _builder_version=&#8220;4.21.0&#8243; _module_preset=&#8220;default&#8220; global_colors_info=&#8220;{}&#8220;][et_pb_column type=&#8220;4_4&#8243; _builder_version=&#8220;4.21.0&#8243; _module_preset=&#8220;default&#8220; global_colors_info=&#8220;{}&#8220;][et_pb_text _builder_version=&#8220;4.21.0&#8243; _module_preset=&#8220;default&#8220; global_colors_info=&#8220;{}&#8220;]<h3 style=\"text-align: center;\"><strong>Prost und guten Hunger \u2013 oder: schmecken lassen!<\/strong><\/h3>[\/et_pb_text][et_pb_image src=&#8220;https:\/\/auerworld-festival.de\/wp-content\/uploads\/Pizza-Circus.webp&#8220; title_text=&#8220;Pizza-Circus&#8220; show_in_lightbox=&#8220;on&#8220; _builder_version=&#8220;4.27.4&#8243; _module_preset=&#8220;default&#8220; global_colors_info=&#8220;{}&#8220;][\/et_pb_image][\/et_pb_column][\/et_pb_row][\/et_pb_section]\n","protected":false},"excerpt":{"rendered":"<p>Wie in jedem Jahr sollt Ihr nat\u00fcrlich nicht nur vor der B\u00fchne auf die Ohren oder in unseren Workshops und Angeboten etwas in den Kopf kriegen, nein, auch f\u00fcr das leibliche Wohl ist mehr als gesorgt. Jedes Auerworld-Festival ist anders und so auch die Essensst\u00e4nde. Neben dem Klassiker &#8222;Pizza-Zirkus&#8220; wird es auch dieses Jahr wieder [&hellip;]<\/p>\n","protected":false},"author":2,"featured_media":2716,"parent":0,"menu_order":0,"comment_status":"closed","ping_status":"closed","template":"","meta":{"_et_pb_use_builder":"on","_et_pb_old_content":"","_et_gb_content_width":"","footnotes":""},"folder":[29],"class_list":["post-397","page","type-page","status-publish","has-post-thumbnail","hentry"],"yoast_head":"<!-- This site is optimized with the Yoast SEO plugin v27.3 - https:\/\/yoast.com\/product\/yoast-seo-wordpress\/ -->\n<title>Happa-Happa - Auerworld Festival<\/title>\n<meta name=\"description\" content=\"Alles f\u00fcr den Magen und die Stimmung: Von Waffeln &amp; Cr\u00eapes oder Softeis bis hin zu deftigen veganen Chili sin Carne oder Flammkuchen.\" \/>\n<meta name=\"robots\" content=\"index, follow, max-snippet:-1, max-image-preview:large, max-video-preview:-1\" \/>\n<link rel=\"canonical\" href=\"https:\/\/auerworld-festival.de\/en\/happa-happa\/\" \/>\n<meta property=\"og:locale\" content=\"en_GB\" \/>\n<meta property=\"og:type\" content=\"article\" \/>\n<meta property=\"og:title\" content=\"Happa-Happa\" \/>\n<meta property=\"og:description\" content=\"Alles f\u00fcr den Magen und die Stimmung: Von Waffeln &amp; Cr\u00eapes oder Softeis bis hin zu deftigen veganen Chili sin Carne oder Flammkuchen.\" \/>\n<meta property=\"og:url\" content=\"https:\/\/auerworld-festival.de\/en\/happa-happa\/\" \/>\n<meta property=\"og:site_name\" content=\"Auerworld Festival\" \/>\n<meta property=\"article:publisher\" content=\"https:\/\/www.facebook.com\/auerworld.festival\/\" \/>\n<meta property=\"article:modified_time\" content=\"2026-04-10T15:34:09+00:00\" \/>\n<meta property=\"og:image\" content=\"https:\/\/auerworld-festival.de\/wp-content\/uploads\/Flammkuchen.webp\" \/>\n\t<meta property=\"og:image:width\" content=\"2048\" \/>\n\t<meta property=\"og:image:height\" content=\"1365\" \/>\n\t<meta property=\"og:image:type\" content=\"image\/webp\" \/>\n<meta name=\"twitter:card\" content=\"summary_large_image\" \/>\n<meta name=\"twitter:title\" content=\"Happa-Happa\" \/>\n<meta name=\"twitter:description\" content=\"Alles f\u00fcr den Magen und die Stimmung: Von Waffeln &amp; Cr\u00eapes oder Softeis bis hin zu deftigen veganen Chili sin Carne oder Flammkuchen.\" \/>\n<meta name=\"twitter:image\" content=\"https:\/\/auerworld-festival.de\/wp-content\/uploads\/Flammkuchen.webp\" \/>\n<meta name=\"twitter:label1\" content=\"Estimated reading time\" \/>\n\t<meta name=\"twitter:data1\" content=\"3 minutes\" \/>\n<script type=\"application\/ld+json\" class=\"yoast-schema-graph\">{\"@context\":\"https:\\\/\\\/schema.org\",\"@graph\":[{\"@type\":\"WebPage\",\"@id\":\"https:\\\/\\\/auerworld-festival.de\\\/happa-happa\\\/\",\"url\":\"https:\\\/\\\/auerworld-festival.de\\\/happa-happa\\\/\",\"name\":\"Happa-Happa - Auerworld Festival\",\"isPartOf\":{\"@id\":\"https:\\\/\\\/auerworld-festival.de\\\/#website\"},\"primaryImageOfPage\":{\"@id\":\"https:\\\/\\\/auerworld-festival.de\\\/happa-happa\\\/#primaryimage\"},\"image\":{\"@id\":\"https:\\\/\\\/auerworld-festival.de\\\/happa-happa\\\/#primaryimage\"},\"thumbnailUrl\":\"https:\\\/\\\/auerworld-festival.de\\\/wp-content\\\/uploads\\\/Flammkuchen.webp\",\"datePublished\":\"2023-06-16T11:35:30+00:00\",\"dateModified\":\"2026-04-10T15:34:09+00:00\",\"description\":\"Alles f\u00fcr den Magen und die Stimmung: Von Waffeln & Cr\u00eapes oder Softeis bis hin zu deftigen veganen Chili sin Carne oder Flammkuchen.\",\"breadcrumb\":{\"@id\":\"https:\\\/\\\/auerworld-festival.de\\\/happa-happa\\\/#breadcrumb\"},\"inLanguage\":\"en-GB\",\"potentialAction\":[{\"@type\":\"ReadAction\",\"target\":[\"https:\\\/\\\/auerworld-festival.de\\\/happa-happa\\\/\"]}]},{\"@type\":\"ImageObject\",\"inLanguage\":\"en-GB\",\"@id\":\"https:\\\/\\\/auerworld-festival.de\\\/happa-happa\\\/#primaryimage\",\"url\":\"https:\\\/\\\/auerworld-festival.de\\\/wp-content\\\/uploads\\\/Flammkuchen.webp\",\"contentUrl\":\"https:\\\/\\\/auerworld-festival.de\\\/wp-content\\\/uploads\\\/Flammkuchen.webp\",\"width\":2048,\"height\":1365,\"caption\":\"Flammkuchen\"},{\"@type\":\"BreadcrumbList\",\"@id\":\"https:\\\/\\\/auerworld-festival.de\\\/happa-happa\\\/#breadcrumb\",\"itemListElement\":[{\"@type\":\"ListItem\",\"position\":1,\"name\":\"Start\",\"item\":\"https:\\\/\\\/auerworld-festival.de\\\/\"},{\"@type\":\"ListItem\",\"position\":2,\"name\":\"Happa-Happa\"}]},{\"@type\":\"WebSite\",\"@id\":\"https:\\\/\\\/auerworld-festival.de\\\/#website\",\"url\":\"https:\\\/\\\/auerworld-festival.de\\\/\",\"name\":\"Auerworld Festival\",\"description\":\"Tanzen unter Weiden\",\"publisher\":{\"@id\":\"https:\\\/\\\/auerworld-festival.de\\\/#organization\"},\"potentialAction\":[{\"@type\":\"SearchAction\",\"target\":{\"@type\":\"EntryPoint\",\"urlTemplate\":\"https:\\\/\\\/auerworld-festival.de\\\/?s={search_term_string}\"},\"query-input\":{\"@type\":\"PropertyValueSpecification\",\"valueRequired\":true,\"valueName\":\"search_term_string\"}}],\"inLanguage\":\"en-GB\"},{\"@type\":\"Organization\",\"@id\":\"https:\\\/\\\/auerworld-festival.de\\\/#organization\",\"name\":\"Auerworld Festival\",\"url\":\"https:\\\/\\\/auerworld-festival.de\\\/\",\"logo\":{\"@type\":\"ImageObject\",\"inLanguage\":\"en-GB\",\"@id\":\"https:\\\/\\\/auerworld-festival.de\\\/#\\\/schema\\\/logo\\\/image\\\/\",\"url\":\"https:\\\/\\\/auerworld-festival.de\\\/wp-content\\\/uploads\\\/AWF-Logo.svg\",\"contentUrl\":\"https:\\\/\\\/auerworld-festival.de\\\/wp-content\\\/uploads\\\/AWF-Logo.svg\",\"width\":1,\"height\":1,\"caption\":\"Auerworld Festival\"},\"image\":{\"@id\":\"https:\\\/\\\/auerworld-festival.de\\\/#\\\/schema\\\/logo\\\/image\\\/\"},\"sameAs\":[\"https:\\\/\\\/www.facebook.com\\\/auerworld.festival\\\/\",\"https:\\\/\\\/www.instagram.com\\\/auerworld\\\/\"]}]}<\/script>\n<!-- \/ Yoast SEO plugin. -->","yoast_head_json":{"title":"Happa-Happa - Auerworld Festival","description":"Alles f\u00fcr den Magen und die Stimmung: Von Waffeln & Cr\u00eapes oder Softeis bis hin zu deftigen veganen Chili sin Carne oder Flammkuchen.","robots":{"index":"index","follow":"follow","max-snippet":"max-snippet:-1","max-image-preview":"max-image-preview:large","max-video-preview":"max-video-preview:-1"},"canonical":"https:\/\/auerworld-festival.de\/en\/happa-happa\/","og_locale":"en_GB","og_type":"article","og_title":"Happa-Happa","og_description":"Alles f\u00fcr den Magen und die Stimmung: Von Waffeln & Cr\u00eapes oder Softeis bis hin zu deftigen veganen Chili sin Carne oder Flammkuchen.","og_url":"https:\/\/auerworld-festival.de\/en\/happa-happa\/","og_site_name":"Auerworld Festival","article_publisher":"https:\/\/www.facebook.com\/auerworld.festival\/","article_modified_time":"2026-04-10T15:34:09+00:00","og_image":[{"width":2048,"height":1365,"url":"https:\/\/auerworld-festival.de\/wp-content\/uploads\/Flammkuchen.webp","type":"image\/webp"}],"twitter_card":"summary_large_image","twitter_title":"Happa-Happa","twitter_description":"Alles f\u00fcr den Magen und die Stimmung: Von Waffeln & Cr\u00eapes oder Softeis bis hin zu deftigen veganen Chili sin Carne oder Flammkuchen.","twitter_image":"https:\/\/auerworld-festival.de\/wp-content\/uploads\/Flammkuchen.webp","twitter_misc":{"Estimated reading time":"3 minutes"},"schema":{"@context":"https:\/\/schema.org","@graph":[{"@type":"WebPage","@id":"https:\/\/auerworld-festival.de\/happa-happa\/","url":"https:\/\/auerworld-festival.de\/happa-happa\/","name":"Happa-Happa - Auerworld Festival","isPartOf":{"@id":"https:\/\/auerworld-festival.de\/#website"},"primaryImageOfPage":{"@id":"https:\/\/auerworld-festival.de\/happa-happa\/#primaryimage"},"image":{"@id":"https:\/\/auerworld-festival.de\/happa-happa\/#primaryimage"},"thumbnailUrl":"https:\/\/auerworld-festival.de\/wp-content\/uploads\/Flammkuchen.webp","datePublished":"2023-06-16T11:35:30+00:00","dateModified":"2026-04-10T15:34:09+00:00","description":"Alles f\u00fcr den Magen und die Stimmung: Von Waffeln & Cr\u00eapes oder Softeis bis hin zu deftigen veganen Chili sin Carne oder Flammkuchen.","breadcrumb":{"@id":"https:\/\/auerworld-festival.de\/happa-happa\/#breadcrumb"},"inLanguage":"en-GB","potentialAction":[{"@type":"ReadAction","target":["https:\/\/auerworld-festival.de\/happa-happa\/"]}]},{"@type":"ImageObject","inLanguage":"en-GB","@id":"https:\/\/auerworld-festival.de\/happa-happa\/#primaryimage","url":"https:\/\/auerworld-festival.de\/wp-content\/uploads\/Flammkuchen.webp","contentUrl":"https:\/\/auerworld-festival.de\/wp-content\/uploads\/Flammkuchen.webp","width":2048,"height":1365,"caption":"Flammkuchen"},{"@type":"BreadcrumbList","@id":"https:\/\/auerworld-festival.de\/happa-happa\/#breadcrumb","itemListElement":[{"@type":"ListItem","position":1,"name":"Start","item":"https:\/\/auerworld-festival.de\/"},{"@type":"ListItem","position":2,"name":"Happa-Happa"}]},{"@type":"WebSite","@id":"https:\/\/auerworld-festival.de\/#website","url":"https:\/\/auerworld-festival.de\/","name":"Auerworld Festival","description":"Tanzen unter Weiden","publisher":{"@id":"https:\/\/auerworld-festival.de\/#organization"},"potentialAction":[{"@type":"SearchAction","target":{"@type":"EntryPoint","urlTemplate":"https:\/\/auerworld-festival.de\/?s={search_term_string}"},"query-input":{"@type":"PropertyValueSpecification","valueRequired":true,"valueName":"search_term_string"}}],"inLanguage":"en-GB"},{"@type":"Organization","@id":"https:\/\/auerworld-festival.de\/#organization","name":"Auerworld Festival","url":"https:\/\/auerworld-festival.de\/","logo":{"@type":"ImageObject","inLanguage":"en-GB","@id":"https:\/\/auerworld-festival.de\/#\/schema\/logo\/image\/","url":"https:\/\/auerworld-festival.de\/wp-content\/uploads\/AWF-Logo.svg","contentUrl":"https:\/\/auerworld-festival.de\/wp-content\/uploads\/AWF-Logo.svg","width":1,"height":1,"caption":"Auerworld Festival"},"image":{"@id":"https:\/\/auerworld-festival.de\/#\/schema\/logo\/image\/"},"sameAs":["https:\/\/www.facebook.com\/auerworld.festival\/","https:\/\/www.instagram.com\/auerworld\/"]}]}},"_links":{"self":[{"href":"https:\/\/auerworld-festival.de\/en\/wp-json\/wp\/v2\/pages\/397","targetHints":{"allow":["GET"]}}],"collection":[{"href":"https:\/\/auerworld-festival.de\/en\/wp-json\/wp\/v2\/pages"}],"about":[{"href":"https:\/\/auerworld-festival.de\/en\/wp-json\/wp\/v2\/types\/page"}],"author":[{"embeddable":true,"href":"https:\/\/auerworld-festival.de\/en\/wp-json\/wp\/v2\/users\/2"}],"replies":[{"embeddable":true,"href":"https:\/\/auerworld-festival.de\/en\/wp-json\/wp\/v2\/comments?post=397"}],"version-history":[{"count":22,"href":"https:\/\/auerworld-festival.de\/en\/wp-json\/wp\/v2\/pages\/397\/revisions"}],"predecessor-version":[{"id":4228,"href":"https:\/\/auerworld-festival.de\/en\/wp-json\/wp\/v2\/pages\/397\/revisions\/4228"}],"wp:featuredmedia":[{"embeddable":true,"href":"https:\/\/auerworld-festival.de\/en\/wp-json\/wp\/v2\/media\/2716"}],"wp:attachment":[{"href":"https:\/\/auerworld-festival.de\/en\/wp-json\/wp\/v2\/media?parent=397"}],"wp:term":[{"taxonomy":"folder","embeddable":true,"href":"https:\/\/auerworld-festival.de\/en\/wp-json\/wp\/v2\/folder?post=397"}],"curies":[{"name":"wp","href":"https:\/\/api.w.org\/{rel}","templated":true}]}}