{"id":3118,"date":"2025-06-18T00:55:07","date_gmt":"2025-06-17T22:55:07","guid":{"rendered":"https:\/\/auerworld-festival.de\/?page_id=3118"},"modified":"2026-04-11T11:00:19","modified_gmt":"2026-04-11T09:00:19","slug":"traumtauschbaum","status":"publish","type":"page","link":"https:\/\/auerworld-festival.de\/en\/traumtauschbaum\/","title":{"rendered":"Traumtauschbaum"},"content":{"rendered":"\n[et_pb_section fb_built=&#8220;1&#8243; custom_padding_last_edited=&#8220;on|phone&#8220; admin_label=&#8220;Sektion&#8220; module_class=&#8220;awf-header&#8220; _builder_version=&#8220;4.27.4&#8243; _module_preset=&#8220;default&#8220; background_image=&#8220;https:\/\/auerworld-festival.de\/wp-content\/uploads\/Traumtausch.webp&#8220; parallax=&#8220;on&#8220; parallax_method=&#8220;off&#8220; custom_padding=&#8220;335px|||||&#8220; custom_padding_tablet=&#8220;335px|||||&#8220; custom_padding_phone=&#8220;21px||||false|false&#8220; hover_enabled=&#8220;0&#8243; box_shadow_style=&#8220;preset3&#8243; locked=&#8220;off&#8220; global_colors_info=&#8220;{}&#8220; alt=&#8220;Traumtausch&#8220; title_text=&#8220;Traumtausch&#8220; sticky_enabled=&#8220;0&#8243;][et_pb_row _builder_version=&#8220;4.21.0&#8243; _module_preset=&#8220;default&#8220; global_colors_info=&#8220;{}&#8220;][et_pb_column type=&#8220;4_4&#8243; _builder_version=&#8220;4.21.0&#8243; _module_preset=&#8220;default&#8220; global_colors_info=&#8220;{}&#8220;][et_pb_heading title=&#8220;Traumtauschbaum&#8220; _builder_version=&#8220;4.27.4&#8243; _module_preset=&#8220;default&#8220; hover_enabled=&#8220;0&#8243; global_colors_info=&#8220;{}&#8220; sticky_enabled=&#8220;0&#8243;][\/et_pb_heading][et_pb_heading title=&#8220;Teile, Tausche, Trage \u2013 Magie der Gemeinschaft&#8220; _builder_version=&#8220;4.27.4&#8243; _module_preset=&#8220;default&#8220; title_level=&#8220;h2&#8243; hover_enabled=&#8220;0&#8243; global_colors_info=&#8220;{}&#8220; sticky_enabled=&#8220;0&#8243;][\/et_pb_heading][\/et_pb_column][\/et_pb_row][\/et_pb_section][et_pb_section fb_built=&#8220;1&#8243; _builder_version=&#8220;4.27.4&#8243; _module_preset=&#8220;default&#8220; global_colors_info=&#8220;{}&#8220;][et_pb_row _builder_version=&#8220;4.27.4&#8243; _module_preset=&#8220;default&#8220; global_colors_info=&#8220;{}&#8220;][et_pb_column type=&#8220;4_4&#8243; _builder_version=&#8220;4.27.4&#8243; _module_preset=&#8220;default&#8220; global_colors_info=&#8220;{}&#8220;][et_pb_text _builder_version=&#8220;4.27.4&#8243; _module_preset=&#8220;default&#8220; hover_enabled=&#8220;0&#8243; global_colors_info=&#8220;{}&#8220; sticky_enabled=&#8220;0&#8243;]<p data-pm-slice=\"1 1 []\">Hast du Kleidungsst\u00fccke, die du nicht mehr tr\u00e4gst oder die schon lange unbenutzt in deinem Schrank h\u00e4ngen? Oder vielleicht sogar ein Teil, das deine Freundin nie getragen hat? Dann bringe sie mit zum Auerworld Festival und h\u00e4nge sie in unseren Traumtauschbaum!<\/p>\n<h2>Unser Traumtauschbaum<\/h2>\n<p>Der Traumtauschbaum ist ein magischer Ort auf unserem Festivalgel\u00e4nde, an dem du deine unbenutzten oder nicht mehr getragene Kleidungsst\u00fccke aufh\u00e4ngen kannst. Indem du deine Kleidung in den Baum h\u00e4ngst, gibst du ihr die Chance auf ein neues Leben und machst gleichzeitig andere Festivalbesucher gl\u00fccklich. Es ist eine wunderbare Gelegenheit, um Kleidung weiterzugeben und sicherzustellen, dass sie nicht geschreddert wird, sondern einen neuen Besitzer findet, der sich \u00fcber ein neues Kleidungsst\u00fcck freut.<\/p>[\/et_pb_text][\/et_pb_column][\/et_pb_row][et_pb_row _builder_version=&#8220;4.27.4&#8243; _module_preset=&#8220;default&#8220; column_structure=&#8220;1_2,1_2&#8243;][et_pb_column _builder_version=&#8220;4.27.4&#8243; _module_preset=&#8220;default&#8220; type=&#8220;1_2&#8243;][et_pb_image src=&#8220;https:\/\/auerworld-festival.de\/wp-content\/uploads\/Traumtausch-2.webp&#8220; _builder_version=&#8220;4.27.4&#8243; _module_preset=&#8220;default&#8220; alt=&#8220;Traumtausch&#8220; title_text=&#8220;Traumtausch&#8220; hover_enabled=&#8220;0&#8243; sticky_enabled=&#8220;0&#8243; show_in_lightbox=&#8220;on&#8220;][\/et_pb_image][\/et_pb_column][et_pb_column _builder_version=&#8220;4.27.4&#8243; _module_preset=&#8220;default&#8220; type=&#8220;1_2&#8243;][et_pb_text _builder_version=&#8220;4.27.4&#8243; _module_preset=&#8220;default&#8220; hover_enabled=&#8220;0&#8243; sticky_enabled=&#8220;0&#8243;]<h2>Wie funktioniert es?<\/h2>\n<ol data-tight=\"true\">\n<li><strong>Mitbringen<\/strong>: Bringe deine sauberen und gut erhaltenen Kleidungsst\u00fccke zum Festival mit.<\/li>\n<li><strong>Aufh\u00e4ngen<\/strong>: H\u00e4nge die Kleidungsst\u00fccke in den Traumtauschbaum.<\/li>\n<li><strong>Entdecken<\/strong>: Durchst\u00f6bere die Kleidungsst\u00fccke im Baum und finde vielleicht ein neues Lieblingsteil f\u00fcr dich.<\/li>\n<li><strong>Mitnehmen<\/strong>: Nimm dir ein Kleidungsst\u00fcck aus dem Baum mit, das dir gef\u00e4llt, und gib ihm ein neues Zuhause.<\/li>\n<\/ol>[\/et_pb_text][\/et_pb_column][\/et_pb_row][et_pb_row _builder_version=&#8220;4.27.4&#8243; _module_preset=&#8220;default&#8220; column_structure=&#8220;1_2,1_2&#8243;][et_pb_column _builder_version=&#8220;4.27.4&#8243; _module_preset=&#8220;default&#8220; type=&#8220;1_2&#8243;][et_pb_text _builder_version=&#8220;4.27.4&#8243; _module_preset=&#8220;default&#8220; hover_enabled=&#8220;0&#8243; sticky_enabled=&#8220;0&#8243;]<h2>Warum mitmachen?<\/h2>\n<ul data-tight=\"true\">\n<li><strong>Nachhaltigkeit<\/strong>: Indem du deine Kleidung weitergibst, tr\u00e4gst du dazu bei, die Umwelt zu schonen und Kleidung vor der Vernichtung zu bewahren.<\/li>\n<li><strong>Gemeinschaft<\/strong>: Der Traumzauberbaum f\u00f6rdert den Gemeinschaftsgeist und zeigt, wie wir durch kleine Gesten Gro\u00dfes bewirken k\u00f6nnen.<\/li>\n<li><strong>Freude<\/strong>: Es ist ein wunderbares Gef\u00fchl, zu wissen, dass deine alten Kleidungsst\u00fccke jemand anderen gl\u00fccklich machen.<\/li>\n<\/ul>[\/et_pb_text][\/et_pb_column][et_pb_column _builder_version=&#8220;4.27.4&#8243; _module_preset=&#8220;default&#8220; type=&#8220;1_2&#8243;][et_pb_image src=&#8220;https:\/\/auerworld-festival.de\/wp-content\/uploads\/Traumtausch-3.webp&#8220; _builder_version=&#8220;4.27.4&#8243; _module_preset=&#8220;default&#8220; hover_enabled=&#8220;0&#8243; sticky_enabled=&#8220;0&#8243; alt=&#8220;Traumtausch&#8220; title_text=&#8220;Traumtausch&#8220; show_in_lightbox=&#8220;on&#8220;][\/et_pb_image][\/et_pb_column][\/et_pb_row][et_pb_row _builder_version=&#8220;4.27.4&#8243; _module_preset=&#8220;default&#8220;][et_pb_column _builder_version=&#8220;4.27.4&#8243; _module_preset=&#8220;default&#8220; type=&#8220;4_4&#8243;][et_pb_text _builder_version=&#8220;4.27.4&#8243; _module_preset=&#8220;default&#8220; hover_enabled=&#8220;0&#8243; sticky_enabled=&#8220;0&#8243;]<h2>Mach mit und werde Teil der Bewegung<\/h2>\n<p>Wir laden dich ein, Teil dieser wunderbaren Aktion zu werden. Bringe deine unbenutzten Kleidungsst\u00fccke mit und h\u00e4nge sie in den Traumtauschbaum. Gemeinsam k\u00f6nnen wir dazu beitragen, dass Kleidung im Umlauf bleibt und neue Besitzer findet, die sich \u00fcber ihre neuen Sch\u00e4tze freuen.<\/p>\n<p>Wir freuen uns darauf, dich am Traumtauschbaum zu sehen und gemeinsam mit dir eine nachhaltige und freudvolle Festivalerfahrung zu teilen!<\/p>[\/et_pb_text][\/et_pb_column][\/et_pb_row][\/et_pb_section]\n","protected":false},"excerpt":{"rendered":"<p>Hast du Kleidungsst\u00fccke, die du nicht mehr tr\u00e4gst oder die schon lange unbenutzt in deinem Schrank h\u00e4ngen? Oder vielleicht sogar ein Teil, das deine Freundin nie getragen hat? Dann bringe sie mit zum Auerworld Festival und h\u00e4nge sie in unseren Traumtauschbaum! Unser Traumtauschbaum Der Traumtauschbaum ist ein magischer Ort auf unserem Festivalgel\u00e4nde, an dem du [&hellip;]<\/p>\n","protected":false},"author":9,"featured_media":3126,"parent":0,"menu_order":0,"comment_status":"closed","ping_status":"closed","template":"","meta":{"_et_pb_use_builder":"on","_et_pb_old_content":"","_et_gb_content_width":"","footnotes":""},"folder":[29],"class_list":["post-3118","page","type-page","status-publish","has-post-thumbnail","hentry"],"yoast_head":"<!-- This site is optimized with the Yoast SEO plugin v27.3 - https:\/\/yoast.com\/product\/yoast-seo-wordpress\/ -->\n<title>Traumtauschbaum - Auerworld Festival<\/title>\n<meta name=\"description\" content=\"Der Traumtauschbaum ist ein Ort an dem du deine alten Kleidungsst\u00fccke aufh\u00e4ngen und dich selbt \u00fcber ein neues Kleidungsst\u00fcck freuen kannst.\" \/>\n<meta name=\"robots\" content=\"index, follow, max-snippet:-1, max-image-preview:large, max-video-preview:-1\" \/>\n<link rel=\"canonical\" href=\"https:\/\/auerworld-festival.de\/en\/traumtauschbaum\/\" \/>\n<meta property=\"og:locale\" content=\"en_GB\" \/>\n<meta property=\"og:type\" content=\"article\" \/>\n<meta property=\"og:title\" content=\"Traumtauschbaum\" \/>\n<meta property=\"og:description\" content=\"Der Traumtauschbaum ist ein Ort an dem du deine alten Kleidungsst\u00fccke aufh\u00e4ngen und dich selbt \u00fcber ein neues Kleidungsst\u00fcck freuen kannst.\" \/>\n<meta property=\"og:url\" content=\"https:\/\/auerworld-festival.de\/en\/traumtauschbaum\/\" \/>\n<meta property=\"og:site_name\" content=\"Auerworld Festival\" \/>\n<meta property=\"article:publisher\" content=\"https:\/\/www.facebook.com\/auerworld.festival\/\" \/>\n<meta property=\"article:modified_time\" content=\"2026-04-11T09:00:19+00:00\" \/>\n<meta property=\"og:image\" content=\"https:\/\/auerworld-festival.de\/wp-content\/uploads\/Traumtausch.webp\" \/>\n\t<meta property=\"og:image:width\" content=\"2048\" \/>\n\t<meta property=\"og:image:height\" content=\"1365\" \/>\n\t<meta property=\"og:image:type\" content=\"image\/webp\" \/>\n<meta name=\"twitter:card\" content=\"summary_large_image\" \/>\n<meta name=\"twitter:title\" content=\"Traumtauschbaum\" \/>\n<meta name=\"twitter:description\" content=\"Der Traumtauschbaum ist ein Ort an dem du deine alten Kleidungsst\u00fccke aufh\u00e4ngen und dich selbt \u00fcber ein neues Kleidungsst\u00fcck freuen kannst.\" \/>\n<meta name=\"twitter:image\" content=\"https:\/\/auerworld-festival.de\/wp-content\/uploads\/Traumtausch.webp\" \/>\n<meta name=\"twitter:label1\" content=\"Estimated reading time\" \/>\n\t<meta name=\"twitter:data1\" content=\"3 minutes\" \/>\n<script type=\"application\/ld+json\" class=\"yoast-schema-graph\">{\"@context\":\"https:\\\/\\\/schema.org\",\"@graph\":[{\"@type\":\"WebPage\",\"@id\":\"https:\\\/\\\/auerworld-festival.de\\\/traumtauschbaum\\\/\",\"url\":\"https:\\\/\\\/auerworld-festival.de\\\/traumtauschbaum\\\/\",\"name\":\"Traumtauschbaum - Auerworld Festival\",\"isPartOf\":{\"@id\":\"https:\\\/\\\/auerworld-festival.de\\\/#website\"},\"primaryImageOfPage\":{\"@id\":\"https:\\\/\\\/auerworld-festival.de\\\/traumtauschbaum\\\/#primaryimage\"},\"image\":{\"@id\":\"https:\\\/\\\/auerworld-festival.de\\\/traumtauschbaum\\\/#primaryimage\"},\"thumbnailUrl\":\"https:\\\/\\\/auerworld-festival.de\\\/wp-content\\\/uploads\\\/Traumtausch.webp\",\"datePublished\":\"2025-06-17T22:55:07+00:00\",\"dateModified\":\"2026-04-11T09:00:19+00:00\",\"description\":\"Der Traumtauschbaum ist ein Ort an dem du deine alten Kleidungsst\u00fccke aufh\u00e4ngen und dich selbt \u00fcber ein neues Kleidungsst\u00fcck freuen kannst.\",\"breadcrumb\":{\"@id\":\"https:\\\/\\\/auerworld-festival.de\\\/traumtauschbaum\\\/#breadcrumb\"},\"inLanguage\":\"en-GB\",\"potentialAction\":[{\"@type\":\"ReadAction\",\"target\":[\"https:\\\/\\\/auerworld-festival.de\\\/traumtauschbaum\\\/\"]}]},{\"@type\":\"ImageObject\",\"inLanguage\":\"en-GB\",\"@id\":\"https:\\\/\\\/auerworld-festival.de\\\/traumtauschbaum\\\/#primaryimage\",\"url\":\"https:\\\/\\\/auerworld-festival.de\\\/wp-content\\\/uploads\\\/Traumtausch.webp\",\"contentUrl\":\"https:\\\/\\\/auerworld-festival.de\\\/wp-content\\\/uploads\\\/Traumtausch.webp\",\"width\":2048,\"height\":1365,\"caption\":\"Traumtausch\"},{\"@type\":\"BreadcrumbList\",\"@id\":\"https:\\\/\\\/auerworld-festival.de\\\/traumtauschbaum\\\/#breadcrumb\",\"itemListElement\":[{\"@type\":\"ListItem\",\"position\":1,\"name\":\"Start\",\"item\":\"https:\\\/\\\/auerworld-festival.de\\\/\"},{\"@type\":\"ListItem\",\"position\":2,\"name\":\"Traumtauschbaum\"}]},{\"@type\":\"WebSite\",\"@id\":\"https:\\\/\\\/auerworld-festival.de\\\/#website\",\"url\":\"https:\\\/\\\/auerworld-festival.de\\\/\",\"name\":\"Auerworld Festival\",\"description\":\"Tanzen unter Weiden\",\"publisher\":{\"@id\":\"https:\\\/\\\/auerworld-festival.de\\\/#organization\"},\"potentialAction\":[{\"@type\":\"SearchAction\",\"target\":{\"@type\":\"EntryPoint\",\"urlTemplate\":\"https:\\\/\\\/auerworld-festival.de\\\/?s={search_term_string}\"},\"query-input\":{\"@type\":\"PropertyValueSpecification\",\"valueRequired\":true,\"valueName\":\"search_term_string\"}}],\"inLanguage\":\"en-GB\"},{\"@type\":\"Organization\",\"@id\":\"https:\\\/\\\/auerworld-festival.de\\\/#organization\",\"name\":\"Auerworld Festival\",\"url\":\"https:\\\/\\\/auerworld-festival.de\\\/\",\"logo\":{\"@type\":\"ImageObject\",\"inLanguage\":\"en-GB\",\"@id\":\"https:\\\/\\\/auerworld-festival.de\\\/#\\\/schema\\\/logo\\\/image\\\/\",\"url\":\"https:\\\/\\\/auerworld-festival.de\\\/wp-content\\\/uploads\\\/AWF-Logo.svg\",\"contentUrl\":\"https:\\\/\\\/auerworld-festival.de\\\/wp-content\\\/uploads\\\/AWF-Logo.svg\",\"width\":1,\"height\":1,\"caption\":\"Auerworld Festival\"},\"image\":{\"@id\":\"https:\\\/\\\/auerworld-festival.de\\\/#\\\/schema\\\/logo\\\/image\\\/\"},\"sameAs\":[\"https:\\\/\\\/www.facebook.com\\\/auerworld.festival\\\/\",\"https:\\\/\\\/www.instagram.com\\\/auerworld\\\/\"]}]}<\/script>\n<!-- \/ Yoast SEO plugin. -->","yoast_head_json":{"title":"Traumtauschbaum - Auerworld Festival","description":"Der Traumtauschbaum ist ein Ort an dem du deine alten Kleidungsst\u00fccke aufh\u00e4ngen und dich selbt \u00fcber ein neues Kleidungsst\u00fcck freuen kannst.","robots":{"index":"index","follow":"follow","max-snippet":"max-snippet:-1","max-image-preview":"max-image-preview:large","max-video-preview":"max-video-preview:-1"},"canonical":"https:\/\/auerworld-festival.de\/en\/traumtauschbaum\/","og_locale":"en_GB","og_type":"article","og_title":"Traumtauschbaum","og_description":"Der Traumtauschbaum ist ein Ort an dem du deine alten Kleidungsst\u00fccke aufh\u00e4ngen und dich selbt \u00fcber ein neues Kleidungsst\u00fcck freuen kannst.","og_url":"https:\/\/auerworld-festival.de\/en\/traumtauschbaum\/","og_site_name":"Auerworld Festival","article_publisher":"https:\/\/www.facebook.com\/auerworld.festival\/","article_modified_time":"2026-04-11T09:00:19+00:00","og_image":[{"width":2048,"height":1365,"url":"https:\/\/auerworld-festival.de\/wp-content\/uploads\/Traumtausch.webp","type":"image\/webp"}],"twitter_card":"summary_large_image","twitter_title":"Traumtauschbaum","twitter_description":"Der Traumtauschbaum ist ein Ort an dem du deine alten Kleidungsst\u00fccke aufh\u00e4ngen und dich selbt \u00fcber ein neues Kleidungsst\u00fcck freuen kannst.","twitter_image":"https:\/\/auerworld-festival.de\/wp-content\/uploads\/Traumtausch.webp","twitter_misc":{"Estimated reading time":"3 minutes"},"schema":{"@context":"https:\/\/schema.org","@graph":[{"@type":"WebPage","@id":"https:\/\/auerworld-festival.de\/traumtauschbaum\/","url":"https:\/\/auerworld-festival.de\/traumtauschbaum\/","name":"Traumtauschbaum - Auerworld Festival","isPartOf":{"@id":"https:\/\/auerworld-festival.de\/#website"},"primaryImageOfPage":{"@id":"https:\/\/auerworld-festival.de\/traumtauschbaum\/#primaryimage"},"image":{"@id":"https:\/\/auerworld-festival.de\/traumtauschbaum\/#primaryimage"},"thumbnailUrl":"https:\/\/auerworld-festival.de\/wp-content\/uploads\/Traumtausch.webp","datePublished":"2025-06-17T22:55:07+00:00","dateModified":"2026-04-11T09:00:19+00:00","description":"Der Traumtauschbaum ist ein Ort an dem du deine alten Kleidungsst\u00fccke aufh\u00e4ngen und dich selbt \u00fcber ein neues Kleidungsst\u00fcck freuen kannst.","breadcrumb":{"@id":"https:\/\/auerworld-festival.de\/traumtauschbaum\/#breadcrumb"},"inLanguage":"en-GB","potentialAction":[{"@type":"ReadAction","target":["https:\/\/auerworld-festival.de\/traumtauschbaum\/"]}]},{"@type":"ImageObject","inLanguage":"en-GB","@id":"https:\/\/auerworld-festival.de\/traumtauschbaum\/#primaryimage","url":"https:\/\/auerworld-festival.de\/wp-content\/uploads\/Traumtausch.webp","contentUrl":"https:\/\/auerworld-festival.de\/wp-content\/uploads\/Traumtausch.webp","width":2048,"height":1365,"caption":"Traumtausch"},{"@type":"BreadcrumbList","@id":"https:\/\/auerworld-festival.de\/traumtauschbaum\/#breadcrumb","itemListElement":[{"@type":"ListItem","position":1,"name":"Start","item":"https:\/\/auerworld-festival.de\/"},{"@type":"ListItem","position":2,"name":"Traumtauschbaum"}]},{"@type":"WebSite","@id":"https:\/\/auerworld-festival.de\/#website","url":"https:\/\/auerworld-festival.de\/","name":"Auerworld Festival","description":"Tanzen unter Weiden","publisher":{"@id":"https:\/\/auerworld-festival.de\/#organization"},"potentialAction":[{"@type":"SearchAction","target":{"@type":"EntryPoint","urlTemplate":"https:\/\/auerworld-festival.de\/?s={search_term_string}"},"query-input":{"@type":"PropertyValueSpecification","valueRequired":true,"valueName":"search_term_string"}}],"inLanguage":"en-GB"},{"@type":"Organization","@id":"https:\/\/auerworld-festival.de\/#organization","name":"Auerworld Festival","url":"https:\/\/auerworld-festival.de\/","logo":{"@type":"ImageObject","inLanguage":"en-GB","@id":"https:\/\/auerworld-festival.de\/#\/schema\/logo\/image\/","url":"https:\/\/auerworld-festival.de\/wp-content\/uploads\/AWF-Logo.svg","contentUrl":"https:\/\/auerworld-festival.de\/wp-content\/uploads\/AWF-Logo.svg","width":1,"height":1,"caption":"Auerworld Festival"},"image":{"@id":"https:\/\/auerworld-festival.de\/#\/schema\/logo\/image\/"},"sameAs":["https:\/\/www.facebook.com\/auerworld.festival\/","https:\/\/www.instagram.com\/auerworld\/"]}]}},"_links":{"self":[{"href":"https:\/\/auerworld-festival.de\/en\/wp-json\/wp\/v2\/pages\/3118","targetHints":{"allow":["GET"]}}],"collection":[{"href":"https:\/\/auerworld-festival.de\/en\/wp-json\/wp\/v2\/pages"}],"about":[{"href":"https:\/\/auerworld-festival.de\/en\/wp-json\/wp\/v2\/types\/page"}],"author":[{"embeddable":true,"href":"https:\/\/auerworld-festival.de\/en\/wp-json\/wp\/v2\/users\/9"}],"replies":[{"embeddable":true,"href":"https:\/\/auerworld-festival.de\/en\/wp-json\/wp\/v2\/comments?post=3118"}],"version-history":[{"count":5,"href":"https:\/\/auerworld-festival.de\/en\/wp-json\/wp\/v2\/pages\/3118\/revisions"}],"predecessor-version":[{"id":3134,"href":"https:\/\/auerworld-festival.de\/en\/wp-json\/wp\/v2\/pages\/3118\/revisions\/3134"}],"wp:featuredmedia":[{"embeddable":true,"href":"https:\/\/auerworld-festival.de\/en\/wp-json\/wp\/v2\/media\/3126"}],"wp:attachment":[{"href":"https:\/\/auerworld-festival.de\/en\/wp-json\/wp\/v2\/media?parent=3118"}],"wp:term":[{"taxonomy":"folder","embeddable":true,"href":"https:\/\/auerworld-festival.de\/en\/wp-json\/wp\/v2\/folder?post=3118"}],"curies":[{"name":"wp","href":"https:\/\/api.w.org\/{rel}","templated":true}]}}