{"id":3038,"date":"2025-06-15T20:31:27","date_gmt":"2025-06-15T18:31:27","guid":{"rendered":"https:\/\/auerworld-festival.de\/?page_id=3038"},"modified":"2026-04-11T09:37:25","modified_gmt":"2026-04-11T07:37:25","slug":"sauna","status":"publish","type":"page","link":"https:\/\/auerworld-festival.de\/en\/sauna\/","title":{"rendered":"Sauna"},"content":{"rendered":"\n[et_pb_section fb_built=&#8220;1&#8243; admin_label=&#8220;Sektion&#8220; module_class=&#8220;awf-header&#8220; _builder_version=&#8220;4.27.4&#8243; _module_preset=&#8220;default&#8220; background_image=&#8220;https:\/\/auerworld-festival.de\/wp-content\/uploads\/Fasssauna.webp&#8220; locked=&#8220;off&#8220; global_colors_info=&#8220;{}&#8220;][et_pb_row _builder_version=&#8220;4.27.4&#8243; _module_preset=&#8220;default&#8220; global_colors_info=&#8220;{}&#8220;][et_pb_column type=&#8220;4_4&#8243; _builder_version=&#8220;4.27.4&#8243; _module_preset=&#8220;default&#8220; global_colors_info=&#8220;{}&#8220;][et_pb_heading title=&#8220;Sauna&#8220; admin_label=&#8220;\u00dcberschrift H1&#8243; _builder_version=&#8220;4.27.4&#8243; _module_preset=&#8220;default&#8220; global_colors_info=&#8220;{}&#8220;][\/et_pb_heading][et_pb_heading title=&#8220;W\u00e4rme, die K\u00f6rper und Seele verw\u00f6hnt&#8220; _builder_version=&#8220;4.27.4&#8243; _module_preset=&#8220;default&#8220; title_level=&#8220;h2&#8243; global_colors_info=&#8220;{}&#8220;][\/et_pb_heading][\/et_pb_column][\/et_pb_row][\/et_pb_section][et_pb_section fb_built=&#8220;1&#8243; _builder_version=&#8220;4.27.4&#8243; _module_preset=&#8220;default&#8220; global_colors_info=&#8220;{}&#8220;][et_pb_row _builder_version=&#8220;4.27.4&#8243; _module_preset=&#8220;default&#8220; global_colors_info=&#8220;{}&#8220;][et_pb_column type=&#8220;4_4&#8243; _builder_version=&#8220;4.27.4&#8243; _module_preset=&#8220;default&#8220; global_colors_info=&#8220;{}&#8220;][et_pb_text _builder_version=&#8220;4.27.4&#8243; _module_preset=&#8220;default&#8220; hover_enabled=&#8220;0&#8243; global_colors_info=&#8220;{}&#8220; sticky_enabled=&#8220;0&#8243;]<p>Tauche ein in eine Oase der Ruhe und Entspannung mitten im Trubel des Auerworld Festivals. Unsere gem\u00fctliche Sauna steht dir fast zu jeder Tageszeit kostenlos zur Verf\u00fcgung und l\u00e4dt dich ein, neue Energie f\u00fcr das Festival zu tanken und einfach die Seele baumeln zu lassen.<\/p>[\/et_pb_text][\/et_pb_column][\/et_pb_row][et_pb_row column_structure=&#8220;1_2,1_2&#8243; _builder_version=&#8220;4.27.4&#8243; _module_preset=&#8220;default&#8220; global_colors_info=&#8220;{}&#8220;][et_pb_column type=&#8220;1_2&#8243; _builder_version=&#8220;4.27.4&#8243; _module_preset=&#8220;default&#8220; global_colors_info=&#8220;{}&#8220;][et_pb_image src=&#8220;https:\/\/auerworld-festival.de\/wp-content\/uploads\/Saunawagen.webp&#8220; alt=&#8220;Saunawagen&#8220; title_text=&#8220;Saunawagen&#8220; show_in_lightbox=&#8220;on&#8220; _builder_version=&#8220;4.27.4&#8243; _module_preset=&#8220;default&#8220; global_colors_info=&#8220;{}&#8220;][\/et_pb_image][\/et_pb_column][et_pb_column type=&#8220;1_2&#8243; _builder_version=&#8220;4.27.4&#8243; _module_preset=&#8220;default&#8220; global_colors_info=&#8220;{}&#8220;][et_pb_text _builder_version=&#8220;4.27.4&#8243; _module_preset=&#8220;default&#8220; global_colors_info=&#8220;{}&#8220;]<p>Unsere Fasssauna bietet dir nicht nur W\u00e4rme, sondern auch eine besondere Atmosph\u00e4re, die K\u00f6rper und Geist verw\u00f6hnt. Genie\u00dfe die gesundheitsf\u00f6rdernde Wirkung des Saunierens in einer rustikalen und doch modernen Umgebung.<\/p>\n<p>Einer der vielen Vorteile unserer Sauna ist, dass sie f\u00fcr alle Festivalbesucher kostenlos zug\u00e4nglich ist. Egal ob morgens, mittags oder abends \u2013 unsere Sauna ist fast rund um die Uhr offen.<\/p>\n<p>Saunieren f\u00f6rdert deine Durchblutung, st\u00e4rkt dein Immunsystem und hilft dir, Stress abzubauen. Nutze die Gelegenheit, dir w\u00e4hrend des Festivals etwas Gutes zu tun und deine Gesundheit zu st\u00e4rken.<\/p>\n<p>Unsere Sauna ist nicht nur ein Ort der Entspannung, sondern auch ein Ort der Begegnung. Tausche dich mit anderen Festivalbesuchern aus, kn\u00fcpfe neue Kontakte und genie\u00dfe die gemeinsame Zeit in geselliger Runde.<\/p>[\/et_pb_text][\/et_pb_column][\/et_pb_row][et_pb_row _builder_version=&#8220;4.27.4&#8243; _module_preset=&#8220;default&#8220; global_colors_info=&#8220;{}&#8220;][et_pb_column type=&#8220;4_4&#8243; _builder_version=&#8220;4.27.4&#8243; _module_preset=&#8220;default&#8220; global_colors_info=&#8220;{}&#8220;][et_pb_text _builder_version=&#8220;4.27.4&#8243; _module_preset=&#8220;default&#8220; global_colors_info=&#8220;{}&#8220;]<p>Wir freuen uns darauf, dich in unserer Fasssauna begr\u00fc\u00dfen zu d\u00fcrfen \u2013 deinem R\u00fcckzugsort f\u00fcr Gesundheit und Wohlbefinden w\u00e4hrend des Auerworld Festivals.<\/p>[\/et_pb_text][\/et_pb_column][\/et_pb_row][\/et_pb_section]\n","protected":false},"excerpt":{"rendered":"<p>Tauche ein in eine Oase der Ruhe und Entspannung mitten im Trubel des Auerworld Festivals. Unsere gem\u00fctliche Sauna steht dir fast zu jeder Tageszeit kostenlos zur Verf\u00fcgung und l\u00e4dt dich ein, neue Energie f\u00fcr das Festival zu tanken und einfach die Seele baumeln zu lassen.Unsere Fasssauna bietet dir nicht nur W\u00e4rme, sondern auch eine besondere [&hellip;]<\/p>\n","protected":false},"author":9,"featured_media":3044,"parent":0,"menu_order":0,"comment_status":"closed","ping_status":"closed","template":"","meta":{"_et_pb_use_builder":"on","_et_pb_old_content":"","_et_gb_content_width":"","footnotes":""},"folder":[29],"class_list":["post-3038","page","type-page","status-publish","has-post-thumbnail","hentry"],"yoast_head":"<!-- This site is optimized with the Yoast SEO plugin v27.3 - https:\/\/yoast.com\/product\/yoast-seo-wordpress\/ -->\n<title>Sauna - Auerworld Festival<\/title>\n<meta name=\"description\" content=\"Tauche ein in eine Oase der Ruhe und Entspannung mitten im Trubel des Auerworld Festivals mit unserer Sauna, die K\u00f6rper und Seele verw\u00f6hnt.\" \/>\n<meta name=\"robots\" content=\"index, follow, max-snippet:-1, max-image-preview:large, max-video-preview:-1\" \/>\n<link rel=\"canonical\" href=\"https:\/\/auerworld-festival.de\/en\/sauna\/\" \/>\n<meta property=\"og:locale\" content=\"en_GB\" \/>\n<meta property=\"og:type\" content=\"article\" \/>\n<meta property=\"og:title\" content=\"Sauna\" \/>\n<meta property=\"og:description\" content=\"Tauche ein in eine Oase der Ruhe und Entspannung mitten im Trubel des Auerworld Festivals mit unserer Sauna, die K\u00f6rper und Seele verw\u00f6hnt.\" \/>\n<meta property=\"og:url\" content=\"https:\/\/auerworld-festival.de\/en\/sauna\/\" \/>\n<meta property=\"og:site_name\" content=\"Auerworld Festival\" \/>\n<meta property=\"article:publisher\" content=\"https:\/\/www.facebook.com\/auerworld.festival\/\" \/>\n<meta property=\"article:modified_time\" content=\"2026-04-11T07:37:25+00:00\" \/>\n<meta property=\"og:image\" content=\"https:\/\/auerworld-festival.de\/wp-content\/uploads\/Fasssauna.webp\" \/>\n\t<meta property=\"og:image:width\" content=\"2048\" \/>\n\t<meta property=\"og:image:height\" content=\"1365\" \/>\n\t<meta property=\"og:image:type\" content=\"image\/webp\" \/>\n<meta name=\"twitter:card\" content=\"summary_large_image\" \/>\n<meta name=\"twitter:title\" content=\"Sauna\" \/>\n<meta name=\"twitter:description\" content=\"Tauche ein in eine Oase der Ruhe und Entspannung mitten im Trubel des Auerworld Festivals mit unserer Sauna, die K\u00f6rper und Seele verw\u00f6hnt.\" \/>\n<meta name=\"twitter:image\" content=\"https:\/\/auerworld-festival.de\/wp-content\/uploads\/Fasssauna.webp\" \/>\n<meta name=\"twitter:label1\" content=\"Estimated reading time\" \/>\n\t<meta name=\"twitter:data1\" content=\"2 minutes\" \/>\n<script type=\"application\/ld+json\" class=\"yoast-schema-graph\">{\"@context\":\"https:\\\/\\\/schema.org\",\"@graph\":[{\"@type\":\"WebPage\",\"@id\":\"https:\\\/\\\/auerworld-festival.de\\\/sauna\\\/\",\"url\":\"https:\\\/\\\/auerworld-festival.de\\\/sauna\\\/\",\"name\":\"Sauna - Auerworld Festival\",\"isPartOf\":{\"@id\":\"https:\\\/\\\/auerworld-festival.de\\\/#website\"},\"primaryImageOfPage\":{\"@id\":\"https:\\\/\\\/auerworld-festival.de\\\/sauna\\\/#primaryimage\"},\"image\":{\"@id\":\"https:\\\/\\\/auerworld-festival.de\\\/sauna\\\/#primaryimage\"},\"thumbnailUrl\":\"https:\\\/\\\/auerworld-festival.de\\\/wp-content\\\/uploads\\\/Fasssauna.webp\",\"datePublished\":\"2025-06-15T18:31:27+00:00\",\"dateModified\":\"2026-04-11T07:37:25+00:00\",\"description\":\"Tauche ein in eine Oase der Ruhe und Entspannung mitten im Trubel des Auerworld Festivals mit unserer Sauna, die K\u00f6rper und Seele verw\u00f6hnt.\",\"breadcrumb\":{\"@id\":\"https:\\\/\\\/auerworld-festival.de\\\/sauna\\\/#breadcrumb\"},\"inLanguage\":\"en-GB\",\"potentialAction\":[{\"@type\":\"ReadAction\",\"target\":[\"https:\\\/\\\/auerworld-festival.de\\\/sauna\\\/\"]}]},{\"@type\":\"ImageObject\",\"inLanguage\":\"en-GB\",\"@id\":\"https:\\\/\\\/auerworld-festival.de\\\/sauna\\\/#primaryimage\",\"url\":\"https:\\\/\\\/auerworld-festival.de\\\/wp-content\\\/uploads\\\/Fasssauna.webp\",\"contentUrl\":\"https:\\\/\\\/auerworld-festival.de\\\/wp-content\\\/uploads\\\/Fasssauna.webp\",\"width\":2048,\"height\":1365,\"caption\":\"Fasssauna\"},{\"@type\":\"BreadcrumbList\",\"@id\":\"https:\\\/\\\/auerworld-festival.de\\\/sauna\\\/#breadcrumb\",\"itemListElement\":[{\"@type\":\"ListItem\",\"position\":1,\"name\":\"Start\",\"item\":\"https:\\\/\\\/auerworld-festival.de\\\/\"},{\"@type\":\"ListItem\",\"position\":2,\"name\":\"Sauna\"}]},{\"@type\":\"WebSite\",\"@id\":\"https:\\\/\\\/auerworld-festival.de\\\/#website\",\"url\":\"https:\\\/\\\/auerworld-festival.de\\\/\",\"name\":\"Auerworld Festival\",\"description\":\"Tanzen unter Weiden\",\"publisher\":{\"@id\":\"https:\\\/\\\/auerworld-festival.de\\\/#organization\"},\"potentialAction\":[{\"@type\":\"SearchAction\",\"target\":{\"@type\":\"EntryPoint\",\"urlTemplate\":\"https:\\\/\\\/auerworld-festival.de\\\/?s={search_term_string}\"},\"query-input\":{\"@type\":\"PropertyValueSpecification\",\"valueRequired\":true,\"valueName\":\"search_term_string\"}}],\"inLanguage\":\"en-GB\"},{\"@type\":\"Organization\",\"@id\":\"https:\\\/\\\/auerworld-festival.de\\\/#organization\",\"name\":\"Auerworld Festival\",\"url\":\"https:\\\/\\\/auerworld-festival.de\\\/\",\"logo\":{\"@type\":\"ImageObject\",\"inLanguage\":\"en-GB\",\"@id\":\"https:\\\/\\\/auerworld-festival.de\\\/#\\\/schema\\\/logo\\\/image\\\/\",\"url\":\"https:\\\/\\\/auerworld-festival.de\\\/wp-content\\\/uploads\\\/AWF-Logo.svg\",\"contentUrl\":\"https:\\\/\\\/auerworld-festival.de\\\/wp-content\\\/uploads\\\/AWF-Logo.svg\",\"width\":1,\"height\":1,\"caption\":\"Auerworld Festival\"},\"image\":{\"@id\":\"https:\\\/\\\/auerworld-festival.de\\\/#\\\/schema\\\/logo\\\/image\\\/\"},\"sameAs\":[\"https:\\\/\\\/www.facebook.com\\\/auerworld.festival\\\/\",\"https:\\\/\\\/www.instagram.com\\\/auerworld\\\/\"]}]}<\/script>\n<!-- \/ Yoast SEO plugin. -->","yoast_head_json":{"title":"Sauna - Auerworld Festival","description":"Tauche ein in eine Oase der Ruhe und Entspannung mitten im Trubel des Auerworld Festivals mit unserer Sauna, die K\u00f6rper und Seele verw\u00f6hnt.","robots":{"index":"index","follow":"follow","max-snippet":"max-snippet:-1","max-image-preview":"max-image-preview:large","max-video-preview":"max-video-preview:-1"},"canonical":"https:\/\/auerworld-festival.de\/en\/sauna\/","og_locale":"en_GB","og_type":"article","og_title":"Sauna","og_description":"Tauche ein in eine Oase der Ruhe und Entspannung mitten im Trubel des Auerworld Festivals mit unserer Sauna, die K\u00f6rper und Seele verw\u00f6hnt.","og_url":"https:\/\/auerworld-festival.de\/en\/sauna\/","og_site_name":"Auerworld Festival","article_publisher":"https:\/\/www.facebook.com\/auerworld.festival\/","article_modified_time":"2026-04-11T07:37:25+00:00","og_image":[{"width":2048,"height":1365,"url":"https:\/\/auerworld-festival.de\/wp-content\/uploads\/Fasssauna.webp","type":"image\/webp"}],"twitter_card":"summary_large_image","twitter_title":"Sauna","twitter_description":"Tauche ein in eine Oase der Ruhe und Entspannung mitten im Trubel des Auerworld Festivals mit unserer Sauna, die K\u00f6rper und Seele verw\u00f6hnt.","twitter_image":"https:\/\/auerworld-festival.de\/wp-content\/uploads\/Fasssauna.webp","twitter_misc":{"Estimated reading time":"2 minutes"},"schema":{"@context":"https:\/\/schema.org","@graph":[{"@type":"WebPage","@id":"https:\/\/auerworld-festival.de\/sauna\/","url":"https:\/\/auerworld-festival.de\/sauna\/","name":"Sauna - Auerworld Festival","isPartOf":{"@id":"https:\/\/auerworld-festival.de\/#website"},"primaryImageOfPage":{"@id":"https:\/\/auerworld-festival.de\/sauna\/#primaryimage"},"image":{"@id":"https:\/\/auerworld-festival.de\/sauna\/#primaryimage"},"thumbnailUrl":"https:\/\/auerworld-festival.de\/wp-content\/uploads\/Fasssauna.webp","datePublished":"2025-06-15T18:31:27+00:00","dateModified":"2026-04-11T07:37:25+00:00","description":"Tauche ein in eine Oase der Ruhe und Entspannung mitten im Trubel des Auerworld Festivals mit unserer Sauna, die K\u00f6rper und Seele verw\u00f6hnt.","breadcrumb":{"@id":"https:\/\/auerworld-festival.de\/sauna\/#breadcrumb"},"inLanguage":"en-GB","potentialAction":[{"@type":"ReadAction","target":["https:\/\/auerworld-festival.de\/sauna\/"]}]},{"@type":"ImageObject","inLanguage":"en-GB","@id":"https:\/\/auerworld-festival.de\/sauna\/#primaryimage","url":"https:\/\/auerworld-festival.de\/wp-content\/uploads\/Fasssauna.webp","contentUrl":"https:\/\/auerworld-festival.de\/wp-content\/uploads\/Fasssauna.webp","width":2048,"height":1365,"caption":"Fasssauna"},{"@type":"BreadcrumbList","@id":"https:\/\/auerworld-festival.de\/sauna\/#breadcrumb","itemListElement":[{"@type":"ListItem","position":1,"name":"Start","item":"https:\/\/auerworld-festival.de\/"},{"@type":"ListItem","position":2,"name":"Sauna"}]},{"@type":"WebSite","@id":"https:\/\/auerworld-festival.de\/#website","url":"https:\/\/auerworld-festival.de\/","name":"Auerworld Festival","description":"Tanzen unter Weiden","publisher":{"@id":"https:\/\/auerworld-festival.de\/#organization"},"potentialAction":[{"@type":"SearchAction","target":{"@type":"EntryPoint","urlTemplate":"https:\/\/auerworld-festival.de\/?s={search_term_string}"},"query-input":{"@type":"PropertyValueSpecification","valueRequired":true,"valueName":"search_term_string"}}],"inLanguage":"en-GB"},{"@type":"Organization","@id":"https:\/\/auerworld-festival.de\/#organization","name":"Auerworld Festival","url":"https:\/\/auerworld-festival.de\/","logo":{"@type":"ImageObject","inLanguage":"en-GB","@id":"https:\/\/auerworld-festival.de\/#\/schema\/logo\/image\/","url":"https:\/\/auerworld-festival.de\/wp-content\/uploads\/AWF-Logo.svg","contentUrl":"https:\/\/auerworld-festival.de\/wp-content\/uploads\/AWF-Logo.svg","width":1,"height":1,"caption":"Auerworld Festival"},"image":{"@id":"https:\/\/auerworld-festival.de\/#\/schema\/logo\/image\/"},"sameAs":["https:\/\/www.facebook.com\/auerworld.festival\/","https:\/\/www.instagram.com\/auerworld\/"]}]}},"_links":{"self":[{"href":"https:\/\/auerworld-festival.de\/en\/wp-json\/wp\/v2\/pages\/3038","targetHints":{"allow":["GET"]}}],"collection":[{"href":"https:\/\/auerworld-festival.de\/en\/wp-json\/wp\/v2\/pages"}],"about":[{"href":"https:\/\/auerworld-festival.de\/en\/wp-json\/wp\/v2\/types\/page"}],"author":[{"embeddable":true,"href":"https:\/\/auerworld-festival.de\/en\/wp-json\/wp\/v2\/users\/9"}],"replies":[{"embeddable":true,"href":"https:\/\/auerworld-festival.de\/en\/wp-json\/wp\/v2\/comments?post=3038"}],"version-history":[{"count":7,"href":"https:\/\/auerworld-festival.de\/en\/wp-json\/wp\/v2\/pages\/3038\/revisions"}],"predecessor-version":[{"id":4289,"href":"https:\/\/auerworld-festival.de\/en\/wp-json\/wp\/v2\/pages\/3038\/revisions\/4289"}],"wp:featuredmedia":[{"embeddable":true,"href":"https:\/\/auerworld-festival.de\/en\/wp-json\/wp\/v2\/media\/3044"}],"wp:attachment":[{"href":"https:\/\/auerworld-festival.de\/en\/wp-json\/wp\/v2\/media?parent=3038"}],"wp:term":[{"taxonomy":"folder","embeddable":true,"href":"https:\/\/auerworld-festival.de\/en\/wp-json\/wp\/v2\/folder?post=3038"}],"curies":[{"name":"wp","href":"https:\/\/api.w.org\/{rel}","templated":true}]}}