{"id":141,"date":"2023-06-10T18:37:58","date_gmt":"2023-06-10T16:37:58","guid":{"rendered":"http:\/\/aw.acronia.de\/?page_id=141"},"modified":"2026-04-11T22:32:47","modified_gmt":"2026-04-11T20:32:47","slug":"weidenrutenbinden","status":"publish","type":"page","link":"https:\/\/auerworld-festival.de\/en\/weidenrutenbinden\/","title":{"rendered":"Weidenrutenbinden"},"content":{"rendered":"<p>[et_pb_section fb_built=&#8220;1&#8243; admin_label=&#8220;Sektion&#8220; module_class=&#8220;awf-header&#8220; _builder_version=&#8220;4.27.4&#8243; _module_preset=&#8220;default&#8220; background_image=&#8220;https:\/\/auerworld-festival.de\/wp-content\/uploads\/DSC_0009.jpg&#8220; hover_enabled=&#8220;0&#8243; locked=&#8220;off&#8220; global_colors_info=&#8220;{}&#8220; alt=&#8220;Willkommen zu Hause 2025&#8243; title_text=&#8220;DSC_0009&#8243; sticky_enabled=&#8220;0&#8243;][et_pb_row _builder_version=&#8220;4.27.4&#8243; _module_preset=&#8220;default&#8220; global_colors_info=&#8220;{}&#8220;][et_pb_column type=&#8220;4_4&#8243; _builder_version=&#8220;4.27.4&#8243; _module_preset=&#8220;default&#8220; global_colors_info=&#8220;{}&#8220;][et_pb_heading title=&#8220;Weidenrutenbinden&#8220; admin_label=&#8220;\u00dcberschrift H1&#8243; _builder_version=&#8220;4.27.4&#8243; _module_preset=&#8220;default&#8220; hover_enabled=&#8220;0&#8243; global_colors_info=&#8220;{}&#8220; sticky_enabled=&#8220;0&#8243;][\/et_pb_heading][et_pb_heading title=&#8220;Ehrliche Arbeit f\u00fcr ehrliche Weiden&#8220; _builder_version=&#8220;4.27.4&#8243; _module_preset=&#8220;default&#8220; title_level=&#8220;h2&#8243; hover_enabled=&#8220;0&#8243; global_colors_info=&#8220;{}&#8220; sticky_enabled=&#8220;0&#8243;][\/et_pb_heading][\/et_pb_column][\/et_pb_row][\/et_pb_section][et_pb_section fb_built=&#8220;1&#8243; custom_padding_last_edited=&#8220;on|phone&#8220; _builder_version=&#8220;4.21.0&#8243; _module_preset=&#8220;default&#8220; custom_padding=&#8220;14px||||false|false&#8220; custom_padding_tablet=&#8220;14px||||false|false&#8220; custom_padding_phone=&#8220;7px||||false|false&#8220; global_colors_info=&#8220;{}&#8220;][et_pb_row _builder_version=&#8220;4.21.0&#8243; _module_preset=&#8220;default&#8220; custom_padding=&#8220;15px|||||&#8220; global_colors_info=&#8220;{}&#8220;][et_pb_column type=&#8220;4_4&#8243; _builder_version=&#8220;4.21.0&#8243; _module_preset=&#8220;default&#8220; global_colors_info=&#8220;{}&#8220;][et_pb_text _builder_version=&#8220;4.27.4&#8243; _module_preset=&#8220;default&#8220; hover_enabled=&#8220;0&#8243; global_colors_info=&#8220;{}&#8220; sticky_enabled=&#8220;0&#8243;]<\/p>\n<p style=\"text-align: center;\">Es ist lauwarm. So warm, dass einem die Sonne den R\u00fccken kitzelt. So lau, dass es sich angenehm anf\u00fchlt. Einfach die beste Zeit, um drau\u00dfen zu sein. Hier in Auerstedt, auf dem Auerworld-Gel\u00e4nde.<\/p>\n<p>\u201eEs gibt eeeessen!\u201c, dr\u00f6hnt es \u00fcber das Feld. Wie die Ameisen huschen ein paar Menschen, die vorher noch mitten im Gestr\u00fcpp, zwischen \u00c4sten oder in einer Pf\u00fctze standen, aus allen Richtungen zur Feuerstelle. Es ist Pausenzeit. \u201eHmmm, lecker Pizza\u201c, sagt einer. Dazu Salate, noch mehr Salate, sogar K\u00e4sesalat (!), Antipasti, Brot, Aufstrich und andere K\u00f6stlichkeiten \u2013 eine riesige Auswahl. Ein Dank an die Container-Aktion unserer Freunde! Es ist Zeit, sich zu entspannen, seinen Teller zu best\u00fccken und es sich rund um die Feuerstelle auf den Baumst\u00e4mmen gem\u00fctlich zu machen.<\/p>\n<p>Alle sehen ein bisschen verschwitzt aus, ein bisschen erledigt und vielleicht auch ein bisschen nach \u201ees ist Zeit, mit der Arbeit aufzuh\u00f6ren\u201c aus. Doch die Stimmung f\u00fchlt sich anders an \u2013 eher nach gemeinsamem \u201egl\u00fccklich sein\u201c. Es wird gelacht und geschnackt. Und durch das Essen auch wieder Energie f\u00fcr die letzten Abendarbeiten getankt.<\/p>\n<p>Es ist Samstag am sp\u00e4ten Nachmittag. Seit den fr\u00fchen Morgenstunden arbeiten um die 20 Helfer auf dem Auerworld-Gel\u00e4nde, um es fit f\u00fcr den Sommer zu machen. Das hei\u00dft in erster Linie: unserem Weidenrutenpalast wieder eine neue Frisur zu verpassen. Die wuchernden \u00c4ste werden geschnitten, gebunden und gestutzt. Dazu wird das Au\u00dfengel\u00e4nde rund um den Palast wieder schick gemacht. Wo sonst so oder so ein Haufen Arbeit zu erledigen ist, hat dieses Mal Sturm Friederike f\u00fcr \u201eMehrarbeit\u201c gesorgt. Genauer gesagt bedeutet das: eine Menge tote \u00c4ste, verw\u00fcstete Gr\u00e4ben und entwurzelte B\u00e4ume. Keine gute Basis f\u00fcr ein bevorstehendes Festival. Schlie\u00dflich soll dort Ende Juli getanzt, gefeiert, gespielt, gekocht und genossen werden \u2013 und das soll nat\u00fcrlich auch f\u00fcr die ganz kleinen G\u00e4ste sichergestellt sein. So haben viele H\u00e4nde gemeinsam Gr\u00e4ben gereinigt, Wurzelteller begradigt, \u00c4ste eingesammelt und nat\u00fcrlich neue Weiden-Zweige gepflanzt.<\/p>\n<p>Doch trotz vollem Wochenend-Einsatz wird es wohl nicht das letzte Treffen bis Juli gewesen sein. Ein paar Wurzeln k\u00f6nnen nur mit Bagger beseitigt werden, tiefere Wasserl\u00f6cher m\u00fcssen noch zugesch\u00fcttet werden und ab Mai stehen auch wieder regelm\u00e4\u00dfige M\u00e4harbeiten an.<\/p>\n<p>Aber hey! Es ist Arbeit, ja ok. Aber es ist Arbeit, die Ende Juli hoffentlich ein Haufen Menschen gl\u00fccklich machen wird. Es ist Arbeit, die, wenn wir sie gemeinsam machen, auch ganz viel Spa\u00df mit sich bringt. Es ist Arbeit, die meist mit einer gemeinsamen Plauschrunde, tonnenweise Essen, einem knisternden Lagerfeuer und einem Sommernachtsbierchen endet. Und der Weidenrutenpalast mit Sonnenuntergang, sp\u00e4ter dann unter Sternenhimmel ist tats\u00e4chlich das I-T\u00fcpfelchen nach getaner Arbeit. Nicht zu vergessen w\u00e4re da ja auch noch unser gemeinsames Ziel: das Auerworld-Festival zu einem ganz besonderen Erlebnis f\u00fcr alle zu machen.<\/p>\n<p>Wir freuen uns schon auf den n\u00e4chsten gemeinsamen Einsatz.<\/p>\n<p>[\/et_pb_text][\/et_pb_column][\/et_pb_row][et_pb_row _builder_version=&#8220;4.21.0&#8243; _module_preset=&#8220;default&#8220; global_colors_info=&#8220;{}&#8220;][et_pb_column type=&#8220;4_4&#8243; _builder_version=&#8220;4.21.0&#8243; _module_preset=&#8220;default&#8220; global_colors_info=&#8220;{}&#8220;][et_pb_text _builder_version=&#8220;4.27.4&#8243; _module_preset=&#8220;default&#8220; hover_enabled=&#8220;0&#8243; global_colors_info=&#8220;{}&#8220; sticky_enabled=&#8220;0&#8243;]<\/p>\n<p>Wenn ihr Lust habt, bei der n\u00e4chsten Aktion auf dem Gel\u00e4nde mit dabei zu sein und mit uns am Lagerfeuer ein Feierabendbierchen zu trinken, schaut doch mal <a href=\"https:\/\/www.facebook.com\/pg\/auerworld.festival\/events\/\">Facebook<\/a>.<\/p>\n<p>[\/et_pb_text][\/et_pb_column][\/et_pb_row][et_pb_row _builder_version=&#8220;4.27.4&#8243; _module_preset=&#8220;default&#8220;][et_pb_column _builder_version=&#8220;4.27.4&#8243; _module_preset=&#8220;default&#8220; type=&#8220;4_4&#8243;][et_pb_heading title=&#8220;Hier erst mal ein paar Eindr\u00fccke von unserem Einsatz 2018&#8243; _builder_version=&#8220;4.27.4&#8243; _module_preset=&#8220;default&#8220; title_level=&#8220;h2&#8243; hover_enabled=&#8220;0&#8243; sticky_enabled=&#8220;0&#8243;][\/et_pb_heading][\/et_pb_column][\/et_pb_row][et_pb_row _builder_version=&#8220;4.21.0&#8243; _module_preset=&#8220;default&#8220; width=&#8220;95%&#8220; max_width=&#8220;1552px&#8220; custom_padding=&#8220;4px|||||&#8220; locked=&#8220;off&#8220; global_colors_info=&#8220;{}&#8220;][et_pb_column type=&#8220;4_4&#8243; _builder_version=&#8220;4.21.0&#8243; _module_preset=&#8220;default&#8220; global_colors_info=&#8220;{}&#8220;][el_masonry_gallery image_ids=&#8220;739,738,736,735&#8243; number_of_columns=&#8220;3&#8243; column_spacing=&#8220;24px&#8220; enable_lightbox=&#8220;on&#8220; number_of_columns_tablet=&#8220;3&#8243; number_of_columns_phone=&#8220;2&#8243; number_of_columns_last_edited=&#8220;on|phone&#8220; column_spacing_tablet=&#8220;24px&#8220; column_spacing_phone=&#8220;6px&#8220; column_spacing_last_edited=&#8220;on|phone&#8220; _builder_version=&#8220;4.21.0&#8243; _module_preset=&#8220;default&#8220; border_width_all_image=&#8220;6px&#8220; border_color_all_image=&#8220;#e2e2e2&#8243; box_shadow_style_image=&#8220;preset3&#8243; global_colors_info=&#8220;{}&#8220;][\/el_masonry_gallery][\/et_pb_column][\/et_pb_row][\/et_pb_section]<\/p>\n","protected":false},"excerpt":{"rendered":"<p>Es ist lauwarm. So warm, dass einem die Sonne den R\u00fccken kitzelt. So lau, dass es sich angenehm anf\u00fchlt. Einfach die beste Zeit, um drau\u00dfen zu sein. Hier in Auerstedt, auf dem Auerworld-Gel\u00e4nde. \u201eEs gibt eeeessen!\u201c, dr\u00f6hnt es \u00fcber das Feld. Wie die Ameisen huschen ein paar Menschen, die vorher noch mitten im Gestr\u00fcpp, zwischen [&hellip;]<\/p>\n","protected":false},"author":2,"featured_media":737,"parent":0,"menu_order":0,"comment_status":"closed","ping_status":"closed","template":"","meta":{"_et_pb_use_builder":"on","_et_pb_old_content":"","_et_gb_content_width":"","footnotes":""},"folder":[29],"class_list":["post-141","page","type-page","status-publish","has-post-thumbnail","hentry"],"yoast_head":"<!-- This site is optimized with the Yoast SEO plugin v27.3 - https:\/\/yoast.com\/product\/yoast-seo-wordpress\/ -->\n<title>Weidenrutenbinden - Auerworld Festival<\/title>\n<meta name=\"description\" content=\"Beim Weidenrutenbinden verpassen wir unserem Weidenrutenpalast wieder eine neue Frisur - wuchernde \u00c4ste werden gestutzt und neu angebunden.\" \/>\n<meta name=\"robots\" content=\"index, follow, max-snippet:-1, max-image-preview:large, max-video-preview:-1\" \/>\n<link rel=\"canonical\" href=\"https:\/\/auerworld-festival.de\/en\/weidenrutenbinden\/\" \/>\n<meta property=\"og:locale\" content=\"en_GB\" \/>\n<meta property=\"og:type\" content=\"article\" \/>\n<meta property=\"og:title\" content=\"Weidenrutenbinden\" \/>\n<meta property=\"og:description\" content=\"Beim Weidenrutenbinden verpassen wir unserem Weidenrutenpalast wieder eine neue Frisur - wuchernde \u00c4ste werden gestutzt und neu angebunden.\" \/>\n<meta property=\"og:url\" content=\"https:\/\/auerworld-festival.de\/en\/weidenrutenbinden\/\" \/>\n<meta property=\"og:site_name\" content=\"Auerworld Festival\" \/>\n<meta property=\"article:publisher\" content=\"https:\/\/www.facebook.com\/auerworld.festival\/\" \/>\n<meta property=\"article:modified_time\" content=\"2026-04-11T20:32:47+00:00\" \/>\n<meta property=\"og:image\" content=\"https:\/\/auerworld-festival.de\/wp-content\/uploads\/DSC_0009.jpg\" \/>\n\t<meta property=\"og:image:width\" content=\"1920\" \/>\n\t<meta property=\"og:image:height\" content=\"1083\" \/>\n\t<meta property=\"og:image:type\" content=\"image\/jpeg\" \/>\n<meta name=\"twitter:card\" content=\"summary_large_image\" \/>\n<meta name=\"twitter:title\" content=\"Weidenrutenbinden\" \/>\n<meta name=\"twitter:description\" content=\"Beim Weidenrutenbinden verpassen wir unserem Weidenrutenpalast wieder eine neue Frisur - wuchernde \u00c4ste werden gestutzt und neu angebunden.\" \/>\n<meta name=\"twitter:image\" content=\"https:\/\/auerworld-festival.de\/wp-content\/uploads\/DSC_0009.jpg\" \/>\n<meta name=\"twitter:label1\" content=\"Estimated reading time\" \/>\n\t<meta name=\"twitter:data1\" content=\"4 minutes\" \/>\n<script type=\"application\/ld+json\" class=\"yoast-schema-graph\">{\"@context\":\"https:\\\/\\\/schema.org\",\"@graph\":[{\"@type\":\"WebPage\",\"@id\":\"https:\\\/\\\/auerworld-festival.de\\\/weidenrutenbinden\\\/\",\"url\":\"https:\\\/\\\/auerworld-festival.de\\\/weidenrutenbinden\\\/\",\"name\":\"Weidenrutenbinden - Auerworld Festival\",\"isPartOf\":{\"@id\":\"https:\\\/\\\/auerworld-festival.de\\\/#website\"},\"primaryImageOfPage\":{\"@id\":\"https:\\\/\\\/auerworld-festival.de\\\/weidenrutenbinden\\\/#primaryimage\"},\"image\":{\"@id\":\"https:\\\/\\\/auerworld-festival.de\\\/weidenrutenbinden\\\/#primaryimage\"},\"thumbnailUrl\":\"https:\\\/\\\/auerworld-festival.de\\\/wp-content\\\/uploads\\\/DSC_0009.jpg\",\"datePublished\":\"2023-06-10T16:37:58+00:00\",\"dateModified\":\"2026-04-11T20:32:47+00:00\",\"description\":\"Beim Weidenrutenbinden verpassen wir unserem Weidenrutenpalast wieder eine neue Frisur - wuchernde \u00c4ste werden gestutzt und neu angebunden.\",\"breadcrumb\":{\"@id\":\"https:\\\/\\\/auerworld-festival.de\\\/weidenrutenbinden\\\/#breadcrumb\"},\"inLanguage\":\"en-GB\",\"potentialAction\":[{\"@type\":\"ReadAction\",\"target\":[\"https:\\\/\\\/auerworld-festival.de\\\/weidenrutenbinden\\\/\"]}]},{\"@type\":\"ImageObject\",\"inLanguage\":\"en-GB\",\"@id\":\"https:\\\/\\\/auerworld-festival.de\\\/weidenrutenbinden\\\/#primaryimage\",\"url\":\"https:\\\/\\\/auerworld-festival.de\\\/wp-content\\\/uploads\\\/DSC_0009.jpg\",\"contentUrl\":\"https:\\\/\\\/auerworld-festival.de\\\/wp-content\\\/uploads\\\/DSC_0009.jpg\",\"width\":1920,\"height\":1083},{\"@type\":\"BreadcrumbList\",\"@id\":\"https:\\\/\\\/auerworld-festival.de\\\/weidenrutenbinden\\\/#breadcrumb\",\"itemListElement\":[{\"@type\":\"ListItem\",\"position\":1,\"name\":\"Start\",\"item\":\"https:\\\/\\\/auerworld-festival.de\\\/\"},{\"@type\":\"ListItem\",\"position\":2,\"name\":\"Weidenrutenbinden\"}]},{\"@type\":\"WebSite\",\"@id\":\"https:\\\/\\\/auerworld-festival.de\\\/#website\",\"url\":\"https:\\\/\\\/auerworld-festival.de\\\/\",\"name\":\"Auerworld Festival\",\"description\":\"Tanzen unter Weiden\",\"publisher\":{\"@id\":\"https:\\\/\\\/auerworld-festival.de\\\/#organization\"},\"potentialAction\":[{\"@type\":\"SearchAction\",\"target\":{\"@type\":\"EntryPoint\",\"urlTemplate\":\"https:\\\/\\\/auerworld-festival.de\\\/?s={search_term_string}\"},\"query-input\":{\"@type\":\"PropertyValueSpecification\",\"valueRequired\":true,\"valueName\":\"search_term_string\"}}],\"inLanguage\":\"en-GB\"},{\"@type\":\"Organization\",\"@id\":\"https:\\\/\\\/auerworld-festival.de\\\/#organization\",\"name\":\"Auerworld Festival\",\"url\":\"https:\\\/\\\/auerworld-festival.de\\\/\",\"logo\":{\"@type\":\"ImageObject\",\"inLanguage\":\"en-GB\",\"@id\":\"https:\\\/\\\/auerworld-festival.de\\\/#\\\/schema\\\/logo\\\/image\\\/\",\"url\":\"https:\\\/\\\/auerworld-festival.de\\\/wp-content\\\/uploads\\\/AWF-Logo.svg\",\"contentUrl\":\"https:\\\/\\\/auerworld-festival.de\\\/wp-content\\\/uploads\\\/AWF-Logo.svg\",\"width\":1,\"height\":1,\"caption\":\"Auerworld Festival\"},\"image\":{\"@id\":\"https:\\\/\\\/auerworld-festival.de\\\/#\\\/schema\\\/logo\\\/image\\\/\"},\"sameAs\":[\"https:\\\/\\\/www.facebook.com\\\/auerworld.festival\\\/\",\"https:\\\/\\\/www.instagram.com\\\/auerworld\\\/\"]}]}<\/script>\n<!-- \/ Yoast SEO plugin. -->","yoast_head_json":{"title":"Weidenrutenbinden - Auerworld Festival","description":"Beim Weidenrutenbinden verpassen wir unserem Weidenrutenpalast wieder eine neue Frisur - wuchernde \u00c4ste werden gestutzt und neu angebunden.","robots":{"index":"index","follow":"follow","max-snippet":"max-snippet:-1","max-image-preview":"max-image-preview:large","max-video-preview":"max-video-preview:-1"},"canonical":"https:\/\/auerworld-festival.de\/en\/weidenrutenbinden\/","og_locale":"en_GB","og_type":"article","og_title":"Weidenrutenbinden","og_description":"Beim Weidenrutenbinden verpassen wir unserem Weidenrutenpalast wieder eine neue Frisur - wuchernde \u00c4ste werden gestutzt und neu angebunden.","og_url":"https:\/\/auerworld-festival.de\/en\/weidenrutenbinden\/","og_site_name":"Auerworld Festival","article_publisher":"https:\/\/www.facebook.com\/auerworld.festival\/","article_modified_time":"2026-04-11T20:32:47+00:00","og_image":[{"width":1920,"height":1083,"url":"https:\/\/auerworld-festival.de\/wp-content\/uploads\/DSC_0009.jpg","type":"image\/jpeg"}],"twitter_card":"summary_large_image","twitter_title":"Weidenrutenbinden","twitter_description":"Beim Weidenrutenbinden verpassen wir unserem Weidenrutenpalast wieder eine neue Frisur - wuchernde \u00c4ste werden gestutzt und neu angebunden.","twitter_image":"https:\/\/auerworld-festival.de\/wp-content\/uploads\/DSC_0009.jpg","twitter_misc":{"Estimated reading time":"4 minutes"},"schema":{"@context":"https:\/\/schema.org","@graph":[{"@type":"WebPage","@id":"https:\/\/auerworld-festival.de\/weidenrutenbinden\/","url":"https:\/\/auerworld-festival.de\/weidenrutenbinden\/","name":"Weidenrutenbinden - Auerworld Festival","isPartOf":{"@id":"https:\/\/auerworld-festival.de\/#website"},"primaryImageOfPage":{"@id":"https:\/\/auerworld-festival.de\/weidenrutenbinden\/#primaryimage"},"image":{"@id":"https:\/\/auerworld-festival.de\/weidenrutenbinden\/#primaryimage"},"thumbnailUrl":"https:\/\/auerworld-festival.de\/wp-content\/uploads\/DSC_0009.jpg","datePublished":"2023-06-10T16:37:58+00:00","dateModified":"2026-04-11T20:32:47+00:00","description":"Beim Weidenrutenbinden verpassen wir unserem Weidenrutenpalast wieder eine neue Frisur - wuchernde \u00c4ste werden gestutzt und neu angebunden.","breadcrumb":{"@id":"https:\/\/auerworld-festival.de\/weidenrutenbinden\/#breadcrumb"},"inLanguage":"en-GB","potentialAction":[{"@type":"ReadAction","target":["https:\/\/auerworld-festival.de\/weidenrutenbinden\/"]}]},{"@type":"ImageObject","inLanguage":"en-GB","@id":"https:\/\/auerworld-festival.de\/weidenrutenbinden\/#primaryimage","url":"https:\/\/auerworld-festival.de\/wp-content\/uploads\/DSC_0009.jpg","contentUrl":"https:\/\/auerworld-festival.de\/wp-content\/uploads\/DSC_0009.jpg","width":1920,"height":1083},{"@type":"BreadcrumbList","@id":"https:\/\/auerworld-festival.de\/weidenrutenbinden\/#breadcrumb","itemListElement":[{"@type":"ListItem","position":1,"name":"Start","item":"https:\/\/auerworld-festival.de\/"},{"@type":"ListItem","position":2,"name":"Weidenrutenbinden"}]},{"@type":"WebSite","@id":"https:\/\/auerworld-festival.de\/#website","url":"https:\/\/auerworld-festival.de\/","name":"Auerworld Festival","description":"Tanzen unter Weiden","publisher":{"@id":"https:\/\/auerworld-festival.de\/#organization"},"potentialAction":[{"@type":"SearchAction","target":{"@type":"EntryPoint","urlTemplate":"https:\/\/auerworld-festival.de\/?s={search_term_string}"},"query-input":{"@type":"PropertyValueSpecification","valueRequired":true,"valueName":"search_term_string"}}],"inLanguage":"en-GB"},{"@type":"Organization","@id":"https:\/\/auerworld-festival.de\/#organization","name":"Auerworld Festival","url":"https:\/\/auerworld-festival.de\/","logo":{"@type":"ImageObject","inLanguage":"en-GB","@id":"https:\/\/auerworld-festival.de\/#\/schema\/logo\/image\/","url":"https:\/\/auerworld-festival.de\/wp-content\/uploads\/AWF-Logo.svg","contentUrl":"https:\/\/auerworld-festival.de\/wp-content\/uploads\/AWF-Logo.svg","width":1,"height":1,"caption":"Auerworld Festival"},"image":{"@id":"https:\/\/auerworld-festival.de\/#\/schema\/logo\/image\/"},"sameAs":["https:\/\/www.facebook.com\/auerworld.festival\/","https:\/\/www.instagram.com\/auerworld\/"]}]}},"_links":{"self":[{"href":"https:\/\/auerworld-festival.de\/en\/wp-json\/wp\/v2\/pages\/141","targetHints":{"allow":["GET"]}}],"collection":[{"href":"https:\/\/auerworld-festival.de\/en\/wp-json\/wp\/v2\/pages"}],"about":[{"href":"https:\/\/auerworld-festival.de\/en\/wp-json\/wp\/v2\/types\/page"}],"author":[{"embeddable":true,"href":"https:\/\/auerworld-festival.de\/en\/wp-json\/wp\/v2\/users\/2"}],"replies":[{"embeddable":true,"href":"https:\/\/auerworld-festival.de\/en\/wp-json\/wp\/v2\/comments?post=141"}],"version-history":[{"count":8,"href":"https:\/\/auerworld-festival.de\/en\/wp-json\/wp\/v2\/pages\/141\/revisions"}],"predecessor-version":[{"id":4343,"href":"https:\/\/auerworld-festival.de\/en\/wp-json\/wp\/v2\/pages\/141\/revisions\/4343"}],"wp:featuredmedia":[{"embeddable":true,"href":"https:\/\/auerworld-festival.de\/en\/wp-json\/wp\/v2\/media\/737"}],"wp:attachment":[{"href":"https:\/\/auerworld-festival.de\/en\/wp-json\/wp\/v2\/media?parent=141"}],"wp:term":[{"taxonomy":"folder","embeddable":true,"href":"https:\/\/auerworld-festival.de\/en\/wp-json\/wp\/v2\/folder?post=141"}],"curies":[{"name":"wp","href":"https:\/\/api.w.org\/{rel}","templated":true}]}}