{"id":130,"date":"2023-06-10T18:10:41","date_gmt":"2023-06-10T16:10:41","guid":{"rendered":"http:\/\/aw.acronia.de\/?page_id=130"},"modified":"2026-04-14T01:50:26","modified_gmt":"2026-04-13T23:50:26","slug":"mitmachen","status":"publish","type":"page","link":"https:\/\/auerworld-festival.de\/en\/mitmachen\/","title":{"rendered":"Mitmachen"},"content":{"rendered":"<p>[et_pb_section fb_built=&#8220;1&#8243; admin_label=&#8220;Sektion&#8220; module_class=&#8220;awf-header&#8220; _builder_version=&#8220;4.27.4&#8243; _module_preset=&#8220;default&#8220; background_image=&#8220;https:\/\/auerworld-festival.de\/wp-content\/uploads\/Orga-Team.webp&#8220; locked=&#8220;off&#8220; global_colors_info=&#8220;{}&#8220;][et_pb_row _builder_version=&#8220;4.27.4&#8243; _module_preset=&#8220;default&#8220; global_colors_info=&#8220;{}&#8220;][et_pb_column type=&#8220;4_4&#8243; _builder_version=&#8220;4.27.4&#8243; _module_preset=&#8220;default&#8220; global_colors_info=&#8220;{}&#8220;][et_pb_heading title=&#8220;Mitmachen&#8220; admin_label=&#8220;\u00dcberschrift H1&#8243; _builder_version=&#8220;4.27.4&#8243; _module_preset=&#8220;default&#8220; global_colors_info=&#8220;{}&#8220;][\/et_pb_heading][et_pb_heading title=&#8220;Viele H\u00e4nde, schnelles Ende&#8220; _builder_version=&#8220;4.27.4&#8243; _module_preset=&#8220;default&#8220; title_level=&#8220;h2&#8243; global_colors_info=&#8220;{}&#8220;][\/et_pb_heading][\/et_pb_column][\/et_pb_row][\/et_pb_section][et_pb_section fb_built=&#8220;1&#8243; custom_padding_last_edited=&#8220;on|phone&#8220; _builder_version=&#8220;4.21.0&#8243; _module_preset=&#8220;default&#8220; custom_padding=&#8220;14px||||false|false&#8220; custom_padding_tablet=&#8220;14px||||false|false&#8220; custom_padding_phone=&#8220;7px||||false|false&#8220; global_colors_info=&#8220;{}&#8220;][et_pb_row _builder_version=&#8220;4.21.0&#8243; _module_preset=&#8220;default&#8220; custom_padding=&#8220;15px|||||&#8220; global_colors_info=&#8220;{}&#8220;][et_pb_column type=&#8220;4_4&#8243; _builder_version=&#8220;4.21.0&#8243; _module_preset=&#8220;default&#8220; global_colors_info=&#8220;{}&#8220;][et_pb_text _builder_version=&#8220;4.27.4&#8243; _module_preset=&#8220;default&#8220; global_colors_info=&#8220;{}&#8220;]<\/p>\n<p>Dir liegt das Auerworld am Herzen und du m\u00f6chtest es mitgestalten und mitmachen, nicht nur ein normaler konsumierender Gast sein? Dann bist Du hier genau richtig!<\/p>\n<p>Das Auerworld lebt davon, dass es von vielen Menschen gemeinsam gestaltet wird.<\/p>\n<p>[\/et_pb_text][et_pb_divider _builder_version=&#8220;4.27.4&#8243; _module_preset=&#8220;default&#8220; global_colors_info=&#8220;{}&#8220;][\/et_pb_divider][et_pb_heading title=&#8220;Als Helfer mitmachen&#8220; _builder_version=&#8220;4.27.4&#8243; _module_preset=&#8220;default&#8220; title_level=&#8220;h2&#8243; custom_margin=&#8220;||0px||false|false&#8220; global_colors_info=&#8220;{}&#8220;][\/et_pb_heading][et_pb_text _builder_version=&#8220;4.27.4&#8243; _module_preset=&#8220;default&#8220; global_colors_info=&#8220;{}&#8220;]<\/p>\n<p>M\u00f6chtest Du uns allgemein vor, w\u00e4hrend oder nach dem Festival helfen, melde Dich bitte unter:<br \/><a href=\"mailto:info@auerworld-festival.de\">helfer@auerworld-festival.de<\/a><\/p>\n<p>[\/et_pb_text][et_pb_divider _builder_version=&#8220;4.27.4&#8243; _module_preset=&#8220;default&#8220; global_colors_info=&#8220;{}&#8220;][\/et_pb_divider][et_pb_text disabled_on=&#8220;on|on|on&#8220; _builder_version=&#8220;4.27.4&#8243; _module_preset=&#8220;default&#8220; hover_enabled=&#8220;0&#8243; disabled=&#8220;on&#8220; global_colors_info=&#8220;{}&#8220; sticky_enabled=&#8220;0&#8243;]<\/p>\n<p style=\"text-align: center;\"><strong>F\u00fcr 2026 nehmen wir keine weiteren Auftritt, Programmpunkte oder St\u00e4nde auf.<br \/><\/strong>Falls ihr es dieses Jahr nicht geschafft habt euch einzubringen, dann probiert es gerne f\u00fcr 2026 erneut.<strong><br \/>Vielen Dank f\u00fcr alle Bewerbungen!<\/strong><\/p>\n<p><strong> <\/strong><\/p>\n<p><strong><\/strong><\/p>\n<p>[\/et_pb_text][et_pb_divider disabled_on=&#8220;on|on|on&#8220; _builder_version=&#8220;4.27.4&#8243; _module_preset=&#8220;default&#8220; disabled=&#8220;on&#8220; global_colors_info=&#8220;{}&#8220;][\/et_pb_divider][et_pb_heading title=&#8220;Booking&#8220; _builder_version=&#8220;4.27.4&#8243; _module_preset=&#8220;default&#8220; title_level=&#8220;h2&#8243; custom_margin=&#8220;||0px||false|false&#8220; global_colors_info=&#8220;{}&#8220;][\/et_pb_heading][et_pb_text _builder_version=&#8220;4.27.4&#8243; _module_preset=&#8220;default&#8220; global_colors_info=&#8220;{}&#8220;]<\/p>\n<p>Du bist Musikerin oder Musiker oder spielst in einer Band und m\u00f6chtest beim n\u00e4chsten Auerworld Festival auftreten?<\/p>\n<p>Dann hinterlasse uns hier eine Nachricht an:<br \/><a target=\"_blank\" class=\"c-link\" data-stringify-link=\"mailto:booking@auerworld-festival.de\" delay=\"150\" data-sk=\"tooltip_parent\" aria-haspopup=\"menu\" href=\"mailto:booking@auerworld-festival.de\" rel=\"noopener noreferrer\">booking@auerworld-festival.de<\/a><br \/>(Bitte keine Spotify Links)<\/p>\n<p>[\/et_pb_text][et_pb_heading title=&#8220;Beim Tagesprogramm mitmachen&#8220; _builder_version=&#8220;4.27.4&#8243; _module_preset=&#8220;default&#8220; title_level=&#8220;h2&#8243; custom_margin=&#8220;||0px||false|false&#8220; global_colors_info=&#8220;{}&#8220;][\/et_pb_heading][et_pb_text _builder_version=&#8220;4.27.4&#8243; _module_preset=&#8220;default&#8220; global_colors_info=&#8220;{}&#8220;]<\/p>\n<p>Das Auerworld lebt auch von seinen grandiosen Workshops. Wenn du einen Workshop anbieten m\u00f6chtest, kannst du uns gerne deinen Workshop-Vorschlag schicken:<\/p>\n<p><a href=\"mailto:tagesprogramm@auerworld-festival.de\">tagesprogramm@auerworld-festival.de<\/a>\u00a0<\/p>\n<p>[\/et_pb_text][et_pb_heading title=&#8220;St\u00e4nde&#8220; _builder_version=&#8220;4.27.4&#8243; _module_preset=&#8220;default&#8220; title_level=&#8220;h2&#8243; custom_margin=&#8220;||0px||false|false&#8220; custom_padding=&#8220;||||false|false&#8220; global_colors_info=&#8220;{}&#8220;][\/et_pb_heading][et_pb_text _builder_version=&#8220;4.27.4&#8243; _module_preset=&#8220;default&#8220; hover_enabled=&#8220;0&#8243; global_colors_info=&#8220;{}&#8220; sticky_enabled=&#8220;0&#8243;]<\/p>\n<p><strong><\/strong>M\u00f6chtest du mit deinem Stand auf dem Auerworld Festival vertreten sein?<\/p>\n<p>Dann schreibe uns doch an:<br \/><a href=\"mailto:staende@auerworld-festival.de\">staende@auerworld-festival.de<\/a><\/p>\n<p>[\/et_pb_text][et_pb_text _builder_version=&#8220;4.27.4&#8243; _module_preset=&#8220;default&#8220; global_colors_info=&#8220;{}&#8220;]<\/p>\n<p>Wir freuen uns \u00fcber dein Interesse, dein Engagement und selbstverst\u00e4ndlich auf Deine E-Mail!<\/p>\n<p>[\/et_pb_text][et_pb_divider disabled_on=&#8220;off|off|off&#8220; _builder_version=&#8220;4.27.4&#8243; _module_preset=&#8220;default&#8220; hover_enabled=&#8220;0&#8243; global_colors_info=&#8220;{}&#8220; sticky_enabled=&#8220;0&#8243;][\/et_pb_divider][et_pb_heading title=&#8220;Mitglied&#8220; _builder_version=&#8220;4.27.4&#8243; _module_preset=&#8220;default&#8220; title_level=&#8220;h2&#8243; custom_margin=&#8220;||0px||false|false&#8220; custom_padding=&#8220;||||false|false&#8220; hover_enabled=&#8220;0&#8243; global_colors_info=&#8220;{}&#8220; sticky_enabled=&#8220;0&#8243;][\/et_pb_heading][et_pb_text _builder_version=&#8220;4.27.4&#8243; _module_preset=&#8220;default&#8220; hover_enabled=&#8220;0&#8243; global_colors_info=&#8220;{}&#8220; sticky_enabled=&#8220;0&#8243;]<\/p>\n<p>Dir reicht dein Engagement zum Auf-\/Abbau beim Auerworld Festival nicht und du m\u00f6chtest uns noch mehr unterst\u00fctzen als w\u00e4hrend der Festivalphase vor Ort? Dann ist unser gemeinn\u00fctzige Verein \u00bbAuerworld Festival e.V.\u00ab zur F\u00f6rderung von Kunst und Kultur genau das richtige f\u00fcr dich!<\/p>\n<p>[\/et_pb_text][et_pb_button button_url=&#8220;@ET-DC@eyJkeW5hbWljIjp0cnVlLCJjb250ZW50IjoicG9zdF9saW5rX3VybF9wYWdlIiwic2V0dGluZ3MiOnsicG9zdF9pZCI6IjE0NyJ9fQ==@&#8220; button_text=&#8220;Mitglied werden&#8220; button_alignment=&#8220;center&#8220; module_class=&#8220;awf-button-dark&#8220; _builder_version=&#8220;4.27.4&#8243; _module_preset=&#8220;default&#8220; custom_button=&#8220;on&#8220; button_icon=&#8220;&#xf4d8;||fa||900&#8243; button_on_hover=&#8220;off&#8220; custom_margin=&#8220;46px||47px||false|false&#8220; hover_enabled=&#8220;0&#8243; locked=&#8220;off&#8220; global_colors_info=&#8220;{}&#8220; sticky_enabled=&#8220;0&#8243; _dynamic_attributes=&#8220;button_url&#8220;][\/et_pb_button][\/et_pb_column][\/et_pb_row][\/et_pb_section]<\/p>\n","protected":false},"excerpt":{"rendered":"<p>Dir liegt das Auerworld am Herzen und du m\u00f6chtest es mitgestalten und mitmachen, nicht nur ein normaler konsumierender Gast sein? Dann bist Du hier genau richtig! Das Auerworld lebt davon, dass es von vielen Menschen gemeinsam gestaltet wird.M\u00f6chtest Du uns allgemein vor, w\u00e4hrend oder nach dem Festival helfen, melde Dich bitte unter:helfer@auerworld-festival.deF\u00fcr 2026 nehmen wir [&hellip;]<\/p>\n","protected":false},"author":2,"featured_media":3021,"parent":0,"menu_order":0,"comment_status":"closed","ping_status":"closed","template":"","meta":{"_et_pb_use_builder":"on","_et_pb_old_content":"","_et_gb_content_width":"","footnotes":""},"folder":[29],"class_list":["post-130","page","type-page","status-publish","has-post-thumbnail","hentry"],"yoast_head":"<!-- This site is optimized with the Yoast SEO plugin v27.3 - https:\/\/yoast.com\/product\/yoast-seo-wordpress\/ -->\n<title>Mitmachen - Auerworld Festival<\/title>\n<meta name=\"description\" content=\"Dir liegt das Auerworld Festival am Herzen und du m\u00f6chtest bei uns mitmachen? Ob als Band, Helfer oder Stand? Hier erf\u00e4hrst du mehr!\" \/>\n<meta name=\"robots\" content=\"index, follow, max-snippet:-1, max-image-preview:large, max-video-preview:-1\" \/>\n<link rel=\"canonical\" href=\"https:\/\/auerworld-festival.de\/en\/mitmachen\/\" \/>\n<meta property=\"og:locale\" content=\"en_GB\" \/>\n<meta property=\"og:type\" content=\"article\" \/>\n<meta property=\"og:title\" content=\"Mitmachen\" \/>\n<meta property=\"og:description\" content=\"Dir liegt das Auerworld Festival am Herzen und du m\u00f6chtest bei uns mitmachen? Ob als Band, Helfer oder Stand? Hier erf\u00e4hrst du mehr!\" \/>\n<meta property=\"og:url\" content=\"https:\/\/auerworld-festival.de\/en\/mitmachen\/\" \/>\n<meta property=\"og:site_name\" content=\"Auerworld Festival\" \/>\n<meta property=\"article:publisher\" content=\"https:\/\/www.facebook.com\/auerworld.festival\/\" \/>\n<meta property=\"article:modified_time\" content=\"2026-04-13T23:50:26+00:00\" \/>\n<meta property=\"og:image\" content=\"https:\/\/auerworld-festival.de\/wp-content\/uploads\/Orga-Team.webp\" \/>\n\t<meta property=\"og:image:width\" content=\"2048\" \/>\n\t<meta property=\"og:image:height\" content=\"1372\" \/>\n\t<meta property=\"og:image:type\" content=\"image\/webp\" \/>\n<meta name=\"twitter:card\" content=\"summary_large_image\" \/>\n<meta name=\"twitter:title\" content=\"Mitmachen\" \/>\n<meta name=\"twitter:description\" content=\"Dir liegt das Auerworld Festival am Herzen und du m\u00f6chtest bei uns mitmachen? Ob als Band, Helfer oder Stand? Hier erf\u00e4hrst du mehr!\" \/>\n<meta name=\"twitter:image\" content=\"https:\/\/auerworld-festival.de\/wp-content\/uploads\/Orga-Team.webp\" \/>\n<meta name=\"twitter:label1\" content=\"Estimated reading time\" \/>\n\t<meta name=\"twitter:data1\" content=\"2 minutes\" \/>\n<script type=\"application\/ld+json\" class=\"yoast-schema-graph\">{\"@context\":\"https:\\\/\\\/schema.org\",\"@graph\":[{\"@type\":\"WebPage\",\"@id\":\"https:\\\/\\\/auerworld-festival.de\\\/mitmachen\\\/\",\"url\":\"https:\\\/\\\/auerworld-festival.de\\\/mitmachen\\\/\",\"name\":\"Mitmachen - Auerworld Festival\",\"isPartOf\":{\"@id\":\"https:\\\/\\\/auerworld-festival.de\\\/#website\"},\"primaryImageOfPage\":{\"@id\":\"https:\\\/\\\/auerworld-festival.de\\\/mitmachen\\\/#primaryimage\"},\"image\":{\"@id\":\"https:\\\/\\\/auerworld-festival.de\\\/mitmachen\\\/#primaryimage\"},\"thumbnailUrl\":\"https:\\\/\\\/auerworld-festival.de\\\/wp-content\\\/uploads\\\/Orga-Team.webp\",\"datePublished\":\"2023-06-10T16:10:41+00:00\",\"dateModified\":\"2026-04-13T23:50:26+00:00\",\"description\":\"Dir liegt das Auerworld Festival am Herzen und du m\u00f6chtest bei uns mitmachen? Ob als Band, Helfer oder Stand? Hier erf\u00e4hrst du mehr!\",\"breadcrumb\":{\"@id\":\"https:\\\/\\\/auerworld-festival.de\\\/mitmachen\\\/#breadcrumb\"},\"inLanguage\":\"en-GB\",\"potentialAction\":[{\"@type\":\"ReadAction\",\"target\":[\"https:\\\/\\\/auerworld-festival.de\\\/mitmachen\\\/\"]}]},{\"@type\":\"ImageObject\",\"inLanguage\":\"en-GB\",\"@id\":\"https:\\\/\\\/auerworld-festival.de\\\/mitmachen\\\/#primaryimage\",\"url\":\"https:\\\/\\\/auerworld-festival.de\\\/wp-content\\\/uploads\\\/Orga-Team.webp\",\"contentUrl\":\"https:\\\/\\\/auerworld-festival.de\\\/wp-content\\\/uploads\\\/Orga-Team.webp\",\"width\":2048,\"height\":1372,\"caption\":\"Orga-Team\"},{\"@type\":\"BreadcrumbList\",\"@id\":\"https:\\\/\\\/auerworld-festival.de\\\/mitmachen\\\/#breadcrumb\",\"itemListElement\":[{\"@type\":\"ListItem\",\"position\":1,\"name\":\"Start\",\"item\":\"https:\\\/\\\/auerworld-festival.de\\\/\"},{\"@type\":\"ListItem\",\"position\":2,\"name\":\"Mitmachen\"}]},{\"@type\":\"WebSite\",\"@id\":\"https:\\\/\\\/auerworld-festival.de\\\/#website\",\"url\":\"https:\\\/\\\/auerworld-festival.de\\\/\",\"name\":\"Auerworld Festival\",\"description\":\"Tanzen unter Weiden\",\"publisher\":{\"@id\":\"https:\\\/\\\/auerworld-festival.de\\\/#organization\"},\"potentialAction\":[{\"@type\":\"SearchAction\",\"target\":{\"@type\":\"EntryPoint\",\"urlTemplate\":\"https:\\\/\\\/auerworld-festival.de\\\/?s={search_term_string}\"},\"query-input\":{\"@type\":\"PropertyValueSpecification\",\"valueRequired\":true,\"valueName\":\"search_term_string\"}}],\"inLanguage\":\"en-GB\"},{\"@type\":\"Organization\",\"@id\":\"https:\\\/\\\/auerworld-festival.de\\\/#organization\",\"name\":\"Auerworld Festival\",\"url\":\"https:\\\/\\\/auerworld-festival.de\\\/\",\"logo\":{\"@type\":\"ImageObject\",\"inLanguage\":\"en-GB\",\"@id\":\"https:\\\/\\\/auerworld-festival.de\\\/#\\\/schema\\\/logo\\\/image\\\/\",\"url\":\"https:\\\/\\\/auerworld-festival.de\\\/wp-content\\\/uploads\\\/AWF-Logo.svg\",\"contentUrl\":\"https:\\\/\\\/auerworld-festival.de\\\/wp-content\\\/uploads\\\/AWF-Logo.svg\",\"width\":1,\"height\":1,\"caption\":\"Auerworld Festival\"},\"image\":{\"@id\":\"https:\\\/\\\/auerworld-festival.de\\\/#\\\/schema\\\/logo\\\/image\\\/\"},\"sameAs\":[\"https:\\\/\\\/www.facebook.com\\\/auerworld.festival\\\/\",\"https:\\\/\\\/www.instagram.com\\\/auerworld\\\/\"]}]}<\/script>\n<!-- \/ Yoast SEO plugin. -->","yoast_head_json":{"title":"Mitmachen - Auerworld Festival","description":"Dir liegt das Auerworld Festival am Herzen und du m\u00f6chtest bei uns mitmachen? Ob als Band, Helfer oder Stand? Hier erf\u00e4hrst du mehr!","robots":{"index":"index","follow":"follow","max-snippet":"max-snippet:-1","max-image-preview":"max-image-preview:large","max-video-preview":"max-video-preview:-1"},"canonical":"https:\/\/auerworld-festival.de\/en\/mitmachen\/","og_locale":"en_GB","og_type":"article","og_title":"Mitmachen","og_description":"Dir liegt das Auerworld Festival am Herzen und du m\u00f6chtest bei uns mitmachen? Ob als Band, Helfer oder Stand? Hier erf\u00e4hrst du mehr!","og_url":"https:\/\/auerworld-festival.de\/en\/mitmachen\/","og_site_name":"Auerworld Festival","article_publisher":"https:\/\/www.facebook.com\/auerworld.festival\/","article_modified_time":"2026-04-13T23:50:26+00:00","og_image":[{"width":2048,"height":1372,"url":"https:\/\/auerworld-festival.de\/wp-content\/uploads\/Orga-Team.webp","type":"image\/webp"}],"twitter_card":"summary_large_image","twitter_title":"Mitmachen","twitter_description":"Dir liegt das Auerworld Festival am Herzen und du m\u00f6chtest bei uns mitmachen? Ob als Band, Helfer oder Stand? Hier erf\u00e4hrst du mehr!","twitter_image":"https:\/\/auerworld-festival.de\/wp-content\/uploads\/Orga-Team.webp","twitter_misc":{"Estimated reading time":"2 minutes"},"schema":{"@context":"https:\/\/schema.org","@graph":[{"@type":"WebPage","@id":"https:\/\/auerworld-festival.de\/mitmachen\/","url":"https:\/\/auerworld-festival.de\/mitmachen\/","name":"Mitmachen - Auerworld Festival","isPartOf":{"@id":"https:\/\/auerworld-festival.de\/#website"},"primaryImageOfPage":{"@id":"https:\/\/auerworld-festival.de\/mitmachen\/#primaryimage"},"image":{"@id":"https:\/\/auerworld-festival.de\/mitmachen\/#primaryimage"},"thumbnailUrl":"https:\/\/auerworld-festival.de\/wp-content\/uploads\/Orga-Team.webp","datePublished":"2023-06-10T16:10:41+00:00","dateModified":"2026-04-13T23:50:26+00:00","description":"Dir liegt das Auerworld Festival am Herzen und du m\u00f6chtest bei uns mitmachen? Ob als Band, Helfer oder Stand? Hier erf\u00e4hrst du mehr!","breadcrumb":{"@id":"https:\/\/auerworld-festival.de\/mitmachen\/#breadcrumb"},"inLanguage":"en-GB","potentialAction":[{"@type":"ReadAction","target":["https:\/\/auerworld-festival.de\/mitmachen\/"]}]},{"@type":"ImageObject","inLanguage":"en-GB","@id":"https:\/\/auerworld-festival.de\/mitmachen\/#primaryimage","url":"https:\/\/auerworld-festival.de\/wp-content\/uploads\/Orga-Team.webp","contentUrl":"https:\/\/auerworld-festival.de\/wp-content\/uploads\/Orga-Team.webp","width":2048,"height":1372,"caption":"Orga-Team"},{"@type":"BreadcrumbList","@id":"https:\/\/auerworld-festival.de\/mitmachen\/#breadcrumb","itemListElement":[{"@type":"ListItem","position":1,"name":"Start","item":"https:\/\/auerworld-festival.de\/"},{"@type":"ListItem","position":2,"name":"Mitmachen"}]},{"@type":"WebSite","@id":"https:\/\/auerworld-festival.de\/#website","url":"https:\/\/auerworld-festival.de\/","name":"Auerworld Festival","description":"Tanzen unter Weiden","publisher":{"@id":"https:\/\/auerworld-festival.de\/#organization"},"potentialAction":[{"@type":"SearchAction","target":{"@type":"EntryPoint","urlTemplate":"https:\/\/auerworld-festival.de\/?s={search_term_string}"},"query-input":{"@type":"PropertyValueSpecification","valueRequired":true,"valueName":"search_term_string"}}],"inLanguage":"en-GB"},{"@type":"Organization","@id":"https:\/\/auerworld-festival.de\/#organization","name":"Auerworld Festival","url":"https:\/\/auerworld-festival.de\/","logo":{"@type":"ImageObject","inLanguage":"en-GB","@id":"https:\/\/auerworld-festival.de\/#\/schema\/logo\/image\/","url":"https:\/\/auerworld-festival.de\/wp-content\/uploads\/AWF-Logo.svg","contentUrl":"https:\/\/auerworld-festival.de\/wp-content\/uploads\/AWF-Logo.svg","width":1,"height":1,"caption":"Auerworld Festival"},"image":{"@id":"https:\/\/auerworld-festival.de\/#\/schema\/logo\/image\/"},"sameAs":["https:\/\/www.facebook.com\/auerworld.festival\/","https:\/\/www.instagram.com\/auerworld\/"]}]}},"_links":{"self":[{"href":"https:\/\/auerworld-festival.de\/en\/wp-json\/wp\/v2\/pages\/130","targetHints":{"allow":["GET"]}}],"collection":[{"href":"https:\/\/auerworld-festival.de\/en\/wp-json\/wp\/v2\/pages"}],"about":[{"href":"https:\/\/auerworld-festival.de\/en\/wp-json\/wp\/v2\/types\/page"}],"author":[{"embeddable":true,"href":"https:\/\/auerworld-festival.de\/en\/wp-json\/wp\/v2\/users\/2"}],"replies":[{"embeddable":true,"href":"https:\/\/auerworld-festival.de\/en\/wp-json\/wp\/v2\/comments?post=130"}],"version-history":[{"count":30,"href":"https:\/\/auerworld-festival.de\/en\/wp-json\/wp\/v2\/pages\/130\/revisions"}],"predecessor-version":[{"id":4422,"href":"https:\/\/auerworld-festival.de\/en\/wp-json\/wp\/v2\/pages\/130\/revisions\/4422"}],"wp:featuredmedia":[{"embeddable":true,"href":"https:\/\/auerworld-festival.de\/en\/wp-json\/wp\/v2\/media\/3021"}],"wp:attachment":[{"href":"https:\/\/auerworld-festival.de\/en\/wp-json\/wp\/v2\/media?parent=130"}],"wp:term":[{"taxonomy":"folder","embeddable":true,"href":"https:\/\/auerworld-festival.de\/en\/wp-json\/wp\/v2\/folder?post=130"}],"curies":[{"name":"wp","href":"https:\/\/api.w.org\/{rel}","templated":true}]}}