{"id":121,"date":"2023-06-10T18:00:35","date_gmt":"2023-06-10T16:00:35","guid":{"rendered":"http:\/\/aw.acronia.de\/?page_id=121"},"modified":"2026-04-10T17:49:29","modified_gmt":"2026-04-10T15:49:29","slug":"informationen","status":"publish","type":"page","link":"https:\/\/auerworld-festival.de\/en\/informationen\/","title":{"rendered":"Informationen"},"content":{"rendered":"\n[et_pb_section fb_built=&#8220;1&#8243; admin_label=&#8220;Sektion&#8220; module_class=&#8220;awf-header&#8220; _builder_version=&#8220;4.27.4&#8243; _module_preset=&#8220;default&#8220; background_image=&#8220;https:\/\/auerworld-festival.de\/wp-content\/uploads\/Infostand.webp&#8220; locked=&#8220;off&#8220; global_colors_info=&#8220;{}&#8220;][et_pb_row _builder_version=&#8220;4.27.4&#8243; _module_preset=&#8220;default&#8220; global_colors_info=&#8220;{}&#8220;][et_pb_column type=&#8220;4_4&#8243; _builder_version=&#8220;4.27.4&#8243; _module_preset=&#8220;default&#8220; global_colors_info=&#8220;{}&#8220;][et_pb_heading title=&#8220;Informationen&#8220; admin_label=&#8220;\u00dcberschrift H1&#8243; _builder_version=&#8220;4.27.4&#8243; _module_preset=&#8220;default&#8220; global_colors_info=&#8220;{}&#8220;][\/et_pb_heading][et_pb_heading title=&#8220;Rund ums Auerworld-Festival&#8220; _builder_version=&#8220;4.27.4&#8243; _module_preset=&#8220;default&#8220; title_level=&#8220;h2&#8243; global_colors_info=&#8220;{}&#8220;][\/et_pb_heading][\/et_pb_column][\/et_pb_row][\/et_pb_section][et_pb_section fb_built=&#8220;1&#8243; custom_padding_last_edited=&#8220;on|phone&#8220; _builder_version=&#8220;4.21.0&#8243; _module_preset=&#8220;default&#8220; custom_padding=&#8220;14px||||false|false&#8220; custom_padding_tablet=&#8220;14px||||false|false&#8220; custom_padding_phone=&#8220;7px||||false|false&#8220; global_colors_info=&#8220;{}&#8220;][et_pb_row _builder_version=&#8220;4.21.0&#8243; _module_preset=&#8220;default&#8220; width=&#8220;95%&#8220; custom_padding=&#8220;3px|||||&#8220; global_colors_info=&#8220;{}&#8220;][et_pb_column type=&#8220;4_4&#8243; _builder_version=&#8220;4.21.0&#8243; _module_preset=&#8220;default&#8220; global_colors_info=&#8220;{}&#8220;][et_pb_accordion icon_color=&#8220;#21a032&#8243; use_icon_font_size=&#8220;on&#8220; icon_font_size=&#8220;27px&#8220; _builder_version=&#8220;4.27.4&#8243; _module_preset=&#8220;default&#8220; toggle_level=&#8220;h3&#8243; toggle_font=&#8220;|700||on|||||&#8220; hover_enabled=&#8220;0&#8243; global_colors_info=&#8220;{}&#8220; sticky_enabled=&#8220;0&#8243;][et_pb_accordion_item title=&#8220;Kinder&#8220; open=&#8220;on&#8220; _builder_version=&#8220;4.27.4&#8243; _module_preset=&#8220;default&#8220; hover_enabled=&#8220;0&#8243; global_colors_info=&#8220;{}&#8220; sticky_enabled=&#8220;0&#8243;]<p>Ein altes Sprichwort sagt: \u201e<b>Kinder sind unsere Zukunft<\/b>\u201c.<\/p>\n<p>Diesem Sprichwort kann wohl jeder zustimmen. Der Umgang mit unseren Kindern offenbart uns unsere Zukunft.<br \/>Deswegen bietet das Auerworld Festival sehr viel f\u00fcr unsere Kleinsten.<br \/>Der Eintritt ist bis einschlie\u00dflich 14 Jahre quasi frei, es wird ein symbolischer Euro (1\u20ac) verlangt um den Ablauf beim Ticketkauf zu vereinfachen und damit wir u.a. die Infrastruktur anpassen k\u00f6nnen. Nach oben hin sind freie Spendenbetr\u00e4ge m\u00f6glich.<br \/>Kinder m\u00fcssen durch einen Erziehungsberechtigten begleitet werden.<\/p>\n<p>Es wird dieses Jahr zwar keinen separaten Familien-Zeltplatz geben, aber in Richtung Bach k\u00f6nnt ihr sehr ruhig zelten.<br \/>Bringt bitte f\u00fcr die Kleineren geeignete Ohrsch\u00fctzer mit. Solltet ihr eure vergessen haben, gibt es auch ein kleines Kontingent zum ausleihen am Infowagen.<\/p>\n<p>M\u00f6chtet ihr mit einem bekannten oder verwandtem Kind anreisen wollen, seid aber nicht die Erziehungsberechtigten, dann haben wir hier einen <a href=\"https:\/\/auerworld-festival.de\/wp-content\/uploads\/Auerworld-Erziehungsbeauftragung-fuer-Minderjaehrige-2025.pdf\" target=\"_blank\" rel=\"noopener noreferrer\">\u201e<b>Muttizettel<\/b>\u201c<\/a>, den ihr ausgef\u00fcllt mitbringen m\u00fcsst.<\/p>[\/et_pb_accordion_item][et_pb_accordion_item title=&#8220;Zelten&#8220; _builder_version=&#8220;4.24.2&#8243; _module_preset=&#8220;default&#8220; global_colors_info=&#8220;{}&#8220; open=&#8220;off&#8220;]<p>Es gibt eine gro\u00dfe Zeltwiese auf der Ihr Euch heimisch f\u00fchlen k\u00f6nnt.<br \/>Anreise ist ab Donnerstag Nachmittag m\u00f6glich. Wir freuen uns \u00fcber jeden, der \u00fcber den Sonntag hinaus bleibt, um das Festival nachklingen zu lassen und uns noch etwas zu helfen, das Gel\u00e4nde wieder in seinen urspr\u00fcnglichen Zustand zur\u00fcck zu versetzen.Jede Hand hilft!<\/p>\n<p>Auf euren vielfachen Wunsch hin, wollen wir dieses Jahr einen \u201enur Camping\u201c Bereich aufbauen. Dieser Bereich ist f\u00fcr alle, die ihr Auto nicht direkt am Zelt brauchen und soll insbesondere f\u00fcr Familien einen gesch\u00fctzten Raum ohne Autoverkehr bieten. Im besten Fall kommt ihr mit den Zug oder Fahrrad. Wenn ihr auf ein Auto zum Festival angewiesen seid, k\u00f6nnt ihr eure Packesel auf dem Parkplatz stehen lassen und die paar hundert Meter zum Zeltplatz laufen. Die genau Platzaufteilung erfolgt auf Grundlage der konkreten Ticketverk\u00e4ufe.<br \/>Der Plan sieht aktuell wie folgt aus: <a href=\"https:\/\/auerworld-festival.de\/wp-content\/uploads\/Camping2024_2-scaled.jpg\">Camping\u00fcbersicht<\/a><\/p>\n<p><a href=\"https:\/\/auerworld-festival.de\/wp-content\/uploads\/Camping2024_2-scaled.jpg\"><img loading=\"lazy\" decoding=\"async\" src=\"https:\/\/auerworld-festival.de\/wp-content\/uploads\/Camping2024_2-scaled.jpg\" width=\"2560\" height=\"1428\" alt=\"\" class=\"wp-image-1575 alignnone size-full\" srcset=\"https:\/\/auerworld-festival.de\/wp-content\/uploads\/Camping2024_2-scaled.jpg 2560w, https:\/\/auerworld-festival.de\/wp-content\/uploads\/Camping2024_2-1280x714.jpg 1280w, https:\/\/auerworld-festival.de\/wp-content\/uploads\/Camping2024_2-980x547.jpg 980w, https:\/\/auerworld-festival.de\/wp-content\/uploads\/Camping2024_2-480x268.jpg 480w\" sizes=\"(min-width: 0px) and (max-width: 480px) 480px, (min-width: 481px) and (max-width: 980px) 980px, (min-width: 981px) and (max-width: 1280px) 1280px, (min-width: 1281px) 2560px, 100vw\" \/><\/a><\/p>[\/et_pb_accordion_item][et_pb_accordion_item title=&#8220;Tickets&#8220; _builder_version=&#8220;4.21.0&#8243; _module_preset=&#8220;default&#8220; global_colors_info=&#8220;{}&#8220; open=&#8220;off&#8220;]<p>Alle Informationen zum Ticketverkauf stehen auf der<br \/><a href=\"\/ticketverkauf\/\">Ticket-Seite<\/a>.<br \/>Sollte es dort keine Tickets mehr geben, sind wir ausverkauft und ihr k\u00f6nnt es im kommenden Jahr zeitiger probieren \ud83d\ude42<\/p>[\/et_pb_accordion_item][et_pb_accordion_item title=&#8220;Hunde&#8220; _builder_version=&#8220;4.21.0&#8243; _module_preset=&#8220;default&#8220; global_colors_info=&#8220;{}&#8220; open=&#8220;off&#8220;]<div id=\"ac_9089_collapse4\" class=\"wpsm_panel-collapse collapse in\" aria-expanded=\"true\">\n<div class=\"wpsm_panel-body\">\n<h4>Warum der Hund besser zu Hause bleiben sollte?<\/h4>\n<p>Der tierische Freund des Menschen soll nat\u00fcrlich f\u00fcr Viele beim Festival unbedingt dabei sein, doch leider sind die laute Musik und die vielen Menschen auch keine stressfreie Umgebung f\u00fcr die meisten Hunde und wir denken hierbei nat\u00fcrlich auch an eure treuen, vierbeinigen Gef\u00e4hrten.<br \/>Ausl\u00f6ser f\u00fcr Stress bei Hunden k\u00f6nnen die unterschiedlichsten Situationen sein. Dazu z\u00e4hlen unter anderem laute Ger\u00e4usche, L\u00e4rm, das Alleinsein, eine starke Ver\u00e4nderung im Umfeld oder auch l\u00e4ngere Autofahrten. Dies sind Faktoren, die oft nicht zu meiden sind bei einem Festivalbesuch.<br \/>Wer also die M\u00f6glichkeit hat, den Hund in seinem gewohnten Umfeld verpflegen zu lassen oder bei Bekannten abzugeben f\u00fcr das Wochenende, sollte diese nutzen, damit sowohl Hund als auch Besitzer das Wochenende in vollen Z\u00fcgen und ohne Stress genie\u00dfen k\u00f6nnen.<\/p>\n<h4>Kann ich meinen Hund mitnehmen und muss er angeleint sein?<\/h4>\n<p>Ja und ja. Der beste Freund soll zum Auerworld-Festival nat\u00fcrlich nicht fehlen m\u00fcssen. Auch weiterhin wollen wir die Vierbeiner nat\u00fcrlich nicht vom bunten Treiben ausschlie\u00dfen, wobei wir jedoch auf einige \u00c4nderungen im Vergleich zu den letzten Jahren hinweisen m\u00fcssen.<br \/>In den vergangenen Jahren haben G\u00e4ste, Helfer und Security gelegentlich ver\u00e4ngstigte Hunde auf dem Auerworld-Gel\u00e4nde vorgefunden, deren Halter nur mit M\u00fche und Zeit aufgefunden werden konnten. Hinzu kamen wenige Vorf\u00e4lle, in denen freilaufende Hunde ein aggressives Verhalten zeigten und dadurch G\u00e4ste \u2013 zu denen auch Kinder z\u00e4hlen \u2013 ver\u00e4ngstigt haben.<br \/>Um diese Situationen auf dem Auerworld-Festival zu vermeiden, bitten wir euch \u2013 wie auf \u00f6ffentlichen Veranstaltungen Pflicht \u2013 euren Hund auf dem gesamten Festivalgel\u00e4nde (Zeltwiese und W\u00e4ldchen) an der Leine zu halten. Ebenso weisen wir darauf hin, dass dieses Jahr jeder Hund ein personalisiertes\/n Halsband\/Halsband-Anh\u00e4nger tragen muss. Hierauf m\u00fcssen deutlich erkennbar der Rufname des Hundes sowie eine Telefonnummer stehen, auf welcher die Besitzer zu jeder Zeit erreicht werden k\u00f6nnen. Dieser \u201eHunde-Ausweis\u201c wird am Eingang des Festivalgel\u00e4ndes \u00fcberpr\u00fcft. Bitte habt Verst\u00e4ndnis daf\u00fcr, dass wir nicht angeleinte Hunde ohne Rufnamen und Telefonnummer nicht auf das Gel\u00e4nde lassen k\u00f6nnen.<\/p>\n<p>Da unter unseren G\u00e4sten viele Kinder und Barfu\u00dfg\u00e4nger sind, achtet bitte auch darauf, dass das gesamte Gel\u00e4nde (Zeltwiese und W\u00e4ldchen) sauber bleibt und niemand durch Hinterlassenschaften der Hunde beeintr\u00e4chtigt wird.<\/p>\n<h4>Was ist sonst noch zu beachten, wenn der Hund mitkommt?<\/h4>\n<p>Tr\u00e4gt der Hund seinen Rufnamen und eure Nummer am Halsband und ist er an der Leine, so gibt es dennoch einige Sachen, auf die ihr w\u00e4hrend des Auerworld-Festivals achten solltet, damit sich der Vierbeiner m\u00f6glichst wohlf\u00fchlt.<\/p>\n<ul>\n<li>Bietet dem Hund die Gelegenheit f\u00fcr Ruhezeiten und achtet auf gen\u00fcgend Schatten in der Mittagshitze. (Ein geschlossenes Zelt oder Auto ist hier nicht geeignet!)<\/li>\n<li>Achtet auf Anzeichen f\u00fcr Stress: In der neuen Umgebung und unter zu vielen Menschen kann sich der Hund schnell \u00fcberfordert f\u00fchlen.<\/li>\n<li>Sorgt f\u00fcr ausreichend Verpflegung und Wasser w\u00e4hrend des Festivals.<\/li>\n<li>Lasst euren Hund nicht alleine. Reist am besten mit Freunden an, die sich auch dazu bereit erkl\u00e4ren mal f\u00fcr ein paar Stunden auf den Vierbeiner aufzupassen.<\/li>\n<li>Meidet laute Musik: Geht nicht mit eurem Hund direkt an den Lautsprechern vorbei, sondern setzt euch lieber abseits, sodass ihr die Musik aus einer Entfernung genie\u00dfen k\u00f6nnt, in der es eurem Hund nicht zu laut ist.<\/li>\n<\/ul>\n<\/div>\n<\/div>[\/et_pb_accordion_item][et_pb_accordion_item title=&#8220;Infrastruktur&#8220; _builder_version=&#8220;4.27.4&#8243; _module_preset=&#8220;default&#8220; hover_enabled=&#8220;0&#8243; global_colors_info=&#8220;{}&#8220; open=&#8220;off&#8220; sticky_enabled=&#8220;0&#8243;]<p><strong>Wasser<\/strong><br \/>Oberhalb des Weidenrutenpalastes, an der hinteren Br\u00fccke zum Zeltplatz und neben den Toilettenw\u00e4gen wird es Wasserstellen geben. Dort k\u00f6nnt Ihr Eure Kanister auff\u00fcllen. Spiegel sind auch da, sogar f\u00fcr die kleinen Auerworldler und Auerworldlerinnen. Dieses Jahr werden wir wieder an diesen Stellen gepr\u00fcftes und zertifiziertes Trinkwasser anbieten k\u00f6nnen, damit ihr nicht mehr zum Sportlerheim laufen m\u00fcsst.<\/p>\n<p><strong>Sanit\u00e4re Anlagen<\/strong><br \/>Es wird mobile Toilettenw\u00e4gen mit Toilettenpapier und frischem Duft geben. Wie letztes Jahr stehen euch daf\u00fcr drei gro\u00dfe W\u00e4gen auf dem Zeltplatz Verf\u00fcgung. Zus\u00e4tzlich gibt es ein H\u00e4uschen f\u00fcr Rollstuhlfahrer.<\/p>\n<p><strong>Waschstra\u00dfe<\/strong><br \/>Auch dieses Jahr wird es wieder eine separate Waschstra\u00dfe geben, wo ihr euer Besteck und Geschirr waschen k\u00f6nnt. Alle St\u00e4nde werden euch kein Einweg-Geschirr mehr ausgeben, deswegen bringt euch bitte selber Geschirr und eure Guten-Morgen-Kaffee-Tasse mit.<\/p>\n<p><strong>Duschen<\/strong><br \/>Es wird verschiedene Auerworld-Duschen auf dem Gel\u00e4nde geben. Bitte bringt keine tensidehaltigen Waschprodukte mit, da alles, was Ihr abduscht, in das Auerstedter Grundwasser geht und das findet die Umwelt nicht so gut. Wir versorgen Euch mit biologisch abbaubaren Produkten \u2013 die machen sauber und schonen Mutter Natur. Die Duschen sind auf jeden Fall ein Erlebnis: Zus\u00e4tzlich zum sch\u00f6nen neuen Duschwagen wird es wieder Open-Air-Duschen an der Wasserstelle am Zeltplatz geben.<\/p>\n<p><strong>Infowagen<\/strong><br \/>Auch dieses Jahr wird es wieder unseren Infobauwagen geben, wo euch bei jeder Frage geholfen werden kann. Au\u00dferdem k\u00f6nnt ihr dort kleine und gro\u00dfe Auerworld-Erinnerungsst\u00fccke erwerben.<\/p>[\/et_pb_accordion_item][et_pb_accordion_item title=&#8220;M\u00fcllentsorgung&#8220; _builder_version=&#8220;4.21.0&#8243; _module_preset=&#8220;default&#8220; global_colors_info=&#8220;{}&#8220; open=&#8220;off&#8220;]<p>Auf dem Gel\u00e4nde findet ihr M\u00fclltonnen an entsprechenden Stellen. Bitte achtet mit uns gemeinsam auf die Sauberkeit des Gel\u00e4ndes und der Zeltwiese. Es wird auch Container geben, in denen ihr auch schon w\u00e4hrend, aber insbesondere zum Ende des Festivals, euren M\u00fcll entsorgen k\u00f6nnt.<\/p>\n<p>Bitte bringt Euch Schraubgl\u00e4ser o. \u00e4. f\u00fcr Zigarettenstummel und Kronkorken mit, damit erleichtert Ihr uns die nachgelagerte M\u00fcll-Sammel-Aktion sehr und das Gel\u00e4nde wird es Euch danken.<\/p>[\/et_pb_accordion_item][et_pb_accordion_item title=&#8220;Packliste&#8220; _builder_version=&#8220;4.21.0&#8243; _module_preset=&#8220;default&#8220; global_colors_info=&#8220;{}&#8220; open=&#8220;off&#8220;]<div id=\"ac_9089_collapse7\" class=\"wpsm_panel-collapse collapse in\" aria-expanded=\"true\">\n<div class=\"wpsm_panel-body\">\n<ul>\n<li>Schlafsack oder Decke zum Einkuscheln nachts; Isomatte zum drauflegen; Zelt, falls es doch regnen sollte<\/li>\n<li>Zahnb\u00fcrste f\u00fcr die Z\u00e4hne; Handtuch zum abtrocknen<\/li>\n<li>Getr\u00e4nke und Essen, falls Du mehr w\u00fcnschst, als die Bar und die Essensst\u00e4nde bieten k\u00f6nnen<\/li>\n<li>Besteck, Geschirr und deine Guten-Morgen-Kaffeetasse, da es an den Essensst\u00e4nden kein Einweggeschirr geben wird<\/li>\n<li>Klamotten f\u00fcr ein Wochenende<\/li>\n<li>Dein Ticket, ausgedruckt oder auf dem Handy<\/li>\n<li>Kleidung und Dinge, die du im Traumtauschbaum verschenken m\u00f6chtest<\/li>\n<li>Ohrsch\u00fctzer f\u00fcr die Kleinsten<\/li>\n<li>Ganz viel Liebe und gute Laune!<\/li>\n<\/ul>\n<\/div>\n<\/div>[\/et_pb_accordion_item][\/et_pb_accordion][\/et_pb_column][\/et_pb_row][\/et_pb_section]\n","protected":false},"excerpt":{"rendered":"<p>Ein altes Sprichwort sagt: \u201eKinder sind unsere Zukunft\u201c. Diesem Sprichwort kann wohl jeder zustimmen. Der Umgang mit unseren Kindern offenbart uns unsere Zukunft.Deswegen bietet das Auerworld Festival sehr viel f\u00fcr unsere Kleinsten.Der Eintritt ist bis einschlie\u00dflich 14 Jahre quasi frei, es wird ein symbolischer Euro (1\u20ac) verlangt um den Ablauf beim Ticketkauf zu vereinfachen und [&hellip;]<\/p>\n","protected":false},"author":2,"featured_media":3004,"parent":0,"menu_order":0,"comment_status":"closed","ping_status":"closed","template":"","meta":{"_et_pb_use_builder":"on","_et_pb_old_content":"","_et_gb_content_width":"","footnotes":""},"folder":[29],"class_list":["post-121","page","type-page","status-publish","has-post-thumbnail","hentry"],"yoast_head":"<!-- This site is optimized with the Yoast SEO plugin v27.3 - https:\/\/yoast.com\/product\/yoast-seo-wordpress\/ -->\n<title>Informationen - Auerworld Festival<\/title>\n<meta name=\"description\" content=\"Alle wichtigen Informationen zum Auerworld Festival findet ihr hier in ihrer geballten Form: von Hundhaltung bis hin zum Umgang mit Feuer!\" \/>\n<meta name=\"robots\" content=\"index, follow, max-snippet:-1, max-image-preview:large, max-video-preview:-1\" \/>\n<link rel=\"canonical\" href=\"https:\/\/auerworld-festival.de\/en\/informationen\/\" \/>\n<meta property=\"og:locale\" content=\"en_GB\" \/>\n<meta property=\"og:type\" content=\"article\" \/>\n<meta property=\"og:title\" content=\"Informationen\" \/>\n<meta property=\"og:description\" content=\"Alle wichtigen Informationen zum Auerworld Festival findet ihr hier in ihrer geballten Form: von Hundhaltung bis hin zum Umgang mit Feuer!\" \/>\n<meta property=\"og:url\" content=\"https:\/\/auerworld-festival.de\/en\/informationen\/\" \/>\n<meta property=\"og:site_name\" content=\"Auerworld Festival\" \/>\n<meta property=\"article:publisher\" content=\"https:\/\/www.facebook.com\/auerworld.festival\/\" \/>\n<meta property=\"article:modified_time\" content=\"2026-04-10T15:49:29+00:00\" \/>\n<meta property=\"og:image\" content=\"https:\/\/auerworld-festival.de\/wp-content\/uploads\/Infostand.webp\" \/>\n\t<meta property=\"og:image:width\" content=\"2048\" \/>\n\t<meta property=\"og:image:height\" content=\"1365\" \/>\n\t<meta property=\"og:image:type\" content=\"image\/webp\" \/>\n<meta name=\"twitter:card\" content=\"summary_large_image\" \/>\n<meta name=\"twitter:title\" content=\"Informationen\" \/>\n<meta name=\"twitter:description\" content=\"Alle wichtigen Informationen zum Auerworld Festival findet ihr hier in ihrer geballten Form: von Hundhaltung bis hin zum Umgang mit Feuer!\" \/>\n<meta name=\"twitter:image\" content=\"https:\/\/auerworld-festival.de\/wp-content\/uploads\/Infostand.webp\" \/>\n<meta name=\"twitter:label1\" content=\"Estimated reading time\" \/>\n\t<meta name=\"twitter:data1\" content=\"8 minutes\" \/>\n<script type=\"application\/ld+json\" class=\"yoast-schema-graph\">{\"@context\":\"https:\\\/\\\/schema.org\",\"@graph\":[{\"@type\":\"WebPage\",\"@id\":\"https:\\\/\\\/auerworld-festival.de\\\/informationen\\\/\",\"url\":\"https:\\\/\\\/auerworld-festival.de\\\/informationen\\\/\",\"name\":\"Informationen - Auerworld Festival\",\"isPartOf\":{\"@id\":\"https:\\\/\\\/auerworld-festival.de\\\/#website\"},\"primaryImageOfPage\":{\"@id\":\"https:\\\/\\\/auerworld-festival.de\\\/informationen\\\/#primaryimage\"},\"image\":{\"@id\":\"https:\\\/\\\/auerworld-festival.de\\\/informationen\\\/#primaryimage\"},\"thumbnailUrl\":\"https:\\\/\\\/auerworld-festival.de\\\/wp-content\\\/uploads\\\/Infostand.webp\",\"datePublished\":\"2023-06-10T16:00:35+00:00\",\"dateModified\":\"2026-04-10T15:49:29+00:00\",\"description\":\"Alle wichtigen Informationen zum Auerworld Festival findet ihr hier in ihrer geballten Form: von Hundhaltung bis hin zum Umgang mit Feuer!\",\"breadcrumb\":{\"@id\":\"https:\\\/\\\/auerworld-festival.de\\\/informationen\\\/#breadcrumb\"},\"inLanguage\":\"en-GB\",\"potentialAction\":[{\"@type\":\"ReadAction\",\"target\":[\"https:\\\/\\\/auerworld-festival.de\\\/informationen\\\/\"]}]},{\"@type\":\"ImageObject\",\"inLanguage\":\"en-GB\",\"@id\":\"https:\\\/\\\/auerworld-festival.de\\\/informationen\\\/#primaryimage\",\"url\":\"https:\\\/\\\/auerworld-festival.de\\\/wp-content\\\/uploads\\\/Infostand.webp\",\"contentUrl\":\"https:\\\/\\\/auerworld-festival.de\\\/wp-content\\\/uploads\\\/Infostand.webp\",\"width\":2048,\"height\":1365,\"caption\":\"Infostand\"},{\"@type\":\"BreadcrumbList\",\"@id\":\"https:\\\/\\\/auerworld-festival.de\\\/informationen\\\/#breadcrumb\",\"itemListElement\":[{\"@type\":\"ListItem\",\"position\":1,\"name\":\"Start\",\"item\":\"https:\\\/\\\/auerworld-festival.de\\\/\"},{\"@type\":\"ListItem\",\"position\":2,\"name\":\"Informationen\"}]},{\"@type\":\"WebSite\",\"@id\":\"https:\\\/\\\/auerworld-festival.de\\\/#website\",\"url\":\"https:\\\/\\\/auerworld-festival.de\\\/\",\"name\":\"Auerworld Festival\",\"description\":\"Tanzen unter Weiden\",\"publisher\":{\"@id\":\"https:\\\/\\\/auerworld-festival.de\\\/#organization\"},\"potentialAction\":[{\"@type\":\"SearchAction\",\"target\":{\"@type\":\"EntryPoint\",\"urlTemplate\":\"https:\\\/\\\/auerworld-festival.de\\\/?s={search_term_string}\"},\"query-input\":{\"@type\":\"PropertyValueSpecification\",\"valueRequired\":true,\"valueName\":\"search_term_string\"}}],\"inLanguage\":\"en-GB\"},{\"@type\":\"Organization\",\"@id\":\"https:\\\/\\\/auerworld-festival.de\\\/#organization\",\"name\":\"Auerworld Festival\",\"url\":\"https:\\\/\\\/auerworld-festival.de\\\/\",\"logo\":{\"@type\":\"ImageObject\",\"inLanguage\":\"en-GB\",\"@id\":\"https:\\\/\\\/auerworld-festival.de\\\/#\\\/schema\\\/logo\\\/image\\\/\",\"url\":\"https:\\\/\\\/auerworld-festival.de\\\/wp-content\\\/uploads\\\/AWF-Logo.svg\",\"contentUrl\":\"https:\\\/\\\/auerworld-festival.de\\\/wp-content\\\/uploads\\\/AWF-Logo.svg\",\"width\":1,\"height\":1,\"caption\":\"Auerworld Festival\"},\"image\":{\"@id\":\"https:\\\/\\\/auerworld-festival.de\\\/#\\\/schema\\\/logo\\\/image\\\/\"},\"sameAs\":[\"https:\\\/\\\/www.facebook.com\\\/auerworld.festival\\\/\",\"https:\\\/\\\/www.instagram.com\\\/auerworld\\\/\"]}]}<\/script>\n<!-- \/ Yoast SEO plugin. -->","yoast_head_json":{"title":"Informationen - Auerworld Festival","description":"Alle wichtigen Informationen zum Auerworld Festival findet ihr hier in ihrer geballten Form: von Hundhaltung bis hin zum Umgang mit Feuer!","robots":{"index":"index","follow":"follow","max-snippet":"max-snippet:-1","max-image-preview":"max-image-preview:large","max-video-preview":"max-video-preview:-1"},"canonical":"https:\/\/auerworld-festival.de\/en\/informationen\/","og_locale":"en_GB","og_type":"article","og_title":"Informationen","og_description":"Alle wichtigen Informationen zum Auerworld Festival findet ihr hier in ihrer geballten Form: von Hundhaltung bis hin zum Umgang mit Feuer!","og_url":"https:\/\/auerworld-festival.de\/en\/informationen\/","og_site_name":"Auerworld Festival","article_publisher":"https:\/\/www.facebook.com\/auerworld.festival\/","article_modified_time":"2026-04-10T15:49:29+00:00","og_image":[{"width":2048,"height":1365,"url":"https:\/\/auerworld-festival.de\/wp-content\/uploads\/Infostand.webp","type":"image\/webp"}],"twitter_card":"summary_large_image","twitter_title":"Informationen","twitter_description":"Alle wichtigen Informationen zum Auerworld Festival findet ihr hier in ihrer geballten Form: von Hundhaltung bis hin zum Umgang mit Feuer!","twitter_image":"https:\/\/auerworld-festival.de\/wp-content\/uploads\/Infostand.webp","twitter_misc":{"Estimated reading time":"8 minutes"},"schema":{"@context":"https:\/\/schema.org","@graph":[{"@type":"WebPage","@id":"https:\/\/auerworld-festival.de\/informationen\/","url":"https:\/\/auerworld-festival.de\/informationen\/","name":"Informationen - Auerworld Festival","isPartOf":{"@id":"https:\/\/auerworld-festival.de\/#website"},"primaryImageOfPage":{"@id":"https:\/\/auerworld-festival.de\/informationen\/#primaryimage"},"image":{"@id":"https:\/\/auerworld-festival.de\/informationen\/#primaryimage"},"thumbnailUrl":"https:\/\/auerworld-festival.de\/wp-content\/uploads\/Infostand.webp","datePublished":"2023-06-10T16:00:35+00:00","dateModified":"2026-04-10T15:49:29+00:00","description":"Alle wichtigen Informationen zum Auerworld Festival findet ihr hier in ihrer geballten Form: von Hundhaltung bis hin zum Umgang mit Feuer!","breadcrumb":{"@id":"https:\/\/auerworld-festival.de\/informationen\/#breadcrumb"},"inLanguage":"en-GB","potentialAction":[{"@type":"ReadAction","target":["https:\/\/auerworld-festival.de\/informationen\/"]}]},{"@type":"ImageObject","inLanguage":"en-GB","@id":"https:\/\/auerworld-festival.de\/informationen\/#primaryimage","url":"https:\/\/auerworld-festival.de\/wp-content\/uploads\/Infostand.webp","contentUrl":"https:\/\/auerworld-festival.de\/wp-content\/uploads\/Infostand.webp","width":2048,"height":1365,"caption":"Infostand"},{"@type":"BreadcrumbList","@id":"https:\/\/auerworld-festival.de\/informationen\/#breadcrumb","itemListElement":[{"@type":"ListItem","position":1,"name":"Start","item":"https:\/\/auerworld-festival.de\/"},{"@type":"ListItem","position":2,"name":"Informationen"}]},{"@type":"WebSite","@id":"https:\/\/auerworld-festival.de\/#website","url":"https:\/\/auerworld-festival.de\/","name":"Auerworld Festival","description":"Tanzen unter Weiden","publisher":{"@id":"https:\/\/auerworld-festival.de\/#organization"},"potentialAction":[{"@type":"SearchAction","target":{"@type":"EntryPoint","urlTemplate":"https:\/\/auerworld-festival.de\/?s={search_term_string}"},"query-input":{"@type":"PropertyValueSpecification","valueRequired":true,"valueName":"search_term_string"}}],"inLanguage":"en-GB"},{"@type":"Organization","@id":"https:\/\/auerworld-festival.de\/#organization","name":"Auerworld Festival","url":"https:\/\/auerworld-festival.de\/","logo":{"@type":"ImageObject","inLanguage":"en-GB","@id":"https:\/\/auerworld-festival.de\/#\/schema\/logo\/image\/","url":"https:\/\/auerworld-festival.de\/wp-content\/uploads\/AWF-Logo.svg","contentUrl":"https:\/\/auerworld-festival.de\/wp-content\/uploads\/AWF-Logo.svg","width":1,"height":1,"caption":"Auerworld Festival"},"image":{"@id":"https:\/\/auerworld-festival.de\/#\/schema\/logo\/image\/"},"sameAs":["https:\/\/www.facebook.com\/auerworld.festival\/","https:\/\/www.instagram.com\/auerworld\/"]}]}},"_links":{"self":[{"href":"https:\/\/auerworld-festival.de\/en\/wp-json\/wp\/v2\/pages\/121","targetHints":{"allow":["GET"]}}],"collection":[{"href":"https:\/\/auerworld-festival.de\/en\/wp-json\/wp\/v2\/pages"}],"about":[{"href":"https:\/\/auerworld-festival.de\/en\/wp-json\/wp\/v2\/types\/page"}],"author":[{"embeddable":true,"href":"https:\/\/auerworld-festival.de\/en\/wp-json\/wp\/v2\/users\/2"}],"replies":[{"embeddable":true,"href":"https:\/\/auerworld-festival.de\/en\/wp-json\/wp\/v2\/comments?post=121"}],"version-history":[{"count":22,"href":"https:\/\/auerworld-festival.de\/en\/wp-json\/wp\/v2\/pages\/121\/revisions"}],"predecessor-version":[{"id":4237,"href":"https:\/\/auerworld-festival.de\/en\/wp-json\/wp\/v2\/pages\/121\/revisions\/4237"}],"wp:featuredmedia":[{"embeddable":true,"href":"https:\/\/auerworld-festival.de\/en\/wp-json\/wp\/v2\/media\/3004"}],"wp:attachment":[{"href":"https:\/\/auerworld-festival.de\/en\/wp-json\/wp\/v2\/media?parent=121"}],"wp:term":[{"taxonomy":"folder","embeddable":true,"href":"https:\/\/auerworld-festival.de\/en\/wp-json\/wp\/v2\/folder?post=121"}],"curies":[{"name":"wp","href":"https:\/\/api.w.org\/{rel}","templated":true}]}}